{"id":376128,"date":"2025-05-18T20:56:02","date_gmt":"2025-05-18T20:56:02","guid":{"rendered":"https:\/\/staging2.stylingagenten.com\/no\/produkt\/cristiano-ronaldo-cr7-edt-100ml\/"},"modified":"2026-04-05T02:38:39","modified_gmt":"2026-04-05T02:38:39","slug":"cristiano-ronaldo-cr7-edt-100ml","status":"publish","type":"product","link":"https:\/\/stylingagenten.com\/no\/produkt\/cristiano-ronaldo-cr7-edt-100ml\/","title":{"rendered":"Cristiano Ronaldo CR7 Edt 100ml"},"content":{"rendered":"<p>Cristiano Ronaldo CR7 Edt er en klassisk herreparfyme med en varm, treaktig duft fra Cristiano Ronaldo, som i motsetning til tidligere lanseringer henter inspirasjon fra stjernens fotballkarriere. Nummer 7 er draktnummeret for Real Madrid. CR7 EdT er ogs\u00e5 navnet p\u00e5 Cristiano Ronaldos sportsmerke, som n\u00e5 ogs\u00e5 inkluderer et hotellkompleks. Den \u00e5pner friskt og utvikler seg til en krydret, varm duft med s\u00f8te innslag.<\/p>\n<p>Toppnoter: Artemisia, Bergamot, Kardemomme, Lavendel<\/p>\n<p>Hjertenoter: Sedertre, Iris, Kanel, Tobakk<\/p>\n<p>Bunnoter: Amber, Musk, Sandeltre, Vanilje<\/p>\n<p>100 ml<\/p>\n","protected":false},"excerpt":{"rendered":"<p>Cristiano Ronaldo CR7 Edt er en klassisk herreparfyme med en varm, treaktig duft fra Cristiano Ronaldo, som i motsetning til tidligere lanseringer henter inspirasjon fra stjernens fotballkarriere. Nummer 7 er draktnummeret for Real Madrid. CR7 EdT er ogs\u00e5 navnet p\u00e5 Cristiano Ronaldos sportsmerke, som n\u00e5 ogs\u00e5 inkluderer et hotellkompleks. Den \u00e5pner friskt og utvikler seg [&hellip;]<\/p>\n","protected":false},"featured_media":376113,"comment_status":"open","ping_status":"closed","template":"","meta":{"_trash_the_other_posts":false},"product_brand":[],"product_cat":[709,735,1000],"product_tag":[2743],"berocket_brand":[1141],"class_list":{"0":"post-376128","1":"product","2":"type-product","3":"status-publish","4":"has-post-thumbnail","6":"product_cat-eau-de-toilette-herre","7":"product_cat-kampanje","8":"product_cat-kampanjetilbud-for-ham","9":"product_tag-cristiano-ronaldo-cr7-edt","10":"pa_brand-cristiano-ronaldo","11":"pa_variant-100ml","12":"berocket_brand-cristiano-ronaldo","14":"first","15":"instock","16":"sale","17":"taxable","18":"shipping-taxable","19":"purchasable","20":"product-type-simple"},"_links":{"self":[{"href":"https:\/\/stylingagenten.com\/no\/wp-json\/wp\/v2\/product\/376128","targetHints":{"allow":["GET"]}}],"collection":[{"href":"https:\/\/stylingagenten.com\/no\/wp-json\/wp\/v2\/product"}],"about":[{"href":"https:\/\/stylingagenten.com\/no\/wp-json\/wp\/v2\/types\/product"}],"replies":[{"embeddable":true,"href":"https:\/\/stylingagenten.com\/no\/wp-json\/wp\/v2\/comments?post=376128"}],"version-history":[{"count":0,"href":"https:\/\/stylingagenten.com\/no\/wp-json\/wp\/v2\/product\/376128\/revisions"}],"wp:featuredmedia":[{"embeddable":true,"href":"https:\/\/stylingagenten.com\/no\/wp-json\/wp\/v2\/media\/376113"}],"wp:attachment":[{"href":"https:\/\/stylingagenten.com\/no\/wp-json\/wp\/v2\/media?parent=376128"}],"wp:term":[{"taxonomy":"product_brand","embeddable":true,"href":"https:\/\/stylingagenten.com\/no\/wp-json\/wp\/v2\/product_brand?post=376128"},{"taxonomy":"product_cat","embeddable":true,"href":"https:\/\/stylingagenten.com\/no\/wp-json\/wp\/v2\/product_cat?post=376128"},{"taxonomy":"product_tag","embeddable":true,"href":"https:\/\/stylingagenten.com\/no\/wp-json\/wp\/v2\/product_tag?post=376128"},{"taxonomy":"berocket_brand","embeddable":true,"href":"https:\/\/stylingagenten.com\/no\/wp-json\/wp\/v2\/berocket_brand?post=376128"}],"curies":[{"name":"wp","href":"https:\/\/api.w.org\/{rel}","templated":true}]}}