{"id":376120,"date":"2025-05-18T20:56:01","date_gmt":"2025-05-18T20:56:01","guid":{"rendered":"https:\/\/staging2.stylingagenten.com\/no\/produkt\/coach-green-edt-60ml\/"},"modified":"2026-04-04T15:28:32","modified_gmt":"2026-04-04T15:28:32","slug":"coach-green-edt-60ml","status":"publish","type":"product","link":"https:\/\/stylingagenten.com\/no\/produkt\/coach-green-edt-60ml\/","title":{"rendered":"Coach Green Edt 60ml"},"content":{"rendered":"<p>Coach Green er en Eau de Toilette fra Coach som er inspirert av den avslappende f\u00f8lelsen av livlige gr\u00f8nne oaser midt i byens dynamiske energi.<\/p>\n<p>Coach har fanget denne f\u00f8lelsen med en signaturduft som gir den perfekte balansen mellom en livlig by\u00e5nd og en naturlig, tidl\u00f8s opplevelse. Duften \u00e5pner med en forfriskende toppnote av saftig kiwi og frisk bergamot, forsterket av aromatiske noter av rosmarin og geranium, f\u00f8r den avsluttes med en jordaktig basenote av maskulint sedertre.<\/p>\n<p>Toppnoter: Kiwiakkord og bergamot.<\/p>\n<p>Hjertenoter: Rosmarin.<\/p>\n<p>Bunnoter: Krystallmosse og sedertre.<\/p>\n<p>60 ml<\/p>\n","protected":false},"excerpt":{"rendered":"<p>Coach Green er en Eau de Toilette fra Coach som er inspirert av den avslappende f\u00f8lelsen av livlige gr\u00f8nne oaser midt i byens dynamiske energi. Coach har fanget denne f\u00f8lelsen med en signaturduft som gir den perfekte balansen mellom en livlig by\u00e5nd og en naturlig, tidl\u00f8s opplevelse. Duften \u00e5pner med en forfriskende toppnote av saftig [&hellip;]<\/p>\n","protected":false},"featured_media":376079,"comment_status":"open","ping_status":"closed","template":"","meta":{"_trash_the_other_posts":false},"product_brand":[],"product_cat":[709,735,1000],"product_tag":[],"berocket_brand":[1991],"class_list":{"0":"post-376120","1":"product","2":"type-product","3":"status-publish","4":"has-post-thumbnail","6":"product_cat-eau-de-toilette-herre","7":"product_cat-kampanje","8":"product_cat-kampanjetilbud-for-ham","9":"pa_brand-coach","10":"berocket_brand-coach","12":"first","13":"instock","14":"sale","15":"taxable","16":"shipping-taxable","17":"purchasable","18":"product-type-simple"},"_links":{"self":[{"href":"https:\/\/stylingagenten.com\/no\/wp-json\/wp\/v2\/product\/376120","targetHints":{"allow":["GET"]}}],"collection":[{"href":"https:\/\/stylingagenten.com\/no\/wp-json\/wp\/v2\/product"}],"about":[{"href":"https:\/\/stylingagenten.com\/no\/wp-json\/wp\/v2\/types\/product"}],"replies":[{"embeddable":true,"href":"https:\/\/stylingagenten.com\/no\/wp-json\/wp\/v2\/comments?post=376120"}],"version-history":[{"count":0,"href":"https:\/\/stylingagenten.com\/no\/wp-json\/wp\/v2\/product\/376120\/revisions"}],"wp:featuredmedia":[{"embeddable":true,"href":"https:\/\/stylingagenten.com\/no\/wp-json\/wp\/v2\/media\/376079"}],"wp:attachment":[{"href":"https:\/\/stylingagenten.com\/no\/wp-json\/wp\/v2\/media?parent=376120"}],"wp:term":[{"taxonomy":"product_brand","embeddable":true,"href":"https:\/\/stylingagenten.com\/no\/wp-json\/wp\/v2\/product_brand?post=376120"},{"taxonomy":"product_cat","embeddable":true,"href":"https:\/\/stylingagenten.com\/no\/wp-json\/wp\/v2\/product_cat?post=376120"},{"taxonomy":"product_tag","embeddable":true,"href":"https:\/\/stylingagenten.com\/no\/wp-json\/wp\/v2\/product_tag?post=376120"},{"taxonomy":"berocket_brand","embeddable":true,"href":"https:\/\/stylingagenten.com\/no\/wp-json\/wp\/v2\/berocket_brand?post=376120"}],"curies":[{"name":"wp","href":"https:\/\/api.w.org\/{rel}","templated":true}]}}