{"id":376082,"date":"2025-05-18T20:55:57","date_gmt":"2025-05-18T20:55:57","guid":{"rendered":"https:\/\/staging2.stylingagenten.com\/no\/produkt\/burberry-weekend-edt-50ml\/"},"modified":"2026-03-11T21:53:50","modified_gmt":"2026-03-11T21:53:50","slug":"burberry-weekend-edt-50ml","status":"publish","type":"product","link":"https:\/\/stylingagenten.com\/no\/produkt\/burberry-weekend-edt-50ml\/","title":{"rendered":"Burberry Weekend Edt 50ml"},"content":{"rendered":"<p>Glem hverdagens bekymringer og nyt avslapning og frihet. Burberry Weekend for Men Eau de Toilette gir deg forfriskende velv\u00e6re og optimisme hver dag.<\/p>\n<p>F\u00f8rst f\u00e5r du en oppfriskning med en sitrusb\u00f8lge av grapefrukt, bergamot, mandarin og sitron, blandet med vannmelon og ananas. Etter denne fruktige cocktailen opplever du en unik kombinasjon av varmt sandeltre, lett ef\u00f8y og maskulin eikemose. Du vil ogs\u00e5 kjenne dype og fengslende noter av delikat honning, amber og forf\u00f8rende musk.<\/p>\n<p>Toppnoter: Bergamot, Sitron, Ananas, Mandarin, Melon, Grapefrukt<\/p>\n<p>Hjertenoter: Ef\u00f8y, Sloeb\u00e6r, Sandeltre<\/p>\n<p>Bunnoter: Musk, Amber, Honning<\/p>\n<p>50 ml<\/p>\n","protected":false},"excerpt":{"rendered":"<p>Glem hverdagens bekymringer og nyt avslapning og frihet. Burberry Weekend for Men Eau de Toilette gir deg forfriskende velv\u00e6re og optimisme hver dag. F\u00f8rst f\u00e5r du en oppfriskning med en sitrusb\u00f8lge av grapefrukt, bergamot, mandarin og sitron, blandet med vannmelon og ananas. Etter denne fruktige cocktailen opplever du en unik kombinasjon av varmt sandeltre, lett [&hellip;]<\/p>\n","protected":false},"featured_media":376074,"comment_status":"open","ping_status":"closed","template":"","meta":{"_trash_the_other_posts":false},"product_brand":[],"product_cat":[709,735,1000],"product_tag":[],"berocket_brand":[1017],"class_list":{"0":"post-376082","1":"product","2":"type-product","3":"status-publish","4":"has-post-thumbnail","6":"product_cat-eau-de-toilette-herre","7":"product_cat-kampanje","8":"product_cat-kampanjetilbud-for-ham","9":"pa_brand-burberry","10":"berocket_brand-burberry","12":"first","13":"instock","14":"sale","15":"taxable","16":"shipping-taxable","17":"purchasable","18":"product-type-simple"},"_links":{"self":[{"href":"https:\/\/stylingagenten.com\/no\/wp-json\/wp\/v2\/product\/376082","targetHints":{"allow":["GET"]}}],"collection":[{"href":"https:\/\/stylingagenten.com\/no\/wp-json\/wp\/v2\/product"}],"about":[{"href":"https:\/\/stylingagenten.com\/no\/wp-json\/wp\/v2\/types\/product"}],"replies":[{"embeddable":true,"href":"https:\/\/stylingagenten.com\/no\/wp-json\/wp\/v2\/comments?post=376082"}],"version-history":[{"count":0,"href":"https:\/\/stylingagenten.com\/no\/wp-json\/wp\/v2\/product\/376082\/revisions"}],"wp:featuredmedia":[{"embeddable":true,"href":"https:\/\/stylingagenten.com\/no\/wp-json\/wp\/v2\/media\/376074"}],"wp:attachment":[{"href":"https:\/\/stylingagenten.com\/no\/wp-json\/wp\/v2\/media?parent=376082"}],"wp:term":[{"taxonomy":"product_brand","embeddable":true,"href":"https:\/\/stylingagenten.com\/no\/wp-json\/wp\/v2\/product_brand?post=376082"},{"taxonomy":"product_cat","embeddable":true,"href":"https:\/\/stylingagenten.com\/no\/wp-json\/wp\/v2\/product_cat?post=376082"},{"taxonomy":"product_tag","embeddable":true,"href":"https:\/\/stylingagenten.com\/no\/wp-json\/wp\/v2\/product_tag?post=376082"},{"taxonomy":"berocket_brand","embeddable":true,"href":"https:\/\/stylingagenten.com\/no\/wp-json\/wp\/v2\/berocket_brand?post=376082"}],"curies":[{"name":"wp","href":"https:\/\/api.w.org\/{rel}","templated":true}]}}