{"id":376070,"date":"2025-05-18T20:55:55","date_gmt":"2025-05-18T20:55:55","guid":{"rendered":"https:\/\/staging2.stylingagenten.com\/no\/produkt\/gucci-guilty-pour-homme-edp-150ml\/"},"modified":"2026-04-14T02:08:42","modified_gmt":"2026-04-14T02:08:42","slug":"gucci-guilty-pour-homme-edp-150ml","status":"publish","type":"product","link":"https:\/\/stylingagenten.com\/no\/produkt\/gucci-guilty-pour-homme-edp-150ml\/","title":{"rendered":"Gucci Guilty Pour Homme Edp 150ml"},"content":{"rendered":"<p>Gucci Guilty Pour Homme Eau de Parfum er en fengslende og overraskende duft, skapt for \u00e5 provosere, med aromatiske noter av tre og krydder.<\/p>\n<p>En nytolkning av to klassiske ingredienser som var popul\u00e6re p\u00e5 1970-tallet, rose og chilipepper, erstatter originalduftens toppnoter av ros\u00e9pepper og italiensk sitron, noe som gir en uventet og forfriskende retrof\u00f8lelse. Den varme, krydrede duften av r\u00f8d chilipepper st\u00e5r i kontrast til den bitre, aromatiske friskheten av eddik og salt, noe som gir en uventet vri. Neroli, fransk lavendel og appelsinblomst-absolutt utvikler hjertenotene og gir et sterkere, mer intenst maskulint inntrykk. Duften avrundes med en fyldig og sensuell base av patchouli og sedertre.<\/p>\n<p>Toppnoter: Rose &amp; chilipepper<br \/>Hjertenoter: Neroli, lavendel &amp; appelsinblomst-absolutt<br \/>Basenoter: Patchouli &amp; sedertre<\/p>\n<p>150 ml<\/p>\n","protected":false},"excerpt":{"rendered":"<p>Gucci Guilty Pour Homme Eau de Parfum er en fengslende og overraskende duft, skapt for \u00e5 provosere, med aromatiske noter av tre og krydder. En nytolkning av to klassiske ingredienser som var popul\u00e6re p\u00e5 1970-tallet, rose og chilipepper, erstatter originalduftens toppnoter av ros\u00e9pepper og italiensk sitron, noe som gir en uventet og forfriskende retrof\u00f8lelse. Den [&hellip;]<\/p>\n","protected":false},"featured_media":376042,"comment_status":"open","ping_status":"closed","template":"","meta":{"_trash_the_other_posts":false},"product_brand":[],"product_cat":[708,735,1000],"product_tag":[2938],"berocket_brand":[1329],"class_list":{"0":"post-376070","1":"product","2":"type-product","3":"status-publish","4":"has-post-thumbnail","6":"product_cat-eau-de-parfum-herr","7":"product_cat-kampanje","8":"product_cat-kampanjetilbud-for-ham","9":"product_tag-gucci-guilty-pour-homme-edp","10":"pa_brand-gucci","11":"pa_variant-150ml","12":"berocket_brand-gucci","14":"first","15":"outofstock","16":"sale","17":"taxable","18":"shipping-taxable","19":"purchasable","20":"product-type-simple"},"_links":{"self":[{"href":"https:\/\/stylingagenten.com\/no\/wp-json\/wp\/v2\/product\/376070","targetHints":{"allow":["GET"]}}],"collection":[{"href":"https:\/\/stylingagenten.com\/no\/wp-json\/wp\/v2\/product"}],"about":[{"href":"https:\/\/stylingagenten.com\/no\/wp-json\/wp\/v2\/types\/product"}],"replies":[{"embeddable":true,"href":"https:\/\/stylingagenten.com\/no\/wp-json\/wp\/v2\/comments?post=376070"}],"version-history":[{"count":0,"href":"https:\/\/stylingagenten.com\/no\/wp-json\/wp\/v2\/product\/376070\/revisions"}],"wp:featuredmedia":[{"embeddable":true,"href":"https:\/\/stylingagenten.com\/no\/wp-json\/wp\/v2\/media\/376042"}],"wp:attachment":[{"href":"https:\/\/stylingagenten.com\/no\/wp-json\/wp\/v2\/media?parent=376070"}],"wp:term":[{"taxonomy":"product_brand","embeddable":true,"href":"https:\/\/stylingagenten.com\/no\/wp-json\/wp\/v2\/product_brand?post=376070"},{"taxonomy":"product_cat","embeddable":true,"href":"https:\/\/stylingagenten.com\/no\/wp-json\/wp\/v2\/product_cat?post=376070"},{"taxonomy":"product_tag","embeddable":true,"href":"https:\/\/stylingagenten.com\/no\/wp-json\/wp\/v2\/product_tag?post=376070"},{"taxonomy":"berocket_brand","embeddable":true,"href":"https:\/\/stylingagenten.com\/no\/wp-json\/wp\/v2\/berocket_brand?post=376070"}],"curies":[{"name":"wp","href":"https:\/\/api.w.org\/{rel}","templated":true}]}}