{"id":376066,"date":"2025-05-18T20:55:55","date_gmt":"2025-05-18T20:55:55","guid":{"rendered":"https:\/\/staging2.stylingagenten.com\/no\/produkt\/hermes-terre-dhermes-edt-30ml\/"},"modified":"2026-03-11T22:01:09","modified_gmt":"2026-03-11T22:01:09","slug":"hermes-terre-dhermes-edt-30ml","status":"publish","type":"product","link":"https:\/\/stylingagenten.com\/no\/produkt\/hermes-terre-dhermes-edt-30ml\/","title":{"rendered":"Hermes Terre d&#8217;Hermes Edt 30ml"},"content":{"rendered":"<p>Herm\u00e8s Terre d\u2019Herm\u00e8s beskrives som en reise gjennom flere elementer og blander glitrende sitrusnoter, mineralske nyanser av flint og b\u00f8lger av vegetale og krydrede akkorder.<\/p>\n<p>Duftnoter: Grapefrukt, Appelsin, Flint, Pepper, Ros\u00e9pepper, Geraniumblad, Patchouli, Sedertre, Vetiver &amp; Benzoin.<\/p>\n<p>30ml<\/p>\n","protected":false},"excerpt":{"rendered":"<p>Herm\u00e8s Terre d\u2019Herm\u00e8s beskrives som en reise gjennom flere elementer og blander glitrende sitrusnoter, mineralske nyanser av flint og b\u00f8lger av vegetale og krydrede akkorder. Duftnoter: Grapefrukt, Appelsin, Flint, Pepper, Ros\u00e9pepper, Geraniumblad, Patchouli, Sedertre, Vetiver &amp; Benzoin. 30ml<\/p>\n","protected":false},"featured_media":376065,"comment_status":"open","ping_status":"closed","template":"","meta":{"_trash_the_other_posts":false},"product_brand":[],"product_cat":[709,735,1000],"product_tag":[2962],"berocket_brand":[1337],"class_list":{"0":"post-376066","1":"product","2":"type-product","3":"status-publish","4":"has-post-thumbnail","6":"product_cat-eau-de-toilette-herre","7":"product_cat-kampanje","8":"product_cat-kampanjetilbud-for-ham","9":"product_tag-hermes-terre-dhermes-edt","10":"pa_brand-hermes","11":"pa_variant-30ml","12":"berocket_brand-hermes","14":"first","15":"instock","16":"sale","17":"taxable","18":"shipping-taxable","19":"purchasable","20":"product-type-simple"},"_links":{"self":[{"href":"https:\/\/stylingagenten.com\/no\/wp-json\/wp\/v2\/product\/376066","targetHints":{"allow":["GET"]}}],"collection":[{"href":"https:\/\/stylingagenten.com\/no\/wp-json\/wp\/v2\/product"}],"about":[{"href":"https:\/\/stylingagenten.com\/no\/wp-json\/wp\/v2\/types\/product"}],"replies":[{"embeddable":true,"href":"https:\/\/stylingagenten.com\/no\/wp-json\/wp\/v2\/comments?post=376066"}],"version-history":[{"count":0,"href":"https:\/\/stylingagenten.com\/no\/wp-json\/wp\/v2\/product\/376066\/revisions"}],"wp:featuredmedia":[{"embeddable":true,"href":"https:\/\/stylingagenten.com\/no\/wp-json\/wp\/v2\/media\/376065"}],"wp:attachment":[{"href":"https:\/\/stylingagenten.com\/no\/wp-json\/wp\/v2\/media?parent=376066"}],"wp:term":[{"taxonomy":"product_brand","embeddable":true,"href":"https:\/\/stylingagenten.com\/no\/wp-json\/wp\/v2\/product_brand?post=376066"},{"taxonomy":"product_cat","embeddable":true,"href":"https:\/\/stylingagenten.com\/no\/wp-json\/wp\/v2\/product_cat?post=376066"},{"taxonomy":"product_tag","embeddable":true,"href":"https:\/\/stylingagenten.com\/no\/wp-json\/wp\/v2\/product_tag?post=376066"},{"taxonomy":"berocket_brand","embeddable":true,"href":"https:\/\/stylingagenten.com\/no\/wp-json\/wp\/v2\/berocket_brand?post=376066"}],"curies":[{"name":"wp","href":"https:\/\/api.w.org\/{rel}","templated":true}]}}