{"id":376062,"date":"2025-05-18T20:55:54","date_gmt":"2025-05-18T20:55:54","guid":{"rendered":"https:\/\/staging2.stylingagenten.com\/no\/produkt\/milano-man-edt-50ml\/"},"modified":"2026-04-08T18:49:08","modified_gmt":"2026-04-08T18:49:08","slug":"milano-man-edt-50ml","status":"publish","type":"product","link":"https:\/\/stylingagenten.com\/no\/produkt\/milano-man-edt-50ml\/","title":{"rendered":"Milano Man Edt 50ml"},"content":{"rendered":"<p>Milano Man Edt \u00e5pner med friske noter av grapefrukt, mandarin og marine akkorder, som f\u00f8rer til et elegant hjerte av laurb\u00e6r og jasmin. Til slutt en sl\u00e5ende kombinasjon av guajaktre, eikemose, patchouli og amber.<\/p>\n<p>50ml<\/p>\n","protected":false},"excerpt":{"rendered":"<p>Milano Man Edt \u00e5pner med friske noter av grapefrukt, mandarin og marine akkorder, som f\u00f8rer til et elegant hjerte av laurb\u00e6r og jasmin. Til slutt en sl\u00e5ende kombinasjon av guajaktre, eikemose, patchouli og amber. 50ml<\/p>\n","protected":false},"featured_media":376056,"comment_status":"open","ping_status":"closed","template":"","meta":{"_trash_the_other_posts":false},"product_brand":[],"product_cat":[709,735,1000],"product_tag":[],"berocket_brand":[1993],"class_list":{"0":"post-376062","1":"product","2":"type-product","3":"status-publish","4":"has-post-thumbnail","6":"product_cat-eau-de-toilette-herre","7":"product_cat-kampanje","8":"product_cat-kampanjetilbud-for-ham","9":"pa_brand-milano","10":"berocket_brand-milano","12":"first","13":"instock","14":"sale","15":"taxable","16":"shipping-taxable","17":"purchasable","18":"product-type-simple"},"_links":{"self":[{"href":"https:\/\/stylingagenten.com\/no\/wp-json\/wp\/v2\/product\/376062","targetHints":{"allow":["GET"]}}],"collection":[{"href":"https:\/\/stylingagenten.com\/no\/wp-json\/wp\/v2\/product"}],"about":[{"href":"https:\/\/stylingagenten.com\/no\/wp-json\/wp\/v2\/types\/product"}],"replies":[{"embeddable":true,"href":"https:\/\/stylingagenten.com\/no\/wp-json\/wp\/v2\/comments?post=376062"}],"version-history":[{"count":0,"href":"https:\/\/stylingagenten.com\/no\/wp-json\/wp\/v2\/product\/376062\/revisions"}],"wp:featuredmedia":[{"embeddable":true,"href":"https:\/\/stylingagenten.com\/no\/wp-json\/wp\/v2\/media\/376056"}],"wp:attachment":[{"href":"https:\/\/stylingagenten.com\/no\/wp-json\/wp\/v2\/media?parent=376062"}],"wp:term":[{"taxonomy":"product_brand","embeddable":true,"href":"https:\/\/stylingagenten.com\/no\/wp-json\/wp\/v2\/product_brand?post=376062"},{"taxonomy":"product_cat","embeddable":true,"href":"https:\/\/stylingagenten.com\/no\/wp-json\/wp\/v2\/product_cat?post=376062"},{"taxonomy":"product_tag","embeddable":true,"href":"https:\/\/stylingagenten.com\/no\/wp-json\/wp\/v2\/product_tag?post=376062"},{"taxonomy":"berocket_brand","embeddable":true,"href":"https:\/\/stylingagenten.com\/no\/wp-json\/wp\/v2\/berocket_brand?post=376062"}],"curies":[{"name":"wp","href":"https:\/\/api.w.org\/{rel}","templated":true}]}}