{"id":376058,"date":"2025-05-18T20:55:53","date_gmt":"2025-05-18T20:55:53","guid":{"rendered":"https:\/\/staging2.stylingagenten.com\/no\/produkt\/milano-man-nuit-edt-50ml\/"},"modified":"2026-04-10T06:58:54","modified_gmt":"2026-04-10T06:58:54","slug":"milano-man-nuit-edt-50ml","status":"publish","type":"product","link":"https:\/\/stylingagenten.com\/no\/produkt\/milano-man-nuit-edt-50ml\/","title":{"rendered":"Milano Man Nuit Edt 50ml"},"content":{"rendered":"<p>Opplev elegansen og sofistikeringen til Milano Man Nuit Eau De Toilette Pour Homme Aftershave. Denne luksuri\u00f8se duften er perfekt for den stilige mannen som setter pris p\u00e5 fine dufter.<\/p>\n<p>Med toppnoter av bergamot og krydret svart pepper \u00e5pner denne Eau de Toilette med en eksplosjon av energi og spenning. Hjertenotene best\u00e5r av en rik blanding av maskuline blomster og varm amber, som skaper en f\u00f8lelse av dybde og kompleksitet. Basen i duften er forankret i treaktige noter av sedertre og musk, noe som gir den en sterk og langvarig avslutning.<\/p>\n<p>50ml<\/p>\n","protected":false},"excerpt":{"rendered":"<p>Opplev elegansen og sofistikeringen til Milano Man Nuit Eau De Toilette Pour Homme Aftershave. Denne luksuri\u00f8se duften er perfekt for den stilige mannen som setter pris p\u00e5 fine dufter. Med toppnoter av bergamot og krydret svart pepper \u00e5pner denne Eau de Toilette med en eksplosjon av energi og spenning. Hjertenotene best\u00e5r av en rik blanding [&hellip;]<\/p>\n","protected":false},"featured_media":376055,"comment_status":"open","ping_status":"closed","template":"","meta":{"_trash_the_other_posts":false},"product_brand":[],"product_cat":[709,735,1000],"product_tag":[],"berocket_brand":[1993],"class_list":{"0":"post-376058","1":"product","2":"type-product","3":"status-publish","4":"has-post-thumbnail","6":"product_cat-eau-de-toilette-herre","7":"product_cat-kampanje","8":"product_cat-kampanjetilbud-for-ham","9":"pa_brand-milano","10":"berocket_brand-milano","12":"first","13":"instock","14":"sale","15":"taxable","16":"shipping-taxable","17":"purchasable","18":"product-type-simple"},"_links":{"self":[{"href":"https:\/\/stylingagenten.com\/no\/wp-json\/wp\/v2\/product\/376058","targetHints":{"allow":["GET"]}}],"collection":[{"href":"https:\/\/stylingagenten.com\/no\/wp-json\/wp\/v2\/product"}],"about":[{"href":"https:\/\/stylingagenten.com\/no\/wp-json\/wp\/v2\/types\/product"}],"replies":[{"embeddable":true,"href":"https:\/\/stylingagenten.com\/no\/wp-json\/wp\/v2\/comments?post=376058"}],"version-history":[{"count":0,"href":"https:\/\/stylingagenten.com\/no\/wp-json\/wp\/v2\/product\/376058\/revisions"}],"wp:featuredmedia":[{"embeddable":true,"href":"https:\/\/stylingagenten.com\/no\/wp-json\/wp\/v2\/media\/376055"}],"wp:attachment":[{"href":"https:\/\/stylingagenten.com\/no\/wp-json\/wp\/v2\/media?parent=376058"}],"wp:term":[{"taxonomy":"product_brand","embeddable":true,"href":"https:\/\/stylingagenten.com\/no\/wp-json\/wp\/v2\/product_brand?post=376058"},{"taxonomy":"product_cat","embeddable":true,"href":"https:\/\/stylingagenten.com\/no\/wp-json\/wp\/v2\/product_cat?post=376058"},{"taxonomy":"product_tag","embeddable":true,"href":"https:\/\/stylingagenten.com\/no\/wp-json\/wp\/v2\/product_tag?post=376058"},{"taxonomy":"berocket_brand","embeddable":true,"href":"https:\/\/stylingagenten.com\/no\/wp-json\/wp\/v2\/berocket_brand?post=376058"}],"curies":[{"name":"wp","href":"https:\/\/api.w.org\/{rel}","templated":true}]}}