{"id":376041,"date":"2025-05-18T20:55:51","date_gmt":"2025-05-18T20:55:51","guid":{"rendered":"https:\/\/staging2.stylingagenten.com\/no\/produkt\/gucci-guilty-pour-homme-edt-90ml\/"},"modified":"2026-04-08T15:30:32","modified_gmt":"2026-04-08T15:30:32","slug":"gucci-guilty-pour-homme-edt-90ml","status":"publish","type":"product","link":"https:\/\/stylingagenten.com\/no\/produkt\/gucci-guilty-pour-homme-edt-90ml\/","title":{"rendered":"Gucci Guilty Pour Homme Edt 90ml"},"content":{"rendered":"<p>Gucci Guilty Pour Homme Eau de Toilette for Men er en intens og individuell moderne aromatisk foug\u00e8re som b\u00e5de provoserer og forf\u00f8rer. En maskulin klassiker med en berusende cocktail av forfriskende italiensk sitron og frisk lavendel, som sammen med appelsinblomst skaper en fortryllende og stimulerende duft.<\/p>\n<p>Kjennetegnet for alle Gucci-parfymer er patchouli, som smelter sammen med sedertre og sandeltre. Disse, sammen med amber, skaper en robust, jordn\u00e6r, men samtidig suggererende og eksotisk sensualitet av dyp maskulinitet. Resultatet er en enest\u00e5ende og uimotst\u00e5elig fengslende parfyme.<\/p>\n<p>Toppnoter: Sitron og lavendel.<br \/>Hjertenote: Appelsinblomst.<br \/>Basenote: Sedertre.<\/p>\n<p>90ml<\/p>\n","protected":false},"excerpt":{"rendered":"<p>Gucci Guilty Pour Homme Eau de Toilette for Men er en intens og individuell moderne aromatisk foug\u00e8re som b\u00e5de provoserer og forf\u00f8rer. En maskulin klassiker med en berusende cocktail av forfriskende italiensk sitron og frisk lavendel, som sammen med appelsinblomst skaper en fortryllende og stimulerende duft. Kjennetegnet for alle Gucci-parfymer er patchouli, som smelter sammen [&hellip;]<\/p>\n","protected":false},"featured_media":376039,"comment_status":"open","ping_status":"closed","template":"","meta":{"_trash_the_other_posts":false},"product_brand":[],"product_cat":[709,735,1000],"product_tag":[2939],"berocket_brand":[1329],"class_list":{"0":"post-376041","1":"product","2":"type-product","3":"status-publish","4":"has-post-thumbnail","6":"product_cat-eau-de-toilette-herre","7":"product_cat-kampanje","8":"product_cat-kampanjetilbud-for-ham","9":"product_tag-gucci-guilty-pour-homme-edt","10":"pa_brand-gucci","11":"pa_variant-90ml","12":"berocket_brand-gucci","14":"first","15":"instock","16":"sale","17":"taxable","18":"shipping-taxable","19":"purchasable","20":"product-type-simple"},"_links":{"self":[{"href":"https:\/\/stylingagenten.com\/no\/wp-json\/wp\/v2\/product\/376041","targetHints":{"allow":["GET"]}}],"collection":[{"href":"https:\/\/stylingagenten.com\/no\/wp-json\/wp\/v2\/product"}],"about":[{"href":"https:\/\/stylingagenten.com\/no\/wp-json\/wp\/v2\/types\/product"}],"replies":[{"embeddable":true,"href":"https:\/\/stylingagenten.com\/no\/wp-json\/wp\/v2\/comments?post=376041"}],"version-history":[{"count":0,"href":"https:\/\/stylingagenten.com\/no\/wp-json\/wp\/v2\/product\/376041\/revisions"}],"wp:featuredmedia":[{"embeddable":true,"href":"https:\/\/stylingagenten.com\/no\/wp-json\/wp\/v2\/media\/376039"}],"wp:attachment":[{"href":"https:\/\/stylingagenten.com\/no\/wp-json\/wp\/v2\/media?parent=376041"}],"wp:term":[{"taxonomy":"product_brand","embeddable":true,"href":"https:\/\/stylingagenten.com\/no\/wp-json\/wp\/v2\/product_brand?post=376041"},{"taxonomy":"product_cat","embeddable":true,"href":"https:\/\/stylingagenten.com\/no\/wp-json\/wp\/v2\/product_cat?post=376041"},{"taxonomy":"product_tag","embeddable":true,"href":"https:\/\/stylingagenten.com\/no\/wp-json\/wp\/v2\/product_tag?post=376041"},{"taxonomy":"berocket_brand","embeddable":true,"href":"https:\/\/stylingagenten.com\/no\/wp-json\/wp\/v2\/berocket_brand?post=376041"}],"curies":[{"name":"wp","href":"https:\/\/api.w.org\/{rel}","templated":true}]}}