{"id":376011,"date":"2025-05-18T20:55:44","date_gmt":"2025-05-18T20:55:44","guid":{"rendered":"https:\/\/staging2.stylingagenten.com\/no\/produkt\/giftset-paco-rabanne-invictus-edt-100ml-all-over-shampoo-100ml\/"},"modified":"2026-03-11T22:01:53","modified_gmt":"2026-03-11T22:01:53","slug":"giftset-paco-rabanne-invictus-edt-100ml-all-over-shampoo-100ml","status":"publish","type":"product","link":"https:\/\/stylingagenten.com\/no\/produkt\/giftset-paco-rabanne-invictus-edt-100ml-all-over-shampoo-100ml\/","title":{"rendered":"Giftset Paco Rabanne Invictus Edt 100ml + All Over Shampoo 100ml"},"content":{"rendered":"<p>Gavesett Paco Rabanne Invictus Edt 100ml + All Over Shampoo 100ml<br \/>Pust inn duften av seier med Invictus, den nye maskuline duften fra Paco Rabanne. Denne sensuelt friske duften setter et moderne preg p\u00e5 maskulinitet. Duften \u00e5pner med frisk grapefrukt, laurb\u00e6rblader og sjasmin som f\u00f8rer til en treaktig base av guaiac-tre, patchouli, eikemose og ambra. En moderne parfyme for enhver vinner som \u00f8nsker \u00e5 holde seg frisk hele dagen.<\/p>\n<p>Dette gavesettet inneholder:<br \/>\u2022Paco Rabanne Invictus Edt 100ml<br \/>\u2022Paco Rabanne All Over Shampoo 100ml<\/p>\n","protected":false},"excerpt":{"rendered":"<p>Gavesett Paco Rabanne Invictus Edt 100ml + All Over Shampoo 100mlPust inn duften av seier med Invictus, den nye maskuline duften fra Paco Rabanne. Denne sensuelt friske duften setter et moderne preg p\u00e5 maskulinitet. Duften \u00e5pner med frisk grapefrukt, laurb\u00e6rblader og sjasmin som f\u00f8rer til en treaktig base av guaiac-tre, patchouli, eikemose og ambra. En [&hellip;]<\/p>\n","protected":false},"featured_media":376007,"comment_status":"open","ping_status":"closed","template":"","meta":{"_trash_the_other_posts":false},"product_brand":[],"product_cat":[1003,548,735,1000],"product_tag":[],"berocket_brand":[1048],"class_list":{"0":"post-376011","1":"product","2":"type-product","3":"status-publish","4":"has-post-thumbnail","6":"product_cat-bestselgere","7":"product_cat-gave-parfyme-herre","8":"product_cat-kampanje","9":"product_cat-kampanjetilbud-for-ham","10":"pa_brand-paco-rabanne","11":"berocket_brand-paco-rabanne","13":"first","14":"instock","15":"sale","16":"taxable","17":"shipping-taxable","18":"purchasable","19":"product-type-simple"},"_links":{"self":[{"href":"https:\/\/stylingagenten.com\/no\/wp-json\/wp\/v2\/product\/376011","targetHints":{"allow":["GET"]}}],"collection":[{"href":"https:\/\/stylingagenten.com\/no\/wp-json\/wp\/v2\/product"}],"about":[{"href":"https:\/\/stylingagenten.com\/no\/wp-json\/wp\/v2\/types\/product"}],"replies":[{"embeddable":true,"href":"https:\/\/stylingagenten.com\/no\/wp-json\/wp\/v2\/comments?post=376011"}],"version-history":[{"count":0,"href":"https:\/\/stylingagenten.com\/no\/wp-json\/wp\/v2\/product\/376011\/revisions"}],"wp:featuredmedia":[{"embeddable":true,"href":"https:\/\/stylingagenten.com\/no\/wp-json\/wp\/v2\/media\/376007"}],"wp:attachment":[{"href":"https:\/\/stylingagenten.com\/no\/wp-json\/wp\/v2\/media?parent=376011"}],"wp:term":[{"taxonomy":"product_brand","embeddable":true,"href":"https:\/\/stylingagenten.com\/no\/wp-json\/wp\/v2\/product_brand?post=376011"},{"taxonomy":"product_cat","embeddable":true,"href":"https:\/\/stylingagenten.com\/no\/wp-json\/wp\/v2\/product_cat?post=376011"},{"taxonomy":"product_tag","embeddable":true,"href":"https:\/\/stylingagenten.com\/no\/wp-json\/wp\/v2\/product_tag?post=376011"},{"taxonomy":"berocket_brand","embeddable":true,"href":"https:\/\/stylingagenten.com\/no\/wp-json\/wp\/v2\/berocket_brand?post=376011"}],"curies":[{"name":"wp","href":"https:\/\/api.w.org\/{rel}","templated":true}]}}