{"id":375996,"date":"2025-05-18T20:55:41","date_gmt":"2025-05-18T20:55:41","guid":{"rendered":"https:\/\/staging2.stylingagenten.com\/no\/produkt\/acqua-di-parma-colonia-edc-100ml\/"},"modified":"2026-03-11T22:01:51","modified_gmt":"2026-03-11T22:01:51","slug":"acqua-di-parma-colonia-edc-100ml","status":"publish","type":"product","link":"https:\/\/stylingagenten.com\/no\/produkt\/acqua-di-parma-colonia-edc-100ml\/","title":{"rendered":"Acqua di Parma Colonia Edc 100ml"},"content":{"rendered":"<p>Acqua Di Parma Colonia EDC er en duft som tar deg med p\u00e5 en reise til Italia. Med sin friske og sofistikerte duft av sitrusfrukter, blomster og tre gir den en f\u00f8lelse av luksus og eleganse. Den har en langvarig effekt og passer b\u00e5de til daglig bruk og spesielle anledninger. Denne ikoniske duften har v\u00e6rt en favoritt blant kjendiser og moteikoner siden 1916, noe som gj\u00f8r den til et tidl\u00f8st valg for alle som leter etter en klassisk, men moderne duft<br \/>Toppnoter: Sitrus, Lavendel, Rosmarin, Aloysia citrodora<br \/>Hjertenoter: Rose , Vetiver, Musk, Jasmin<br \/>Basenoter: Amber, Sandeltre og Patchouli<\/p>\n","protected":false},"excerpt":{"rendered":"<p>Acqua Di Parma Colonia EDC er en duft som tar deg med p\u00e5 en reise til Italia. Med sin friske og sofistikerte duft av sitrusfrukter, blomster og tre gir den en f\u00f8lelse av luksus og eleganse. Den har en langvarig effekt og passer b\u00e5de til daglig bruk og spesielle anledninger. Denne ikoniske duften har v\u00e6rt [&hellip;]<\/p>\n","protected":false},"featured_media":375989,"comment_status":"open","ping_status":"closed","template":"","meta":{"_trash_the_other_posts":false},"product_brand":[],"product_cat":[1003,710,735,1000],"product_tag":[2331],"berocket_brand":[1161],"class_list":{"0":"post-375996","1":"product","2":"type-product","3":"status-publish","4":"has-post-thumbnail","6":"product_cat-bestselgere","7":"product_cat-eau-de-cologne-herr","8":"product_cat-kampanje","9":"product_cat-kampanjetilbud-for-ham","10":"product_tag-acqua-di-parma-colonia-edc","11":"pa_brand-acqua-di-parma","12":"pa_variant-100ml","13":"berocket_brand-acqua-di-parma","15":"first","16":"instock","17":"sale","18":"taxable","19":"shipping-taxable","20":"purchasable","21":"product-type-simple"},"_links":{"self":[{"href":"https:\/\/stylingagenten.com\/no\/wp-json\/wp\/v2\/product\/375996","targetHints":{"allow":["GET"]}}],"collection":[{"href":"https:\/\/stylingagenten.com\/no\/wp-json\/wp\/v2\/product"}],"about":[{"href":"https:\/\/stylingagenten.com\/no\/wp-json\/wp\/v2\/types\/product"}],"replies":[{"embeddable":true,"href":"https:\/\/stylingagenten.com\/no\/wp-json\/wp\/v2\/comments?post=375996"}],"version-history":[{"count":0,"href":"https:\/\/stylingagenten.com\/no\/wp-json\/wp\/v2\/product\/375996\/revisions"}],"wp:featuredmedia":[{"embeddable":true,"href":"https:\/\/stylingagenten.com\/no\/wp-json\/wp\/v2\/media\/375989"}],"wp:attachment":[{"href":"https:\/\/stylingagenten.com\/no\/wp-json\/wp\/v2\/media?parent=375996"}],"wp:term":[{"taxonomy":"product_brand","embeddable":true,"href":"https:\/\/stylingagenten.com\/no\/wp-json\/wp\/v2\/product_brand?post=375996"},{"taxonomy":"product_cat","embeddable":true,"href":"https:\/\/stylingagenten.com\/no\/wp-json\/wp\/v2\/product_cat?post=375996"},{"taxonomy":"product_tag","embeddable":true,"href":"https:\/\/stylingagenten.com\/no\/wp-json\/wp\/v2\/product_tag?post=375996"},{"taxonomy":"berocket_brand","embeddable":true,"href":"https:\/\/stylingagenten.com\/no\/wp-json\/wp\/v2\/berocket_brand?post=375996"}],"curies":[{"name":"wp","href":"https:\/\/api.w.org\/{rel}","templated":true}]}}