{"id":375986,"date":"2025-05-18T20:55:40","date_gmt":"2025-05-18T20:55:40","guid":{"rendered":"https:\/\/staging2.stylingagenten.com\/no\/produkt\/giftset-zadig-voltaire-this-is-him-edt-50ml-shower-gel-50ml\/"},"modified":"2026-03-11T22:01:08","modified_gmt":"2026-03-11T22:01:08","slug":"giftset-zadig-voltaire-this-is-him-edt-50ml-shower-gel-50ml","status":"publish","type":"product","link":"https:\/\/stylingagenten.com\/no\/produkt\/giftset-zadig-voltaire-this-is-him-edt-50ml-shower-gel-50ml\/","title":{"rendered":"Giftset Zadig &amp; Voltaire This Is Him Edt 50ml + Shower Gel 50ml"},"content":{"rendered":"<p>Gavesett Zadig &amp; Voltaire This Is Him Edt 50ml + Shower Gel 50ml<br \/>Zadig &amp; Voltaire, et merke klassifisert som enkel luksus. De tre verdiene er rock, kunst og Paris. \u00c5 v\u00e6re rocka er \u00e5 v\u00e6re seg selv. Fri og komfortabel med din oppr\u00f8rske eleganse og full av selvtillit.<br \/>Denne rockemannen dufter av pepperaktig grapefrukt som gjenspeiler selvtilliten til denne urbane, kunstneriske eventyreren. Livlig med et varmt hjerte av vanilje og r\u00f8kelse. I basen finner vi det fineste sandeltre.<br \/>Inneholder: Zadig &amp; Voltaire This Is Him Edt 50ml + Shower Gel 50ml<\/p>\n","protected":false},"excerpt":{"rendered":"<p>Gavesett Zadig &amp; Voltaire This Is Him Edt 50ml + Shower Gel 50mlZadig &amp; Voltaire, et merke klassifisert som enkel luksus. De tre verdiene er rock, kunst og Paris. \u00c5 v\u00e6re rocka er \u00e5 v\u00e6re seg selv. Fri og komfortabel med din oppr\u00f8rske eleganse og full av selvtillit.Denne rockemannen dufter av pepperaktig grapefrukt som gjenspeiler [&hellip;]<\/p>\n","protected":false},"featured_media":375984,"comment_status":"open","ping_status":"closed","template":"","meta":{"_trash_the_other_posts":false},"product_brand":[],"product_cat":[1003,709,735,1000],"product_tag":[],"berocket_brand":[1153],"class_list":{"0":"post-375986","1":"product","2":"type-product","3":"status-publish","4":"has-post-thumbnail","6":"product_cat-bestselgere","7":"product_cat-eau-de-toilette-herre","8":"product_cat-kampanje","9":"product_cat-kampanjetilbud-for-ham","10":"pa_brand-zadig-voltaire","11":"berocket_brand-zadig-voltaire","13":"first","14":"instock","15":"sale","16":"taxable","17":"shipping-taxable","18":"purchasable","19":"product-type-simple"},"_links":{"self":[{"href":"https:\/\/stylingagenten.com\/no\/wp-json\/wp\/v2\/product\/375986","targetHints":{"allow":["GET"]}}],"collection":[{"href":"https:\/\/stylingagenten.com\/no\/wp-json\/wp\/v2\/product"}],"about":[{"href":"https:\/\/stylingagenten.com\/no\/wp-json\/wp\/v2\/types\/product"}],"replies":[{"embeddable":true,"href":"https:\/\/stylingagenten.com\/no\/wp-json\/wp\/v2\/comments?post=375986"}],"version-history":[{"count":0,"href":"https:\/\/stylingagenten.com\/no\/wp-json\/wp\/v2\/product\/375986\/revisions"}],"wp:featuredmedia":[{"embeddable":true,"href":"https:\/\/stylingagenten.com\/no\/wp-json\/wp\/v2\/media\/375984"}],"wp:attachment":[{"href":"https:\/\/stylingagenten.com\/no\/wp-json\/wp\/v2\/media?parent=375986"}],"wp:term":[{"taxonomy":"product_brand","embeddable":true,"href":"https:\/\/stylingagenten.com\/no\/wp-json\/wp\/v2\/product_brand?post=375986"},{"taxonomy":"product_cat","embeddable":true,"href":"https:\/\/stylingagenten.com\/no\/wp-json\/wp\/v2\/product_cat?post=375986"},{"taxonomy":"product_tag","embeddable":true,"href":"https:\/\/stylingagenten.com\/no\/wp-json\/wp\/v2\/product_tag?post=375986"},{"taxonomy":"berocket_brand","embeddable":true,"href":"https:\/\/stylingagenten.com\/no\/wp-json\/wp\/v2\/berocket_brand?post=375986"}],"curies":[{"name":"wp","href":"https:\/\/api.w.org\/{rel}","templated":true}]}}