{"id":375965,"date":"2025-05-18T20:55:36","date_gmt":"2025-05-18T20:55:36","guid":{"rendered":"https:\/\/staging2.stylingagenten.com\/no\/produkt\/giftset-replay-green-on-me-man-edt-100ml-pochette\/"},"modified":"2026-01-26T11:56:39","modified_gmt":"2026-01-26T11:56:39","slug":"giftset-replay-green-on-me-man-edt-100ml-pochette","status":"publish","type":"product","link":"https:\/\/stylingagenten.com\/no\/produkt\/giftset-replay-green-on-me-man-edt-100ml-pochette\/","title":{"rendered":"Giftset Replay Green On Me Man Edt 100ml + Pochette"},"content":{"rendered":"<p>Replay Green On Me Man Edt tar deg med p\u00e5 en reise inn i fjellene hvor gr\u00f8ntomr\u00e5det strekker seg ut, blant friske og klare kilder med berusende dufter fra naturen. Livlige blader rammer inn landskapet og skaper harmoniske lyseffekter \u2013 en opplevelse som omfavner naturens rikdom.<\/p>\n<p>Toppnoter: Kardemomme, Hvit pepper, Appelsin<br \/>\n<br \/>Hjertenoter: Cannabisblomst, Nellik, Malurt<br \/>\n<br \/>Bunnoter: Sandeltre, Iso E Super, Ambertre<\/p>\n<p>Gavesettet inneholder:<br \/>\n<br \/>Replay Green On Me Man Edt 100ml<br \/>\n<br \/>Replay Denim Pochette<\/p>\n","protected":false},"excerpt":{"rendered":"<p>Replay Green On Me Man Edt tar deg med p\u00e5 en reise inn i fjellene hvor gr\u00f8ntomr\u00e5det strekker seg ut, blant friske og klare kilder med berusende dufter fra naturen. Livlige blader rammer inn landskapet og skaper harmoniske lyseffekter \u2013 en opplevelse som omfavner naturens rikdom. Toppnoter: Kardemomme, Hvit pepper, Appelsin Hjertenoter: Cannabisblomst, Nellik, Malurt [&hellip;]<\/p>\n","protected":false},"featured_media":375951,"comment_status":"open","ping_status":"closed","template":"","meta":{"_trash_the_other_posts":false},"product_brand":[],"product_cat":[709,548,735,1000],"product_tag":[],"berocket_brand":[1120],"class_list":{"0":"post-375965","1":"product","2":"type-product","3":"status-publish","4":"has-post-thumbnail","6":"product_cat-eau-de-toilette-herre","7":"product_cat-gave-parfyme-herre","8":"product_cat-kampanje","9":"product_cat-kampanjetilbud-for-ham","10":"pa_brand-replay","11":"berocket_brand-replay","13":"first","14":"instock","15":"sale","16":"taxable","17":"shipping-taxable","18":"purchasable","19":"product-type-simple"},"_links":{"self":[{"href":"https:\/\/stylingagenten.com\/no\/wp-json\/wp\/v2\/product\/375965","targetHints":{"allow":["GET"]}}],"collection":[{"href":"https:\/\/stylingagenten.com\/no\/wp-json\/wp\/v2\/product"}],"about":[{"href":"https:\/\/stylingagenten.com\/no\/wp-json\/wp\/v2\/types\/product"}],"replies":[{"embeddable":true,"href":"https:\/\/stylingagenten.com\/no\/wp-json\/wp\/v2\/comments?post=375965"}],"version-history":[{"count":0,"href":"https:\/\/stylingagenten.com\/no\/wp-json\/wp\/v2\/product\/375965\/revisions"}],"wp:featuredmedia":[{"embeddable":true,"href":"https:\/\/stylingagenten.com\/no\/wp-json\/wp\/v2\/media\/375951"}],"wp:attachment":[{"href":"https:\/\/stylingagenten.com\/no\/wp-json\/wp\/v2\/media?parent=375965"}],"wp:term":[{"taxonomy":"product_brand","embeddable":true,"href":"https:\/\/stylingagenten.com\/no\/wp-json\/wp\/v2\/product_brand?post=375965"},{"taxonomy":"product_cat","embeddable":true,"href":"https:\/\/stylingagenten.com\/no\/wp-json\/wp\/v2\/product_cat?post=375965"},{"taxonomy":"product_tag","embeddable":true,"href":"https:\/\/stylingagenten.com\/no\/wp-json\/wp\/v2\/product_tag?post=375965"},{"taxonomy":"berocket_brand","embeddable":true,"href":"https:\/\/stylingagenten.com\/no\/wp-json\/wp\/v2\/berocket_brand?post=375965"}],"curies":[{"name":"wp","href":"https:\/\/api.w.org\/{rel}","templated":true}]}}