{"id":375961,"date":"2025-05-18T20:55:35","date_gmt":"2025-05-18T20:55:35","guid":{"rendered":"https:\/\/staging2.stylingagenten.com\/no\/produkt\/giftset-replay-signature-red-dragon-man-edt-100ml-pochette\/"},"modified":"2026-03-26T07:59:45","modified_gmt":"2026-03-26T07:59:45","slug":"giftset-replay-signature-red-dragon-man-edt-100ml-pochette","status":"publish","type":"product","link":"https:\/\/stylingagenten.com\/no\/produkt\/giftset-replay-signature-red-dragon-man-edt-100ml-pochette\/","title":{"rendered":"Giftset Replay Signature Red Dragon Man Edt 100ml + Pochette"},"content":{"rendered":"<p>Replay Signature Red Dragon for Man, en storsl\u00e5tt r\u00f8d drage pryder flasken og formidler styrke og mystikk. Med denne parfymen avsl\u00f8rer menn sine g\u00e5tefulle sjeler med besluttsomhet, mot og energi. Duften \u00e5pner med ros\u00e9pepper og kardemomme i et krydret, sprudlende spill som g\u00e5r over i et uventet hjerte av te og geranium, og overrasker oss med en base av hvite tresorter og vetiver. En tidl\u00f8s og evig elegant duft for en modig og sofistikert mann.<\/p>\n<p>Toppnoter: Ros\u00e9pepper, Kardemomme<br \/>\n<br \/>Hjertenoter: Te, Geranium<br \/>\n<br \/>Bunnoter: Vetiver, Hvite Tresorter<\/p>\n<p>Gavesettet inneholder:<br \/>\n<br \/>Replay Signature Red Dragon Man Edt 100ml<br \/>\n<br \/>Replay Denim Pochette<\/p>\n","protected":false},"excerpt":{"rendered":"<p>Replay Signature Red Dragon for Man, en storsl\u00e5tt r\u00f8d drage pryder flasken og formidler styrke og mystikk. Med denne parfymen avsl\u00f8rer menn sine g\u00e5tefulle sjeler med besluttsomhet, mot og energi. Duften \u00e5pner med ros\u00e9pepper og kardemomme i et krydret, sprudlende spill som g\u00e5r over i et uventet hjerte av te og geranium, og overrasker oss [&hellip;]<\/p>\n","protected":false},"featured_media":375942,"comment_status":"open","ping_status":"closed","template":"","meta":{"_trash_the_other_posts":false},"product_brand":[],"product_cat":[709,548,735,1000],"product_tag":[],"berocket_brand":[1120],"class_list":{"0":"post-375961","1":"product","2":"type-product","3":"status-publish","4":"has-post-thumbnail","6":"product_cat-eau-de-toilette-herre","7":"product_cat-gave-parfyme-herre","8":"product_cat-kampanje","9":"product_cat-kampanjetilbud-for-ham","10":"pa_brand-replay","11":"berocket_brand-replay","13":"first","14":"instock","15":"sale","16":"taxable","17":"shipping-taxable","18":"purchasable","19":"product-type-simple"},"_links":{"self":[{"href":"https:\/\/stylingagenten.com\/no\/wp-json\/wp\/v2\/product\/375961","targetHints":{"allow":["GET"]}}],"collection":[{"href":"https:\/\/stylingagenten.com\/no\/wp-json\/wp\/v2\/product"}],"about":[{"href":"https:\/\/stylingagenten.com\/no\/wp-json\/wp\/v2\/types\/product"}],"replies":[{"embeddable":true,"href":"https:\/\/stylingagenten.com\/no\/wp-json\/wp\/v2\/comments?post=375961"}],"version-history":[{"count":0,"href":"https:\/\/stylingagenten.com\/no\/wp-json\/wp\/v2\/product\/375961\/revisions"}],"wp:featuredmedia":[{"embeddable":true,"href":"https:\/\/stylingagenten.com\/no\/wp-json\/wp\/v2\/media\/375942"}],"wp:attachment":[{"href":"https:\/\/stylingagenten.com\/no\/wp-json\/wp\/v2\/media?parent=375961"}],"wp:term":[{"taxonomy":"product_brand","embeddable":true,"href":"https:\/\/stylingagenten.com\/no\/wp-json\/wp\/v2\/product_brand?post=375961"},{"taxonomy":"product_cat","embeddable":true,"href":"https:\/\/stylingagenten.com\/no\/wp-json\/wp\/v2\/product_cat?post=375961"},{"taxonomy":"product_tag","embeddable":true,"href":"https:\/\/stylingagenten.com\/no\/wp-json\/wp\/v2\/product_tag?post=375961"},{"taxonomy":"berocket_brand","embeddable":true,"href":"https:\/\/stylingagenten.com\/no\/wp-json\/wp\/v2\/berocket_brand?post=375961"}],"curies":[{"name":"wp","href":"https:\/\/api.w.org\/{rel}","templated":true}]}}