{"id":375960,"date":"2025-05-18T20:55:35","date_gmt":"2025-05-18T20:55:35","guid":{"rendered":"https:\/\/staging2.stylingagenten.com\/no\/produkt\/giftset-replay-signature-lovers-man-edt-100ml-pochette\/"},"modified":"2026-03-05T13:37:30","modified_gmt":"2026-03-05T13:37:30","slug":"giftset-replay-signature-lovers-man-edt-100ml-pochette","status":"publish","type":"product","link":"https:\/\/stylingagenten.com\/no\/produkt\/giftset-replay-signature-lovers-man-edt-100ml-pochette\/","title":{"rendered":"Giftset Replay Signature Lovers Man Edt 100ml + Pochette"},"content":{"rendered":"<p>Replay Signature Lovers Man er dekorert med prestisjetunge tatoveringer som formidler et budskap om positiv kj\u00e6rlighet i Biker Replay-stil. Duften \u00e5pner med fruktige toner av Plomme, Mandarin og Pomelo, for deretter \u00e5 smelte sammen med hjertenotene Kardemomme, Lavendel og Fiol p\u00e5 en base av Labdanum, Guajaktre og Bourbon Vetiver.<\/p>\n<p>Toppnoter: Plomme, Mandarin, Pomelo<br \/>\n<br \/>Hjertenoter: Kardemomme, Lavendel, Fiol<br \/>\n<br \/>Bunnoter: Labdanum, Guajaktre, Bourbon Vetiver<\/p>\n<p>Gavesettet inneholder:<br \/>\n<br \/>Replay Signature Lovers Man Edt 100ml<br \/>\n<br \/>Replay Denim Pochette<br \/><\/p>\n","protected":false},"excerpt":{"rendered":"<p>Replay Signature Lovers Man er dekorert med prestisjetunge tatoveringer som formidler et budskap om positiv kj\u00e6rlighet i Biker Replay-stil. Duften \u00e5pner med fruktige toner av Plomme, Mandarin og Pomelo, for deretter \u00e5 smelte sammen med hjertenotene Kardemomme, Lavendel og Fiol p\u00e5 en base av Labdanum, Guajaktre og Bourbon Vetiver. Toppnoter: Plomme, Mandarin, Pomelo Hjertenoter: Kardemomme, [&hellip;]<\/p>\n","protected":false},"featured_media":375946,"comment_status":"open","ping_status":"closed","template":"","meta":{"_trash_the_other_posts":false},"product_brand":[],"product_cat":[709,548,735,1000],"product_tag":[],"berocket_brand":[1120],"class_list":{"0":"post-375960","1":"product","2":"type-product","3":"status-publish","4":"has-post-thumbnail","6":"product_cat-eau-de-toilette-herre","7":"product_cat-gave-parfyme-herre","8":"product_cat-kampanje","9":"product_cat-kampanjetilbud-for-ham","10":"pa_brand-replay","11":"berocket_brand-replay","13":"first","14":"instock","15":"sale","16":"taxable","17":"shipping-taxable","18":"purchasable","19":"product-type-simple"},"_links":{"self":[{"href":"https:\/\/stylingagenten.com\/no\/wp-json\/wp\/v2\/product\/375960","targetHints":{"allow":["GET"]}}],"collection":[{"href":"https:\/\/stylingagenten.com\/no\/wp-json\/wp\/v2\/product"}],"about":[{"href":"https:\/\/stylingagenten.com\/no\/wp-json\/wp\/v2\/types\/product"}],"replies":[{"embeddable":true,"href":"https:\/\/stylingagenten.com\/no\/wp-json\/wp\/v2\/comments?post=375960"}],"version-history":[{"count":0,"href":"https:\/\/stylingagenten.com\/no\/wp-json\/wp\/v2\/product\/375960\/revisions"}],"wp:featuredmedia":[{"embeddable":true,"href":"https:\/\/stylingagenten.com\/no\/wp-json\/wp\/v2\/media\/375946"}],"wp:attachment":[{"href":"https:\/\/stylingagenten.com\/no\/wp-json\/wp\/v2\/media?parent=375960"}],"wp:term":[{"taxonomy":"product_brand","embeddable":true,"href":"https:\/\/stylingagenten.com\/no\/wp-json\/wp\/v2\/product_brand?post=375960"},{"taxonomy":"product_cat","embeddable":true,"href":"https:\/\/stylingagenten.com\/no\/wp-json\/wp\/v2\/product_cat?post=375960"},{"taxonomy":"product_tag","embeddable":true,"href":"https:\/\/stylingagenten.com\/no\/wp-json\/wp\/v2\/product_tag?post=375960"},{"taxonomy":"berocket_brand","embeddable":true,"href":"https:\/\/stylingagenten.com\/no\/wp-json\/wp\/v2\/berocket_brand?post=375960"}],"curies":[{"name":"wp","href":"https:\/\/api.w.org\/{rel}","templated":true}]}}