{"id":375959,"date":"2025-05-18T20:55:35","date_gmt":"2025-05-18T20:55:35","guid":{"rendered":"https:\/\/staging2.stylingagenten.com\/no\/produkt\/giftset-replay-signature-man-edt-100ml-pochette\/"},"modified":"2026-04-10T14:28:32","modified_gmt":"2026-04-10T14:28:32","slug":"giftset-replay-signature-man-edt-100ml-pochette","status":"publish","type":"product","link":"https:\/\/stylingagenten.com\/no\/produkt\/giftset-replay-signature-man-edt-100ml-pochette\/","title":{"rendered":"Giftset Replay Signature Man Edt 100ml + Pochette"},"content":{"rendered":"<p>Med sitt innovative design \u00f8nsker Replay Signature \u00e5 overf\u00f8re \u00e5nden fra Replay mote-kolleksjonen til parfymens verden. Den institusjonelle formen p\u00e5 flasken forsterkes av relieffer p\u00e5 begge sider. Kamuflasjem\u00f8nsteret pryder hele flasken og gj\u00f8r den sv\u00e6rt i\u00f8ynefallende. Duften representerer en ny, pulserende sensualitet for menn. Den forf\u00f8rer umiddelbart med sin karakteristiske \u00e5pningsnote av ros\u00e9pepper, bekreftet av frisk bergamott og varm kanel. Aromatisk, mynteaktig geranium og sterk muskatn\u00f8tt utvikler en kraftig, maskulin krydret blanding, harmonisert av balsamisk rose og t\u00f8rr sedertre. Basen er laget av edle tresorter, som gir styrke og varme til duften sammen med delikate toner av amber-musk.<\/p>\n<p>Toppnoter: Kanel, Ros\u00e9pepper, Bergamott<br \/>\n<br \/>Hjertenoter: Sedertre, Muskatn\u00f8tt, Rose, Geranium, Mynte<br \/>\n<br \/>Bunnoter: Edle Tresorter<\/p>\n<p>Gavesettet inneholder:<br \/>\n<br \/>Replay Signature For Man Edt 100ml<br \/>\n<br \/>Replay Denim Pochette<br \/><\/p>\n","protected":false},"excerpt":{"rendered":"<p>Med sitt innovative design \u00f8nsker Replay Signature \u00e5 overf\u00f8re \u00e5nden fra Replay mote-kolleksjonen til parfymens verden. Den institusjonelle formen p\u00e5 flasken forsterkes av relieffer p\u00e5 begge sider. Kamuflasjem\u00f8nsteret pryder hele flasken og gj\u00f8r den sv\u00e6rt i\u00f8ynefallende. Duften representerer en ny, pulserende sensualitet for menn. Den forf\u00f8rer umiddelbart med sin karakteristiske \u00e5pningsnote av ros\u00e9pepper, bekreftet av [&hellip;]<\/p>\n","protected":false},"featured_media":375944,"comment_status":"open","ping_status":"closed","template":"","meta":{"_trash_the_other_posts":false},"product_brand":[],"product_cat":[709,548,735,1000],"product_tag":[],"berocket_brand":[1120],"class_list":{"0":"post-375959","1":"product","2":"type-product","3":"status-publish","4":"has-post-thumbnail","6":"product_cat-eau-de-toilette-herre","7":"product_cat-gave-parfyme-herre","8":"product_cat-kampanje","9":"product_cat-kampanjetilbud-for-ham","10":"pa_brand-replay","11":"berocket_brand-replay","13":"first","14":"instock","15":"sale","16":"taxable","17":"shipping-taxable","18":"purchasable","19":"product-type-simple"},"_links":{"self":[{"href":"https:\/\/stylingagenten.com\/no\/wp-json\/wp\/v2\/product\/375959","targetHints":{"allow":["GET"]}}],"collection":[{"href":"https:\/\/stylingagenten.com\/no\/wp-json\/wp\/v2\/product"}],"about":[{"href":"https:\/\/stylingagenten.com\/no\/wp-json\/wp\/v2\/types\/product"}],"replies":[{"embeddable":true,"href":"https:\/\/stylingagenten.com\/no\/wp-json\/wp\/v2\/comments?post=375959"}],"version-history":[{"count":0,"href":"https:\/\/stylingagenten.com\/no\/wp-json\/wp\/v2\/product\/375959\/revisions"}],"wp:featuredmedia":[{"embeddable":true,"href":"https:\/\/stylingagenten.com\/no\/wp-json\/wp\/v2\/media\/375944"}],"wp:attachment":[{"href":"https:\/\/stylingagenten.com\/no\/wp-json\/wp\/v2\/media?parent=375959"}],"wp:term":[{"taxonomy":"product_brand","embeddable":true,"href":"https:\/\/stylingagenten.com\/no\/wp-json\/wp\/v2\/product_brand?post=375959"},{"taxonomy":"product_cat","embeddable":true,"href":"https:\/\/stylingagenten.com\/no\/wp-json\/wp\/v2\/product_cat?post=375959"},{"taxonomy":"product_tag","embeddable":true,"href":"https:\/\/stylingagenten.com\/no\/wp-json\/wp\/v2\/product_tag?post=375959"},{"taxonomy":"berocket_brand","embeddable":true,"href":"https:\/\/stylingagenten.com\/no\/wp-json\/wp\/v2\/berocket_brand?post=375959"}],"curies":[{"name":"wp","href":"https:\/\/api.w.org\/{rel}","templated":true}]}}