{"id":375895,"date":"2025-05-18T20:55:24","date_gmt":"2025-05-18T20:55:24","guid":{"rendered":"https:\/\/staging2.stylingagenten.com\/no\/produkt\/babor-ampoule-concentrates-active-night-7x2ml\/"},"modified":"2025-12-28T07:26:32","modified_gmt":"2025-12-28T07:26:32","slug":"babor-ampoule-concentrates-active-night-7x2ml","status":"publish","type":"product","link":"https:\/\/stylingagenten.com\/no\/produkt\/babor-ampoule-concentrates-active-night-7x2ml\/","title":{"rendered":"BABOR Ampoule Concentrates Active Night 7x2ml"},"content":{"rendered":"<p>BABOR Ampoule Concentrates Active Night Ampuller er eksklusiv hudpleie i sin mest konsentrerte form \u2013 hjertet av BABORs behandlinger hjemme og i behandling. Enkeltdoseampuller fylt med sm\u00e5molekyl\u00e6re ingredienser, pakket i 2 ml sterile glassampuller. Hygieniske og godt bevarte ingredienser som gir aktiv hudpleie som trenger dypere enn et serum.<\/p>\n<p>Active Night er en enkeltdose aktivt konsentrat \u2013 mer aktivt enn et serum. Skj\u00f8nnhetss\u00f8vn i ampullform for nattbruk. Aktiverer hudens regenerering under dyp s\u00f8vn, bygger en sterk barriere og bevarer fuktighet mens du sover. Bekjemper aktivt slitasje p\u00e5 huden og motvirker tegn p\u00e5 hudaldring. V\u00e5kne opp med vital og uthvilt hud.<\/p>\n<p>7x2ml<\/p>\n","protected":false},"excerpt":{"rendered":"<p>BABOR Ampoule Concentrates Active Night Ampuller er eksklusiv hudpleie i sin mest konsentrerte form \u2013 hjertet av BABORs behandlinger hjemme og i behandling. Enkeltdoseampuller fylt med sm\u00e5molekyl\u00e6re ingredienser, pakket i 2 ml sterile glassampuller. Hygieniske og godt bevarte ingredienser som gir aktiv hudpleie som trenger dypere enn et serum. Active Night er en enkeltdose aktivt [&hellip;]<\/p>\n","protected":false},"featured_media":375863,"comment_status":"open","ping_status":"closed","template":"","meta":{"_trash_the_other_posts":false},"product_brand":[],"product_cat":[735,999,614],"product_tag":[],"berocket_brand":[1987],"class_list":{"0":"post-375895","1":"product","2":"type-product","3":"status-publish","4":"has-post-thumbnail","6":"product_cat-kampanje","7":"product_cat-kampanjetilbud-for-henne","8":"product_cat-serum","9":"pa_brand-babor","10":"berocket_brand-babor","12":"first","13":"instock","14":"sale","15":"taxable","16":"shipping-taxable","17":"purchasable","18":"product-type-simple"},"_links":{"self":[{"href":"https:\/\/stylingagenten.com\/no\/wp-json\/wp\/v2\/product\/375895","targetHints":{"allow":["GET"]}}],"collection":[{"href":"https:\/\/stylingagenten.com\/no\/wp-json\/wp\/v2\/product"}],"about":[{"href":"https:\/\/stylingagenten.com\/no\/wp-json\/wp\/v2\/types\/product"}],"replies":[{"embeddable":true,"href":"https:\/\/stylingagenten.com\/no\/wp-json\/wp\/v2\/comments?post=375895"}],"version-history":[{"count":0,"href":"https:\/\/stylingagenten.com\/no\/wp-json\/wp\/v2\/product\/375895\/revisions"}],"wp:featuredmedia":[{"embeddable":true,"href":"https:\/\/stylingagenten.com\/no\/wp-json\/wp\/v2\/media\/375863"}],"wp:attachment":[{"href":"https:\/\/stylingagenten.com\/no\/wp-json\/wp\/v2\/media?parent=375895"}],"wp:term":[{"taxonomy":"product_brand","embeddable":true,"href":"https:\/\/stylingagenten.com\/no\/wp-json\/wp\/v2\/product_brand?post=375895"},{"taxonomy":"product_cat","embeddable":true,"href":"https:\/\/stylingagenten.com\/no\/wp-json\/wp\/v2\/product_cat?post=375895"},{"taxonomy":"product_tag","embeddable":true,"href":"https:\/\/stylingagenten.com\/no\/wp-json\/wp\/v2\/product_tag?post=375895"},{"taxonomy":"berocket_brand","embeddable":true,"href":"https:\/\/stylingagenten.com\/no\/wp-json\/wp\/v2\/berocket_brand?post=375895"}],"curies":[{"name":"wp","href":"https:\/\/api.w.org\/{rel}","templated":true}]}}