{"id":375882,"date":"2025-05-18T20:55:22","date_gmt":"2025-05-18T20:55:22","guid":{"rendered":"https:\/\/staging2.stylingagenten.com\/no\/produkt\/babor-eye-heavy-make-up-remover-100ml\/"},"modified":"2026-02-24T13:35:32","modified_gmt":"2026-02-24T13:35:32","slug":"babor-eye-heavy-make-up-remover-100ml","status":"publish","type":"product","link":"https:\/\/stylingagenten.com\/no\/produkt\/babor-eye-heavy-make-up-remover-100ml\/","title":{"rendered":"BABOR Eye &amp; Heavy Make Up Remover 100ml"},"content":{"rendered":"<p>BABOR Eye &amp; Heavy Make Up Remover er en to-fase renseprodukt for \u00f8yne og ansikt. En mild formel med utvalgte oljer som grundig fjerner vannfast sminke, samtidig som den er sk\u00e5nsom mot hud og \u00f8yevipper. Beriket med beroligende aloe vera, provitamin B5, E-vitamin og nattlysolje. Etterlater huden, \u00f8ynene og leppene helt rene uten \u00e5 etterlate fettete rester p\u00e5 huden.<\/p>\n<p>100ml<\/p>\n","protected":false},"excerpt":{"rendered":"<p>BABOR Eye &amp; Heavy Make Up Remover er en to-fase renseprodukt for \u00f8yne og ansikt. En mild formel med utvalgte oljer som grundig fjerner vannfast sminke, samtidig som den er sk\u00e5nsom mot hud og \u00f8yevipper. Beriket med beroligende aloe vera, provitamin B5, E-vitamin og nattlysolje. Etterlater huden, \u00f8ynene og leppene helt rene uten \u00e5 etterlate [&hellip;]<\/p>\n","protected":false},"featured_media":375873,"comment_status":"open","ping_status":"closed","template":"","meta":{"_trash_the_other_posts":false},"product_brand":[],"product_cat":[735,999,653],"product_tag":[],"berocket_brand":[1987],"class_list":{"0":"post-375882","1":"product","2":"type-product","3":"status-publish","4":"has-post-thumbnail","6":"product_cat-kampanje","7":"product_cat-kampanjetilbud-for-henne","8":"product_cat-sminke-rengjorning","9":"pa_brand-babor","10":"berocket_brand-babor","12":"first","13":"instock","14":"sale","15":"taxable","16":"shipping-taxable","17":"purchasable","18":"product-type-simple"},"_links":{"self":[{"href":"https:\/\/stylingagenten.com\/no\/wp-json\/wp\/v2\/product\/375882","targetHints":{"allow":["GET"]}}],"collection":[{"href":"https:\/\/stylingagenten.com\/no\/wp-json\/wp\/v2\/product"}],"about":[{"href":"https:\/\/stylingagenten.com\/no\/wp-json\/wp\/v2\/types\/product"}],"replies":[{"embeddable":true,"href":"https:\/\/stylingagenten.com\/no\/wp-json\/wp\/v2\/comments?post=375882"}],"version-history":[{"count":0,"href":"https:\/\/stylingagenten.com\/no\/wp-json\/wp\/v2\/product\/375882\/revisions"}],"wp:featuredmedia":[{"embeddable":true,"href":"https:\/\/stylingagenten.com\/no\/wp-json\/wp\/v2\/media\/375873"}],"wp:attachment":[{"href":"https:\/\/stylingagenten.com\/no\/wp-json\/wp\/v2\/media?parent=375882"}],"wp:term":[{"taxonomy":"product_brand","embeddable":true,"href":"https:\/\/stylingagenten.com\/no\/wp-json\/wp\/v2\/product_brand?post=375882"},{"taxonomy":"product_cat","embeddable":true,"href":"https:\/\/stylingagenten.com\/no\/wp-json\/wp\/v2\/product_cat?post=375882"},{"taxonomy":"product_tag","embeddable":true,"href":"https:\/\/stylingagenten.com\/no\/wp-json\/wp\/v2\/product_tag?post=375882"},{"taxonomy":"berocket_brand","embeddable":true,"href":"https:\/\/stylingagenten.com\/no\/wp-json\/wp\/v2\/berocket_brand?post=375882"}],"curies":[{"name":"wp","href":"https:\/\/api.w.org\/{rel}","templated":true}]}}