{"id":375868,"date":"2025-05-18T20:55:21","date_gmt":"2025-05-18T20:55:21","guid":{"rendered":"https:\/\/staging2.stylingagenten.com\/no\/produkt\/babor-ampoule-concentrates-sos-calming-7x2ml\/"},"modified":"2026-03-10T02:47:38","modified_gmt":"2026-03-10T02:47:38","slug":"babor-ampoule-concentrates-sos-calming-7x2ml","status":"publish","type":"product","link":"https:\/\/stylingagenten.com\/no\/produkt\/babor-ampoule-concentrates-sos-calming-7x2ml\/","title":{"rendered":"BABOR Ampoule Concentrates SOS Calming 7x2ml"},"content":{"rendered":"<p>BABOR Ampoule Concentrates SOS Calming Ampuller er eksklusiv hudpleie i sin mest konsentrerte form \u2013 hjertet av BABORs behandlinger hjemme og i behandling. Engangsdoser fylt med sm\u00e5molekyl\u00e6re ingredienser, pakket i 2 ml sterile glassampuller. Hygieniske og godt bevarte ingredienser som gir aktiv hudpleie som n\u00e5r dypere enn et serum.<\/p>\n<p>SOS-ampullen basert p\u00e5 Aloe Vera gir ro til sensitiv, irritert og stresset hud. Cherimoya fruktekstrakt sammen med et soppeekstrakt reduserer hudens f\u00f8lsomhet, reaktivitet og kl\u00f8e. Huden gjenoppretter balansen, noe som ogs\u00e5 er viktig for \u00e5 motvirke stressrelatert hudaldring. Beroliger umiddelbart huden etter soling, lindrer solbrenthet, r\u00f8dhet og varme. Hjelper huden til \u00e5 komme seg!<\/p>\n<p>7x2ml<\/p>\n","protected":false},"excerpt":{"rendered":"<p>BABOR Ampoule Concentrates SOS Calming Ampuller er eksklusiv hudpleie i sin mest konsentrerte form \u2013 hjertet av BABORs behandlinger hjemme og i behandling. Engangsdoser fylt med sm\u00e5molekyl\u00e6re ingredienser, pakket i 2 ml sterile glassampuller. Hygieniske og godt bevarte ingredienser som gir aktiv hudpleie som n\u00e5r dypere enn et serum. SOS-ampullen basert p\u00e5 Aloe Vera gir [&hellip;]<\/p>\n","protected":false},"featured_media":375852,"comment_status":"open","ping_status":"closed","template":"","meta":{"_trash_the_other_posts":false},"product_brand":[],"product_cat":[735,999,614],"product_tag":[],"berocket_brand":[1987],"class_list":{"0":"post-375868","1":"product","2":"type-product","3":"status-publish","4":"has-post-thumbnail","6":"product_cat-kampanje","7":"product_cat-kampanjetilbud-for-henne","8":"product_cat-serum","9":"pa_brand-babor","10":"berocket_brand-babor","12":"first","13":"instock","14":"sale","15":"taxable","16":"shipping-taxable","17":"purchasable","18":"product-type-simple"},"_links":{"self":[{"href":"https:\/\/stylingagenten.com\/no\/wp-json\/wp\/v2\/product\/375868","targetHints":{"allow":["GET"]}}],"collection":[{"href":"https:\/\/stylingagenten.com\/no\/wp-json\/wp\/v2\/product"}],"about":[{"href":"https:\/\/stylingagenten.com\/no\/wp-json\/wp\/v2\/types\/product"}],"replies":[{"embeddable":true,"href":"https:\/\/stylingagenten.com\/no\/wp-json\/wp\/v2\/comments?post=375868"}],"version-history":[{"count":0,"href":"https:\/\/stylingagenten.com\/no\/wp-json\/wp\/v2\/product\/375868\/revisions"}],"wp:featuredmedia":[{"embeddable":true,"href":"https:\/\/stylingagenten.com\/no\/wp-json\/wp\/v2\/media\/375852"}],"wp:attachment":[{"href":"https:\/\/stylingagenten.com\/no\/wp-json\/wp\/v2\/media?parent=375868"}],"wp:term":[{"taxonomy":"product_brand","embeddable":true,"href":"https:\/\/stylingagenten.com\/no\/wp-json\/wp\/v2\/product_brand?post=375868"},{"taxonomy":"product_cat","embeddable":true,"href":"https:\/\/stylingagenten.com\/no\/wp-json\/wp\/v2\/product_cat?post=375868"},{"taxonomy":"product_tag","embeddable":true,"href":"https:\/\/stylingagenten.com\/no\/wp-json\/wp\/v2\/product_tag?post=375868"},{"taxonomy":"berocket_brand","embeddable":true,"href":"https:\/\/stylingagenten.com\/no\/wp-json\/wp\/v2\/berocket_brand?post=375868"}],"curies":[{"name":"wp","href":"https:\/\/api.w.org\/{rel}","templated":true}]}}