{"id":375864,"date":"2025-05-18T20:55:20","date_gmt":"2025-05-18T20:55:20","guid":{"rendered":"https:\/\/staging2.stylingagenten.com\/no\/produkt\/babor-ampoule-concentrates-lift-express-7x2ml\/"},"modified":"2026-03-26T20:57:31","modified_gmt":"2026-03-26T20:57:31","slug":"babor-ampoule-concentrates-lift-express-7x2ml","status":"publish","type":"product","link":"https:\/\/stylingagenten.com\/no\/produkt\/babor-ampoule-concentrates-lift-express-7x2ml\/","title":{"rendered":"BABOR Ampoule Concentrates Lift Express 7x2ml"},"content":{"rendered":"<p>BABOR Ampoule Concentrates Lift Express Ampuller er eksklusiv hudpleie i sin mest konsentrerte form \u2013 hjertet av BABORs behandlinger hjemme og p\u00e5 klinikk. Engangsdoser fylt med sm\u00e5molekyl\u00e6re ingredienser, pakket i 2 ml sterile glassampuller. Hygieniske og godt bevarte ingredienser som gir aktiv hudpleie som g\u00e5r dypere enn et serum.<\/p>\n<p>3D Firming er en engangsdose med aktivt konsentrat \u2013 mer aktivt enn et serum. Overlegen mot synlige tegn p\u00e5 hudaldring! 3D firming jobber utjevnende, forbedrer elastisiteten og styrker ansiktets konturer. Alt for \u00e5 gi et l\u00f8ft med fastere konturer, styrket kjevebein og mer spenstig hud. Inneholder ekstrakt fra gul valmue som styrker og former ansiktets konturer, samt fuktighetsgivende hyaluronsyre.<\/p>\n<p>Fastere ansiktskonturer og styrket kjevebein<\/p>\n<p>Utjevnende effekt<\/p>\n<p>\u00d8kt elastisitet<\/p>\n<p>7x2ml<\/p>\n","protected":false},"excerpt":{"rendered":"<p>BABOR Ampoule Concentrates Lift Express Ampuller er eksklusiv hudpleie i sin mest konsentrerte form \u2013 hjertet av BABORs behandlinger hjemme og p\u00e5 klinikk. Engangsdoser fylt med sm\u00e5molekyl\u00e6re ingredienser, pakket i 2 ml sterile glassampuller. Hygieniske og godt bevarte ingredienser som gir aktiv hudpleie som g\u00e5r dypere enn et serum. 3D Firming er en engangsdose med [&hellip;]<\/p>\n","protected":false},"featured_media":375854,"comment_status":"open","ping_status":"closed","template":"","meta":{"_trash_the_other_posts":false},"product_brand":[],"product_cat":[735,999,614],"product_tag":[],"berocket_brand":[1987],"class_list":{"0":"post-375864","1":"product","2":"type-product","3":"status-publish","4":"has-post-thumbnail","6":"product_cat-kampanje","7":"product_cat-kampanjetilbud-for-henne","8":"product_cat-serum","9":"pa_brand-babor","10":"berocket_brand-babor","12":"first","13":"instock","14":"sale","15":"taxable","16":"shipping-taxable","17":"purchasable","18":"product-type-simple"},"_links":{"self":[{"href":"https:\/\/stylingagenten.com\/no\/wp-json\/wp\/v2\/product\/375864","targetHints":{"allow":["GET"]}}],"collection":[{"href":"https:\/\/stylingagenten.com\/no\/wp-json\/wp\/v2\/product"}],"about":[{"href":"https:\/\/stylingagenten.com\/no\/wp-json\/wp\/v2\/types\/product"}],"replies":[{"embeddable":true,"href":"https:\/\/stylingagenten.com\/no\/wp-json\/wp\/v2\/comments?post=375864"}],"version-history":[{"count":0,"href":"https:\/\/stylingagenten.com\/no\/wp-json\/wp\/v2\/product\/375864\/revisions"}],"wp:featuredmedia":[{"embeddable":true,"href":"https:\/\/stylingagenten.com\/no\/wp-json\/wp\/v2\/media\/375854"}],"wp:attachment":[{"href":"https:\/\/stylingagenten.com\/no\/wp-json\/wp\/v2\/media?parent=375864"}],"wp:term":[{"taxonomy":"product_brand","embeddable":true,"href":"https:\/\/stylingagenten.com\/no\/wp-json\/wp\/v2\/product_brand?post=375864"},{"taxonomy":"product_cat","embeddable":true,"href":"https:\/\/stylingagenten.com\/no\/wp-json\/wp\/v2\/product_cat?post=375864"},{"taxonomy":"product_tag","embeddable":true,"href":"https:\/\/stylingagenten.com\/no\/wp-json\/wp\/v2\/product_tag?post=375864"},{"taxonomy":"berocket_brand","embeddable":true,"href":"https:\/\/stylingagenten.com\/no\/wp-json\/wp\/v2\/berocket_brand?post=375864"}],"curies":[{"name":"wp","href":"https:\/\/api.w.org\/{rel}","templated":true}]}}