{"id":375828,"date":"2025-05-18T20:55:14","date_gmt":"2025-05-18T20:55:14","guid":{"rendered":"https:\/\/staging2.stylingagenten.com\/no\/produkt\/babor-hsr-lifting-anti-wrinkle-face-serum-30ml\/"},"modified":"2026-03-12T15:07:38","modified_gmt":"2026-03-12T15:07:38","slug":"babor-hsr-lifting-anti-wrinkle-face-serum-30ml","status":"publish","type":"product","link":"https:\/\/stylingagenten.com\/no\/produkt\/babor-hsr-lifting-anti-wrinkle-face-serum-30ml\/","title":{"rendered":"BABOR HSR Lifting Anti-Wrinkle Face Serum 30ml"},"content":{"rendered":"<p>BABOR HSR Lifting Anti-Wrinkle Face Serum er eksperten mot linjer og rynker. Et superkonsentrert serum som brukes sammen med HSR Lifting Cream\/Cream Rich for maksimal l\u00f8fteeffekt. Effektiv mot alle typer linjer og rynker, som uttrykkslinjer, tyngdelinjer, t\u00f8rrhetslinjer og mot en av hoved\u00e5rsakene til alle rynker: redusert elastisitet i huden. Aktiverer dannelsen av kollagenfibrer og bevarer hudens elastisitet samtidig som den reduserer rynker ved \u00e5 redusere glykasjonen av kollagenfibrene. Oppgradert med en naturlig glykosid som bremser dannelsen av nye linjer og rynker, og naturlige polysakkarider fra havtornfr\u00f8 som gir en oppstrammende effekt. De danner en film p\u00e5 huden som gir en umiddelbar utjevnende effekt \u2013 en \u201cfilter-look.\u201d<\/p>\n<p>30ml<\/p>\n","protected":false},"excerpt":{"rendered":"<p>BABOR HSR Lifting Anti-Wrinkle Face Serum er eksperten mot linjer og rynker. Et superkonsentrert serum som brukes sammen med HSR Lifting Cream\/Cream Rich for maksimal l\u00f8fteeffekt. Effektiv mot alle typer linjer og rynker, som uttrykkslinjer, tyngdelinjer, t\u00f8rrhetslinjer og mot en av hoved\u00e5rsakene til alle rynker: redusert elastisitet i huden. Aktiverer dannelsen av kollagenfibrer og bevarer [&hellip;]<\/p>\n","protected":false},"featured_media":375815,"comment_status":"open","ping_status":"closed","template":"","meta":{"_trash_the_other_posts":false},"product_brand":[],"product_cat":[735,999,614],"product_tag":[],"berocket_brand":[1987],"class_list":{"0":"post-375828","1":"product","2":"type-product","3":"status-publish","4":"has-post-thumbnail","6":"product_cat-kampanje","7":"product_cat-kampanjetilbud-for-henne","8":"product_cat-serum","9":"pa_brand-babor","10":"berocket_brand-babor","12":"first","13":"instock","14":"sale","15":"taxable","16":"shipping-taxable","17":"purchasable","18":"product-type-simple"},"_links":{"self":[{"href":"https:\/\/stylingagenten.com\/no\/wp-json\/wp\/v2\/product\/375828","targetHints":{"allow":["GET"]}}],"collection":[{"href":"https:\/\/stylingagenten.com\/no\/wp-json\/wp\/v2\/product"}],"about":[{"href":"https:\/\/stylingagenten.com\/no\/wp-json\/wp\/v2\/types\/product"}],"replies":[{"embeddable":true,"href":"https:\/\/stylingagenten.com\/no\/wp-json\/wp\/v2\/comments?post=375828"}],"version-history":[{"count":0,"href":"https:\/\/stylingagenten.com\/no\/wp-json\/wp\/v2\/product\/375828\/revisions"}],"wp:featuredmedia":[{"embeddable":true,"href":"https:\/\/stylingagenten.com\/no\/wp-json\/wp\/v2\/media\/375815"}],"wp:attachment":[{"href":"https:\/\/stylingagenten.com\/no\/wp-json\/wp\/v2\/media?parent=375828"}],"wp:term":[{"taxonomy":"product_brand","embeddable":true,"href":"https:\/\/stylingagenten.com\/no\/wp-json\/wp\/v2\/product_brand?post=375828"},{"taxonomy":"product_cat","embeddable":true,"href":"https:\/\/stylingagenten.com\/no\/wp-json\/wp\/v2\/product_cat?post=375828"},{"taxonomy":"product_tag","embeddable":true,"href":"https:\/\/stylingagenten.com\/no\/wp-json\/wp\/v2\/product_tag?post=375828"},{"taxonomy":"berocket_brand","embeddable":true,"href":"https:\/\/stylingagenten.com\/no\/wp-json\/wp\/v2\/berocket_brand?post=375828"}],"curies":[{"name":"wp","href":"https:\/\/api.w.org\/{rel}","templated":true}]}}