{"id":375782,"date":"2025-05-18T20:55:06","date_gmt":"2025-05-18T20:55:06","guid":{"rendered":"https:\/\/staging2.stylingagenten.com\/no\/produkt\/antonio-banderas-her-secret-temptation-edt-80ml\/"},"modified":"2026-04-04T09:28:49","modified_gmt":"2026-04-04T09:28:49","slug":"antonio-banderas-her-secret-temptation-edt-80ml","status":"publish","type":"product","link":"https:\/\/stylingagenten.com\/no\/produkt\/antonio-banderas-her-secret-temptation-edt-80ml\/","title":{"rendered":"Antonio Banderas Her Secret Temptation Edt 80ml"},"content":{"rendered":"<p style='margin-top:0cm;margin-right:0cm;margin-bottom:8.0pt;margin-left:0cm;font-size:15px;font-family:\"Calibri\",sans-serif'> En invitasjon til \u00e5 gi etter for dine mest hemmelige \u00f8nsker. En reise til en skjult verden av sensualitet og tiltrekning. Er du klar til \u00e5 pr\u00f8ve det?<\/p>\n<p style='margin: 0cm 0cm 8pt;font-family: \"Calibri\", sans-serif'>Toppnoter: sitrus, bergamot, appelsin, fersken, r\u00f8d pepper<br \/>Hovednoter: appelsinblomst, iris, sambac jasmin<br \/>Basenoter: sedertre, vanilje , Amber, Musk<\/p>\n","protected":false},"excerpt":{"rendered":"<p>En invitasjon til \u00e5 gi etter for dine mest hemmelige \u00f8nsker. En reise til en skjult verden av sensualitet og tiltrekning. Er du klar til \u00e5 pr\u00f8ve det? Toppnoter: sitrus, bergamot, appelsin, fersken, r\u00f8d pepperHovednoter: appelsinblomst, iris, sambac jasminBasenoter: sedertre, vanilje , Amber, Musk<\/p>\n","protected":false},"featured_media":375780,"comment_status":"open","ping_status":"closed","template":"","meta":{"_trash_the_other_posts":false},"product_brand":[],"product_cat":[707,735,999],"product_tag":[2372],"berocket_brand":[1072],"class_list":{"0":"post-375782","1":"product","2":"type-product","3":"status-publish","4":"has-post-thumbnail","6":"product_cat-eau-de-toilette-dame","7":"product_cat-kampanje","8":"product_cat-kampanjetilbud-for-henne","9":"product_tag-antonio-banderas-her-secret-temptation-edt","10":"pa_brand-antonio-banderas","11":"pa_variant-80ml","12":"berocket_brand-antonio-banderas","14":"first","15":"instock","16":"sale","17":"taxable","18":"shipping-taxable","19":"purchasable","20":"product-type-simple"},"_links":{"self":[{"href":"https:\/\/stylingagenten.com\/no\/wp-json\/wp\/v2\/product\/375782","targetHints":{"allow":["GET"]}}],"collection":[{"href":"https:\/\/stylingagenten.com\/no\/wp-json\/wp\/v2\/product"}],"about":[{"href":"https:\/\/stylingagenten.com\/no\/wp-json\/wp\/v2\/types\/product"}],"replies":[{"embeddable":true,"href":"https:\/\/stylingagenten.com\/no\/wp-json\/wp\/v2\/comments?post=375782"}],"version-history":[{"count":0,"href":"https:\/\/stylingagenten.com\/no\/wp-json\/wp\/v2\/product\/375782\/revisions"}],"wp:featuredmedia":[{"embeddable":true,"href":"https:\/\/stylingagenten.com\/no\/wp-json\/wp\/v2\/media\/375780"}],"wp:attachment":[{"href":"https:\/\/stylingagenten.com\/no\/wp-json\/wp\/v2\/media?parent=375782"}],"wp:term":[{"taxonomy":"product_brand","embeddable":true,"href":"https:\/\/stylingagenten.com\/no\/wp-json\/wp\/v2\/product_brand?post=375782"},{"taxonomy":"product_cat","embeddable":true,"href":"https:\/\/stylingagenten.com\/no\/wp-json\/wp\/v2\/product_cat?post=375782"},{"taxonomy":"product_tag","embeddable":true,"href":"https:\/\/stylingagenten.com\/no\/wp-json\/wp\/v2\/product_tag?post=375782"},{"taxonomy":"berocket_brand","embeddable":true,"href":"https:\/\/stylingagenten.com\/no\/wp-json\/wp\/v2\/berocket_brand?post=375782"}],"curies":[{"name":"wp","href":"https:\/\/api.w.org\/{rel}","templated":true}]}}