{"id":375756,"date":"2025-05-18T20:55:00","date_gmt":"2025-05-18T20:55:00","guid":{"rendered":"https:\/\/staging2.stylingagenten.com\/no\/produkt\/cacharel-lou-lou-edp-50ml\/"},"modified":"2026-03-12T12:37:45","modified_gmt":"2026-03-12T12:37:45","slug":"cacharel-lou-lou-edp-50ml","status":"publish","type":"product","link":"https:\/\/stylingagenten.com\/no\/produkt\/cacharel-lou-lou-edp-50ml\/","title":{"rendered":"Cacharel Lou Lou Edp 50ml"},"content":{"rendered":"<p><strong>Lou Lou, EdP&nbsp;<\/strong> fra Cacharel er en rik, kraftig, s\u00e6regen og tidl\u00f8s parfyme. Duften er berusende med et provoserende utseende som b\u00e6rer med seg sin attraktivitet.<\/p>\n<p><strong>Duftfamilie<\/strong> &ndash; Orientalsk\/blomstret<strong><br \/>Toppnotater&nbsp;<\/strong>&ndash; Fiolett, plomme, solb\u00e6r, ringblomst og anis<strong><br \/>Mellomnoter<\/strong> &ndash; Tiare, tuberose, ylang-ylang og appelsinblomst<strong><br \/>Basenoter<\/strong> &ndash; Iris, tonkab\u00f8nner, vanilje og balsam<\/p>\n","protected":false},"excerpt":{"rendered":"<p>Lou Lou, EdP&nbsp; fra Cacharel er en rik, kraftig, s\u00e6regen og tidl\u00f8s parfyme. Duften er berusende med et provoserende utseende som b\u00e6rer med seg sin attraktivitet. Duftfamilie &ndash; Orientalsk\/blomstretToppnotater&nbsp;&ndash; Fiolett, plomme, solb\u00e6r, ringblomst og anisMellomnoter &ndash; Tiare, tuberose, ylang-ylang og appelsinblomstBasenoter &ndash; Iris, tonkab\u00f8nner, vanilje og balsam<\/p>\n","protected":false},"featured_media":375748,"comment_status":"open","ping_status":"closed","template":"","meta":{"_trash_the_other_posts":false},"product_brand":[],"product_cat":[1003,786,706,735,999],"product_tag":[2621],"berocket_brand":[1098],"class_list":{"0":"post-375756","1":"product","2":"type-product","3":"status-publish","4":"has-post-thumbnail","6":"product_cat-bestselgere","7":"product_cat-cacharel-lou-lou","8":"product_cat-eau-de-parfum-dame","9":"product_cat-kampanje","10":"product_cat-kampanjetilbud-for-henne","11":"product_tag-cacharel-lou-lou-edp","12":"pa_brand-cacharel","13":"pa_variant-50ml","14":"berocket_brand-cacharel","16":"first","17":"outofstock","18":"sale","19":"taxable","20":"shipping-taxable","21":"purchasable","22":"product-type-simple"},"_links":{"self":[{"href":"https:\/\/stylingagenten.com\/no\/wp-json\/wp\/v2\/product\/375756","targetHints":{"allow":["GET"]}}],"collection":[{"href":"https:\/\/stylingagenten.com\/no\/wp-json\/wp\/v2\/product"}],"about":[{"href":"https:\/\/stylingagenten.com\/no\/wp-json\/wp\/v2\/types\/product"}],"replies":[{"embeddable":true,"href":"https:\/\/stylingagenten.com\/no\/wp-json\/wp\/v2\/comments?post=375756"}],"version-history":[{"count":0,"href":"https:\/\/stylingagenten.com\/no\/wp-json\/wp\/v2\/product\/375756\/revisions"}],"wp:featuredmedia":[{"embeddable":true,"href":"https:\/\/stylingagenten.com\/no\/wp-json\/wp\/v2\/media\/375748"}],"wp:attachment":[{"href":"https:\/\/stylingagenten.com\/no\/wp-json\/wp\/v2\/media?parent=375756"}],"wp:term":[{"taxonomy":"product_brand","embeddable":true,"href":"https:\/\/stylingagenten.com\/no\/wp-json\/wp\/v2\/product_brand?post=375756"},{"taxonomy":"product_cat","embeddable":true,"href":"https:\/\/stylingagenten.com\/no\/wp-json\/wp\/v2\/product_cat?post=375756"},{"taxonomy":"product_tag","embeddable":true,"href":"https:\/\/stylingagenten.com\/no\/wp-json\/wp\/v2\/product_tag?post=375756"},{"taxonomy":"berocket_brand","embeddable":true,"href":"https:\/\/stylingagenten.com\/no\/wp-json\/wp\/v2\/berocket_brand?post=375756"}],"curies":[{"name":"wp","href":"https:\/\/api.w.org\/{rel}","templated":true}]}}