{"id":375730,"date":"2025-05-18T20:54:56","date_gmt":"2025-05-18T20:54:56","guid":{"rendered":"https:\/\/staging2.stylingagenten.com\/no\/produkt\/chloe-edp-50ml\/"},"modified":"2026-04-15T06:39:45","modified_gmt":"2026-04-15T06:39:45","slug":"chloe-edp-50ml","status":"publish","type":"product","link":"https:\/\/stylingagenten.com\/no\/produkt\/chloe-edp-50ml\/","title":{"rendered":"Chlo\u00e9 Edp 50ml"},"content":{"rendered":"<p>Chlo&eacute; &nbsp;&auml;er en varm, farlig og vanedannende duft. Friske, gr\u00f8nne, luftige toner blir sterkere og mer sensuelle, og avsl\u00f8rer det glatte indre av roseknoppen. Basen best\u00e5r av varmt rav, honning og elegant sedertre; for \u00e5 skape en myk finish.<\/p>\n<p><strong>Duftnoter:<\/strong> rosa peon, fresia, litchi, magnoliablomst, liljekonvall, rose, sedertre, ambra og amp; kj\u00e6re.<\/p>\n","protected":false},"excerpt":{"rendered":"<p>Chlo&eacute; &nbsp;&auml;er en varm, farlig og vanedannende duft. Friske, gr\u00f8nne, luftige toner blir sterkere og mer sensuelle, og avsl\u00f8rer det glatte indre av roseknoppen. Basen best\u00e5r av varmt rav, honning og elegant sedertre; for \u00e5 skape en myk finish. Duftnoter: rosa peon, fresia, litchi, magnoliablomst, liljekonvall, rose, sedertre, ambra og amp; kj\u00e6re.<\/p>\n","protected":false},"featured_media":375718,"comment_status":"open","ping_status":"closed","template":"","meta":{"_trash_the_other_posts":false},"product_brand":[],"product_cat":[706,735,999],"product_tag":[2678],"berocket_brand":[1101],"class_list":{"0":"post-375730","1":"product","2":"type-product","3":"status-publish","4":"has-post-thumbnail","6":"product_cat-eau-de-parfum-dame","7":"product_cat-kampanje","8":"product_cat-kampanjetilbud-for-henne","9":"product_tag-chloe-edp","10":"pa_brand-chloe","11":"pa_variant-50ml","12":"berocket_brand-chloe","14":"first","15":"outofstock","16":"sale","17":"taxable","18":"shipping-taxable","19":"purchasable","20":"product-type-simple"},"_links":{"self":[{"href":"https:\/\/stylingagenten.com\/no\/wp-json\/wp\/v2\/product\/375730","targetHints":{"allow":["GET"]}}],"collection":[{"href":"https:\/\/stylingagenten.com\/no\/wp-json\/wp\/v2\/product"}],"about":[{"href":"https:\/\/stylingagenten.com\/no\/wp-json\/wp\/v2\/types\/product"}],"replies":[{"embeddable":true,"href":"https:\/\/stylingagenten.com\/no\/wp-json\/wp\/v2\/comments?post=375730"}],"version-history":[{"count":0,"href":"https:\/\/stylingagenten.com\/no\/wp-json\/wp\/v2\/product\/375730\/revisions"}],"wp:featuredmedia":[{"embeddable":true,"href":"https:\/\/stylingagenten.com\/no\/wp-json\/wp\/v2\/media\/375718"}],"wp:attachment":[{"href":"https:\/\/stylingagenten.com\/no\/wp-json\/wp\/v2\/media?parent=375730"}],"wp:term":[{"taxonomy":"product_brand","embeddable":true,"href":"https:\/\/stylingagenten.com\/no\/wp-json\/wp\/v2\/product_brand?post=375730"},{"taxonomy":"product_cat","embeddable":true,"href":"https:\/\/stylingagenten.com\/no\/wp-json\/wp\/v2\/product_cat?post=375730"},{"taxonomy":"product_tag","embeddable":true,"href":"https:\/\/stylingagenten.com\/no\/wp-json\/wp\/v2\/product_tag?post=375730"},{"taxonomy":"berocket_brand","embeddable":true,"href":"https:\/\/stylingagenten.com\/no\/wp-json\/wp\/v2\/berocket_brand?post=375730"}],"curies":[{"name":"wp","href":"https:\/\/api.w.org\/{rel}","templated":true}]}}