{"id":375682,"date":"2025-05-18T20:54:48","date_gmt":"2025-05-18T20:54:48","guid":{"rendered":"https:\/\/staging2.stylingagenten.com\/no\/produkt\/chloe-edp-30ml\/"},"modified":"2026-03-25T14:28:54","modified_gmt":"2026-03-25T14:28:54","slug":"chloe-edp-30ml","status":"publish","type":"product","link":"https:\/\/stylingagenten.com\/no\/produkt\/chloe-edp-30ml\/","title":{"rendered":"Chlo\u00e9 Edp 30ml"},"content":{"rendered":"<p>Chlo&eacute; fanger den kreative, selvsikre individualismen til en selvsikker, sterk kvinne med en medf\u00f8dt f\u00f8lelse av elegant og naturlig sexappeal. Chloe&eacute; Eau de Parfum endrer konseptet femininitet ved \u00e5 ta en klassisk, vakker rose og forvandle den til en levende, pudret og floral Eau de Parfum. Det er en varm, sensuell og vanedannende duft. Friske, gr\u00f8nne, luftige toner blir sterkere og mer sensuelle, og avsl\u00f8rer det glatte indre av roseknoppen. Basen best\u00e5r av varmt rav, honning og elegant sedertre; for \u00e5 skape en myk finish.<\/p>\n<p><strong>Duftnoter:<\/strong> rosa peon, fresia, litchi, magnoliablomst, liljekonvall, rose, sedertre, ambra og amp; kj\u00e6re.<\/p>\n","protected":false},"excerpt":{"rendered":"<p>Chlo&eacute; fanger den kreative, selvsikre individualismen til en selvsikker, sterk kvinne med en medf\u00f8dt f\u00f8lelse av elegant og naturlig sexappeal. Chloe&eacute; Eau de Parfum endrer konseptet femininitet ved \u00e5 ta en klassisk, vakker rose og forvandle den til en levende, pudret og floral Eau de Parfum. Det er en varm, sensuell og vanedannende duft. Friske, [&hellip;]<\/p>\n","protected":false},"featured_media":375680,"comment_status":"open","ping_status":"closed","template":"","meta":{"_trash_the_other_posts":false},"product_brand":[],"product_cat":[706,735,999],"product_tag":[2678],"berocket_brand":[1101],"class_list":{"0":"post-375682","1":"product","2":"type-product","3":"status-publish","4":"has-post-thumbnail","6":"product_cat-eau-de-parfum-dame","7":"product_cat-kampanje","8":"product_cat-kampanjetilbud-for-henne","9":"product_tag-chloe-edp","10":"pa_brand-chloe","11":"pa_variant-30ml","12":"berocket_brand-chloe","14":"first","15":"instock","16":"sale","17":"taxable","18":"shipping-taxable","19":"purchasable","20":"product-type-simple"},"_links":{"self":[{"href":"https:\/\/stylingagenten.com\/no\/wp-json\/wp\/v2\/product\/375682","targetHints":{"allow":["GET"]}}],"collection":[{"href":"https:\/\/stylingagenten.com\/no\/wp-json\/wp\/v2\/product"}],"about":[{"href":"https:\/\/stylingagenten.com\/no\/wp-json\/wp\/v2\/types\/product"}],"replies":[{"embeddable":true,"href":"https:\/\/stylingagenten.com\/no\/wp-json\/wp\/v2\/comments?post=375682"}],"version-history":[{"count":0,"href":"https:\/\/stylingagenten.com\/no\/wp-json\/wp\/v2\/product\/375682\/revisions"}],"wp:featuredmedia":[{"embeddable":true,"href":"https:\/\/stylingagenten.com\/no\/wp-json\/wp\/v2\/media\/375680"}],"wp:attachment":[{"href":"https:\/\/stylingagenten.com\/no\/wp-json\/wp\/v2\/media?parent=375682"}],"wp:term":[{"taxonomy":"product_brand","embeddable":true,"href":"https:\/\/stylingagenten.com\/no\/wp-json\/wp\/v2\/product_brand?post=375682"},{"taxonomy":"product_cat","embeddable":true,"href":"https:\/\/stylingagenten.com\/no\/wp-json\/wp\/v2\/product_cat?post=375682"},{"taxonomy":"product_tag","embeddable":true,"href":"https:\/\/stylingagenten.com\/no\/wp-json\/wp\/v2\/product_tag?post=375682"},{"taxonomy":"berocket_brand","embeddable":true,"href":"https:\/\/stylingagenten.com\/no\/wp-json\/wp\/v2\/berocket_brand?post=375682"}],"curies":[{"name":"wp","href":"https:\/\/api.w.org\/{rel}","templated":true}]}}