{"id":375661,"date":"2025-05-18T20:54:44","date_gmt":"2025-05-18T20:54:44","guid":{"rendered":"https:\/\/staging2.stylingagenten.com\/no\/produkt\/guess-woman-edp-75ml\/"},"modified":"2026-04-14T21:08:49","modified_gmt":"2026-04-14T21:08:49","slug":"guess-woman-edp-75ml","status":"publish","type":"product","link":"https:\/\/stylingagenten.com\/no\/produkt\/guess-woman-edp-75ml\/","title":{"rendered":"Guess Woman Edp 75ml"},"content":{"rendered":"<p>Guess for Woman, EdP er en floral og fruktig duft som ligger tett mot huden. Sensuell, forfriskende og spennende herlig.<\/p>\n<p>Toppnoter: Bergamot, mandarin, gr\u00f8nt eple og markjordb\u00e6r<br \/>Hjertenoter: Liljekonvall, ylang-ylang, sjasmin, fresia, magnolia, peon, r\u00f8d b\u00e6r og fersken<br \/>Basenoter: Musk, rav, eikemose og sedertre<\/p>\n","protected":false},"excerpt":{"rendered":"<p>Guess for Woman, EdP er en floral og fruktig duft som ligger tett mot huden. Sensuell, forfriskende og spennende herlig. Toppnoter: Bergamot, mandarin, gr\u00f8nt eple og markjordb\u00e6rHjertenoter: Liljekonvall, ylang-ylang, sjasmin, fresia, magnolia, peon, r\u00f8d b\u00e6r og ferskenBasenoter: Musk, rav, eikemose og sedertre<\/p>\n","protected":false},"featured_media":375659,"comment_status":"open","ping_status":"closed","template":"","meta":{"_trash_the_other_posts":false},"product_brand":[],"product_cat":[706,735,999],"product_tag":[],"berocket_brand":[1331],"class_list":{"0":"post-375661","1":"product","2":"type-product","3":"status-publish","4":"has-post-thumbnail","6":"product_cat-eau-de-parfum-dame","7":"product_cat-kampanje","8":"product_cat-kampanjetilbud-for-henne","9":"pa_brand-guess","10":"berocket_brand-guess","12":"first","13":"instock","14":"sale","15":"taxable","16":"shipping-taxable","17":"purchasable","18":"product-type-simple"},"_links":{"self":[{"href":"https:\/\/stylingagenten.com\/no\/wp-json\/wp\/v2\/product\/375661","targetHints":{"allow":["GET"]}}],"collection":[{"href":"https:\/\/stylingagenten.com\/no\/wp-json\/wp\/v2\/product"}],"about":[{"href":"https:\/\/stylingagenten.com\/no\/wp-json\/wp\/v2\/types\/product"}],"replies":[{"embeddable":true,"href":"https:\/\/stylingagenten.com\/no\/wp-json\/wp\/v2\/comments?post=375661"}],"version-history":[{"count":0,"href":"https:\/\/stylingagenten.com\/no\/wp-json\/wp\/v2\/product\/375661\/revisions"}],"wp:featuredmedia":[{"embeddable":true,"href":"https:\/\/stylingagenten.com\/no\/wp-json\/wp\/v2\/media\/375659"}],"wp:attachment":[{"href":"https:\/\/stylingagenten.com\/no\/wp-json\/wp\/v2\/media?parent=375661"}],"wp:term":[{"taxonomy":"product_brand","embeddable":true,"href":"https:\/\/stylingagenten.com\/no\/wp-json\/wp\/v2\/product_brand?post=375661"},{"taxonomy":"product_cat","embeddable":true,"href":"https:\/\/stylingagenten.com\/no\/wp-json\/wp\/v2\/product_cat?post=375661"},{"taxonomy":"product_tag","embeddable":true,"href":"https:\/\/stylingagenten.com\/no\/wp-json\/wp\/v2\/product_tag?post=375661"},{"taxonomy":"berocket_brand","embeddable":true,"href":"https:\/\/stylingagenten.com\/no\/wp-json\/wp\/v2\/berocket_brand?post=375661"}],"curies":[{"name":"wp","href":"https:\/\/api.w.org\/{rel}","templated":true}]}}