{"id":375654,"date":"2025-05-18T20:54:43","date_gmt":"2025-05-18T20:54:43","guid":{"rendered":"https:\/\/staging2.stylingagenten.com\/no\/produkt\/joop-all-about-eve-edp-40ml\/"},"modified":"2026-04-02T14:58:32","modified_gmt":"2026-04-02T14:58:32","slug":"joop-all-about-eve-edp-40ml","status":"publish","type":"product","link":"https:\/\/stylingagenten.com\/no\/produkt\/joop-all-about-eve-edp-40ml\/","title":{"rendered":"Joop! All About Eve Edp 40ml"},"content":{"rendered":"<p>All About Eve er en feminin og orientalsk duft som \u00e5pner med eple og ender med vanilje.<br \/>Eplet er annerledes, omgitt av fersken og gr\u00f8nne toner, som f\u00f8lger av blomster og krydret kanel.<br \/>Duften er lett \u00e5 kjenne igjen, som et sterkt barndomsminne om epler og kanel.<br \/>P\u00e5 slutten varmer den opp, takket v\u00e6re vanilje og den kremete og dr\u00f8mmende karakteren. Tonka, patchouli og sandeltre&auml; ved basen.&nbsp;<\/p>\n","protected":false},"excerpt":{"rendered":"<p>All About Eve er en feminin og orientalsk duft som \u00e5pner med eple og ender med vanilje.Eplet er annerledes, omgitt av fersken og gr\u00f8nne toner, som f\u00f8lger av blomster og krydret kanel.Duften er lett \u00e5 kjenne igjen, som et sterkt barndomsminne om epler og kanel.P\u00e5 slutten varmer den opp, takket v\u00e6re vanilje og den kremete [&hellip;]<\/p>\n","protected":false},"featured_media":375647,"comment_status":"open","ping_status":"closed","template":"","meta":{"_trash_the_other_posts":false},"product_brand":[],"product_cat":[1003,706,735,999],"product_tag":[],"berocket_brand":[1087],"class_list":{"0":"post-375654","1":"product","2":"type-product","3":"status-publish","4":"has-post-thumbnail","6":"product_cat-bestselgere","7":"product_cat-eau-de-parfum-dame","8":"product_cat-kampanje","9":"product_cat-kampanjetilbud-for-henne","10":"pa_brand-joop","11":"berocket_brand-joop","13":"first","14":"outofstock","15":"sale","16":"taxable","17":"shipping-taxable","18":"purchasable","19":"product-type-simple"},"_links":{"self":[{"href":"https:\/\/stylingagenten.com\/no\/wp-json\/wp\/v2\/product\/375654","targetHints":{"allow":["GET"]}}],"collection":[{"href":"https:\/\/stylingagenten.com\/no\/wp-json\/wp\/v2\/product"}],"about":[{"href":"https:\/\/stylingagenten.com\/no\/wp-json\/wp\/v2\/types\/product"}],"replies":[{"embeddable":true,"href":"https:\/\/stylingagenten.com\/no\/wp-json\/wp\/v2\/comments?post=375654"}],"version-history":[{"count":0,"href":"https:\/\/stylingagenten.com\/no\/wp-json\/wp\/v2\/product\/375654\/revisions"}],"wp:featuredmedia":[{"embeddable":true,"href":"https:\/\/stylingagenten.com\/no\/wp-json\/wp\/v2\/media\/375647"}],"wp:attachment":[{"href":"https:\/\/stylingagenten.com\/no\/wp-json\/wp\/v2\/media?parent=375654"}],"wp:term":[{"taxonomy":"product_brand","embeddable":true,"href":"https:\/\/stylingagenten.com\/no\/wp-json\/wp\/v2\/product_brand?post=375654"},{"taxonomy":"product_cat","embeddable":true,"href":"https:\/\/stylingagenten.com\/no\/wp-json\/wp\/v2\/product_cat?post=375654"},{"taxonomy":"product_tag","embeddable":true,"href":"https:\/\/stylingagenten.com\/no\/wp-json\/wp\/v2\/product_tag?post=375654"},{"taxonomy":"berocket_brand","embeddable":true,"href":"https:\/\/stylingagenten.com\/no\/wp-json\/wp\/v2\/berocket_brand?post=375654"}],"curies":[{"name":"wp","href":"https:\/\/api.w.org\/{rel}","templated":true}]}}