{"id":375617,"date":"2025-05-18T20:54:36","date_gmt":"2025-05-18T20:54:36","guid":{"rendered":"https:\/\/staging2.stylingagenten.com\/no\/produkt\/lanvin-eclat-darpege-edp-30ml\/"},"modified":"2026-04-13T12:09:43","modified_gmt":"2026-04-13T12:09:43","slug":"lanvin-eclat-darpege-edp-30ml","status":"publish","type":"product","link":"https:\/\/stylingagenten.com\/no\/produkt\/lanvin-eclat-darpege-edp-30ml\/","title":{"rendered":"Lanvin Eclat d&#8217;Arpege Edp 30ml"},"content":{"rendered":"<p>Lanvin &Eacute;clat d&acute;Arp&egrave;ge &auml; er en delikat, frisk og lett duft. Mens den er skarp og fruktig, har duften ogs\u00e5 et mykt og varmt element.<\/p>\n<p>Blomster\/frukt<br \/>Toppnoter: Gr\u00f8nn sorrel og sitronblad<br \/>Hjertenoter: Bl\u00e5tt regn, ferskenblomst, gr\u00f8nn te og r\u00f8d peon<br \/>Basenoter: hvit sedertre, musk og ambra<\/p>\n","protected":false},"excerpt":{"rendered":"<p>Lanvin &Eacute;clat d&acute;Arp&egrave;ge &auml; er en delikat, frisk og lett duft. Mens den er skarp og fruktig, har duften ogs\u00e5 et mykt og varmt element. Blomster\/fruktToppnoter: Gr\u00f8nn sorrel og sitronbladHjertenoter: Bl\u00e5tt regn, ferskenblomst, gr\u00f8nn te og r\u00f8d peonBasenoter: hvit sedertre, musk og ambra<\/p>\n","protected":false},"featured_media":375606,"comment_status":"open","ping_status":"closed","template":"","meta":{"_trash_the_other_posts":false},"product_brand":[],"product_cat":[1003,706,946],"product_tag":[3189],"berocket_brand":[1105],"class_list":{"0":"post-375617","1":"product","2":"type-product","3":"status-publish","4":"has-post-thumbnail","6":"product_cat-bestselgere","7":"product_cat-eau-de-parfum-dame","8":"product_cat-lanvin-eclat-darpege","9":"product_tag-lanvin-eclat-darpege-edp","10":"pa_brand-lanvin","11":"pa_variant-30ml","12":"berocket_brand-lanvin","14":"first","15":"instock","16":"sale","17":"taxable","18":"shipping-taxable","19":"purchasable","20":"product-type-simple"},"_links":{"self":[{"href":"https:\/\/stylingagenten.com\/no\/wp-json\/wp\/v2\/product\/375617","targetHints":{"allow":["GET"]}}],"collection":[{"href":"https:\/\/stylingagenten.com\/no\/wp-json\/wp\/v2\/product"}],"about":[{"href":"https:\/\/stylingagenten.com\/no\/wp-json\/wp\/v2\/types\/product"}],"replies":[{"embeddable":true,"href":"https:\/\/stylingagenten.com\/no\/wp-json\/wp\/v2\/comments?post=375617"}],"version-history":[{"count":0,"href":"https:\/\/stylingagenten.com\/no\/wp-json\/wp\/v2\/product\/375617\/revisions"}],"wp:featuredmedia":[{"embeddable":true,"href":"https:\/\/stylingagenten.com\/no\/wp-json\/wp\/v2\/media\/375606"}],"wp:attachment":[{"href":"https:\/\/stylingagenten.com\/no\/wp-json\/wp\/v2\/media?parent=375617"}],"wp:term":[{"taxonomy":"product_brand","embeddable":true,"href":"https:\/\/stylingagenten.com\/no\/wp-json\/wp\/v2\/product_brand?post=375617"},{"taxonomy":"product_cat","embeddable":true,"href":"https:\/\/stylingagenten.com\/no\/wp-json\/wp\/v2\/product_cat?post=375617"},{"taxonomy":"product_tag","embeddable":true,"href":"https:\/\/stylingagenten.com\/no\/wp-json\/wp\/v2\/product_tag?post=375617"},{"taxonomy":"berocket_brand","embeddable":true,"href":"https:\/\/stylingagenten.com\/no\/wp-json\/wp\/v2\/berocket_brand?post=375617"}],"curies":[{"name":"wp","href":"https:\/\/api.w.org\/{rel}","templated":true}]}}