{"id":375591,"date":"2025-05-18T20:54:31","date_gmt":"2025-05-18T20:54:31","guid":{"rendered":"https:\/\/staging2.stylingagenten.com\/no\/produkt\/jean-paul-gaultier-classique-edt-50ml\/"},"modified":"2026-04-12T13:48:42","modified_gmt":"2026-04-12T13:48:42","slug":"jean-paul-gaultier-classique-edt-50ml","status":"publish","type":"product","link":"https:\/\/stylingagenten.com\/no\/produkt\/jean-paul-gaultier-classique-edt-50ml\/","title":{"rendered":"Jean Paul Gaultier Classique Edt 50ml"},"content":{"rendered":"<p>Jean Paul Gaultier Classique Edt er en sensuell, floral og pudderaktig duft. Noter av vanilje vekker minner til live mens ingef\u00e6r styrker med sine afrodisiakumegenskaper. Appelsinblomst gir en uimotst\u00e5elig mykhet.&nbsp;<\/p>\n<p>Duftnoter: appelsinblomst, ingef\u00e6r, ambra, mandarin, orkide, iris og myk vanilje.<\/p>\n","protected":false},"excerpt":{"rendered":"<p>Jean Paul Gaultier Classique Edt er en sensuell, floral og pudderaktig duft. Noter av vanilje vekker minner til live mens ingef\u00e6r styrker med sine afrodisiakumegenskaper. Appelsinblomst gir en uimotst\u00e5elig mykhet.&nbsp; Duftnoter: appelsinblomst, ingef\u00e6r, ambra, mandarin, orkide, iris og myk vanilje.<\/p>\n","protected":false},"featured_media":375584,"comment_status":"open","ping_status":"closed","template":"","meta":{"_trash_the_other_posts":false},"product_brand":[],"product_cat":[707,735,999],"product_tag":[],"berocket_brand":[1353],"class_list":{"0":"post-375591","1":"product","2":"type-product","3":"status-publish","4":"has-post-thumbnail","6":"product_cat-eau-de-toilette-dame","7":"product_cat-kampanje","8":"product_cat-kampanjetilbud-for-henne","9":"pa_brand-jean-paul-gaultier","10":"berocket_brand-jean-paul-gaultier","12":"first","13":"instock","14":"sale","15":"taxable","16":"shipping-taxable","17":"purchasable","18":"product-type-simple"},"_links":{"self":[{"href":"https:\/\/stylingagenten.com\/no\/wp-json\/wp\/v2\/product\/375591","targetHints":{"allow":["GET"]}}],"collection":[{"href":"https:\/\/stylingagenten.com\/no\/wp-json\/wp\/v2\/product"}],"about":[{"href":"https:\/\/stylingagenten.com\/no\/wp-json\/wp\/v2\/types\/product"}],"replies":[{"embeddable":true,"href":"https:\/\/stylingagenten.com\/no\/wp-json\/wp\/v2\/comments?post=375591"}],"version-history":[{"count":0,"href":"https:\/\/stylingagenten.com\/no\/wp-json\/wp\/v2\/product\/375591\/revisions"}],"wp:featuredmedia":[{"embeddable":true,"href":"https:\/\/stylingagenten.com\/no\/wp-json\/wp\/v2\/media\/375584"}],"wp:attachment":[{"href":"https:\/\/stylingagenten.com\/no\/wp-json\/wp\/v2\/media?parent=375591"}],"wp:term":[{"taxonomy":"product_brand","embeddable":true,"href":"https:\/\/stylingagenten.com\/no\/wp-json\/wp\/v2\/product_brand?post=375591"},{"taxonomy":"product_cat","embeddable":true,"href":"https:\/\/stylingagenten.com\/no\/wp-json\/wp\/v2\/product_cat?post=375591"},{"taxonomy":"product_tag","embeddable":true,"href":"https:\/\/stylingagenten.com\/no\/wp-json\/wp\/v2\/product_tag?post=375591"},{"taxonomy":"berocket_brand","embeddable":true,"href":"https:\/\/stylingagenten.com\/no\/wp-json\/wp\/v2\/berocket_brand?post=375591"}],"curies":[{"name":"wp","href":"https:\/\/api.w.org\/{rel}","templated":true}]}}