{"id":375562,"date":"2025-05-18T20:54:26","date_gmt":"2025-05-18T20:54:26","guid":{"rendered":"https:\/\/staging2.stylingagenten.com\/no\/produkt\/ralph-lauren-big-pony-pink-for-women-edt-100-ml\/"},"modified":"2026-04-14T10:58:42","modified_gmt":"2026-04-14T10:58:42","slug":"ralph-lauren-big-pony-pink-for-women-edt-100-ml","status":"publish","type":"product","link":"https:\/\/stylingagenten.com\/no\/produkt\/ralph-lauren-big-pony-pink-for-women-edt-100-ml\/","title":{"rendered":"Ralph Lauren Big Pony Pink for Women EdT 100 ml"},"content":{"rendered":"<p><strong>Ralph Lauren Big Pony Women Pink EdT<\/strong> For den fl\u00f8rtende jenta som bidrar med glede og personlighet! En fruktig og romantisk duft med florale elementer. Traneb\u00e6r og tonkab\u00f8nne er hovedingrediensene i denne solide og gledelige duften.<\/p>\n","protected":false},"excerpt":{"rendered":"<p>Ralph Lauren Big Pony Women Pink EdT For den fl\u00f8rtende jenta som bidrar med glede og personlighet! En fruktig og romantisk duft med florale elementer. Traneb\u00e6r og tonkab\u00f8nne er hovedingrediensene i denne solide og gledelige duften.<\/p>\n","protected":false},"featured_media":375557,"comment_status":"open","ping_status":"closed","template":"","meta":{"_trash_the_other_posts":false},"product_brand":[],"product_cat":[707,735,999],"product_tag":[3846],"berocket_brand":[1015],"class_list":{"0":"post-375562","1":"product","2":"type-product","3":"status-publish","4":"has-post-thumbnail","6":"product_cat-eau-de-toilette-dame","7":"product_cat-kampanje","8":"product_cat-kampanjetilbud-for-henne","9":"product_tag-ralph-lauren-big-pony-pink-for-women-edt","10":"pa_brand-ralph-lauren","11":"pa_variant-100ml","12":"berocket_brand-ralph-lauren","14":"first","15":"outofstock","16":"sale","17":"taxable","18":"shipping-taxable","19":"purchasable","20":"product-type-simple"},"_links":{"self":[{"href":"https:\/\/stylingagenten.com\/no\/wp-json\/wp\/v2\/product\/375562","targetHints":{"allow":["GET"]}}],"collection":[{"href":"https:\/\/stylingagenten.com\/no\/wp-json\/wp\/v2\/product"}],"about":[{"href":"https:\/\/stylingagenten.com\/no\/wp-json\/wp\/v2\/types\/product"}],"replies":[{"embeddable":true,"href":"https:\/\/stylingagenten.com\/no\/wp-json\/wp\/v2\/comments?post=375562"}],"version-history":[{"count":0,"href":"https:\/\/stylingagenten.com\/no\/wp-json\/wp\/v2\/product\/375562\/revisions"}],"wp:featuredmedia":[{"embeddable":true,"href":"https:\/\/stylingagenten.com\/no\/wp-json\/wp\/v2\/media\/375557"}],"wp:attachment":[{"href":"https:\/\/stylingagenten.com\/no\/wp-json\/wp\/v2\/media?parent=375562"}],"wp:term":[{"taxonomy":"product_brand","embeddable":true,"href":"https:\/\/stylingagenten.com\/no\/wp-json\/wp\/v2\/product_brand?post=375562"},{"taxonomy":"product_cat","embeddable":true,"href":"https:\/\/stylingagenten.com\/no\/wp-json\/wp\/v2\/product_cat?post=375562"},{"taxonomy":"product_tag","embeddable":true,"href":"https:\/\/stylingagenten.com\/no\/wp-json\/wp\/v2\/product_tag?post=375562"},{"taxonomy":"berocket_brand","embeddable":true,"href":"https:\/\/stylingagenten.com\/no\/wp-json\/wp\/v2\/berocket_brand?post=375562"}],"curies":[{"name":"wp","href":"https:\/\/api.w.org\/{rel}","templated":true}]}}