{"id":375507,"date":"2025-05-18T20:54:14","date_gmt":"2025-05-18T20:54:14","guid":{"rendered":"https:\/\/staging2.stylingagenten.com\/no\/produkt\/guess-seductive-noir-edt-75ml\/"},"modified":"2026-04-14T10:28:37","modified_gmt":"2026-04-14T10:28:37","slug":"guess-seductive-noir-edt-75ml","status":"publish","type":"product","link":"https:\/\/stylingagenten.com\/no\/produkt\/guess-seductive-noir-edt-75ml\/","title":{"rendered":"Guess Seductive Noir Edt 75ml"},"content":{"rendered":"<p>Gjett Seductive Noir Kvinner&nbsp;av&nbsp;Guess&nbsp;&amp;auml&amp;auml&amp;auml&amp;auml&amp;auml&amp;auml&amp;auml&amp;auml&amp;auml&amp;ouml&amp;ouml&amp;ouml&amp;ouml&amp;ouml&amp;ouml&amp;ouml&amp;ouml&amp;ouml&amp;ml&amp;ouml&amp;ml&amp;ml&amp;ml&amp;ml&amp;ml&amp;ml&amp;ml&amp;ml&amp;mlou; ris, jasmin sambac og liljekonvall f\u00f8r det t\u00f8rker ned til en spennende base av fl\u00f8yel, haitisk vetiver og vanilje.<\/p>\n<p>&nbsp;Denne feminine duften har dristige maskuline skinntrekk som skiller den fra andre blomsterdufter. Det er en veldig farlig og tung duft!<\/p>\n","protected":false},"excerpt":{"rendered":"<p>Gjett Seductive Noir Kvinner&nbsp;av&nbsp;Guess&nbsp;&amp;auml&amp;auml&amp;auml&amp;auml&amp;auml&amp;auml&amp;auml&amp;auml&amp;auml&amp;ouml&amp;ouml&amp;ouml&amp;ouml&amp;ouml&amp;ouml&amp;ouml&amp;ouml&amp;ouml&amp;ml&amp;ouml&amp;ml&amp;ml&amp;ml&amp;ml&amp;ml&amp;ml&amp;ml&amp;ml&amp;mlou; ris, jasmin sambac og liljekonvall f\u00f8r det t\u00f8rker ned til en spennende base av fl\u00f8yel, haitisk vetiver og vanilje. &nbsp;Denne feminine duften har dristige maskuline skinntrekk som skiller den fra andre blomsterdufter. Det er en veldig farlig og tung duft!<\/p>\n","protected":false},"featured_media":375506,"comment_status":"open","ping_status":"closed","template":"","meta":{"_trash_the_other_posts":false},"product_brand":[],"product_cat":[707,884,735,999],"product_tag":[],"berocket_brand":[1331],"class_list":{"0":"post-375507","1":"product","2":"type-product","3":"status-publish","4":"has-post-thumbnail","6":"product_cat-eau-de-toilette-dame","7":"product_cat-guess-seductive-women","8":"product_cat-kampanje","9":"product_cat-kampanjetilbud-for-henne","10":"pa_brand-guess","11":"berocket_brand-guess","13":"first","14":"instock","15":"sale","16":"taxable","17":"shipping-taxable","18":"purchasable","19":"product-type-simple"},"_links":{"self":[{"href":"https:\/\/stylingagenten.com\/no\/wp-json\/wp\/v2\/product\/375507","targetHints":{"allow":["GET"]}}],"collection":[{"href":"https:\/\/stylingagenten.com\/no\/wp-json\/wp\/v2\/product"}],"about":[{"href":"https:\/\/stylingagenten.com\/no\/wp-json\/wp\/v2\/types\/product"}],"replies":[{"embeddable":true,"href":"https:\/\/stylingagenten.com\/no\/wp-json\/wp\/v2\/comments?post=375507"}],"version-history":[{"count":0,"href":"https:\/\/stylingagenten.com\/no\/wp-json\/wp\/v2\/product\/375507\/revisions"}],"wp:featuredmedia":[{"embeddable":true,"href":"https:\/\/stylingagenten.com\/no\/wp-json\/wp\/v2\/media\/375506"}],"wp:attachment":[{"href":"https:\/\/stylingagenten.com\/no\/wp-json\/wp\/v2\/media?parent=375507"}],"wp:term":[{"taxonomy":"product_brand","embeddable":true,"href":"https:\/\/stylingagenten.com\/no\/wp-json\/wp\/v2\/product_brand?post=375507"},{"taxonomy":"product_cat","embeddable":true,"href":"https:\/\/stylingagenten.com\/no\/wp-json\/wp\/v2\/product_cat?post=375507"},{"taxonomy":"product_tag","embeddable":true,"href":"https:\/\/stylingagenten.com\/no\/wp-json\/wp\/v2\/product_tag?post=375507"},{"taxonomy":"berocket_brand","embeddable":true,"href":"https:\/\/stylingagenten.com\/no\/wp-json\/wp\/v2\/berocket_brand?post=375507"}],"curies":[{"name":"wp","href":"https:\/\/api.w.org\/{rel}","templated":true}]}}