{"id":375418,"date":"2025-05-18T20:53:56","date_gmt":"2025-05-18T20:53:56","guid":{"rendered":"https:\/\/staging2.stylingagenten.com\/no\/produkt\/aquolina-pink-sugar-berry-blast-edt-100ml\/"},"modified":"2026-03-17T21:47:40","modified_gmt":"2026-03-17T21:47:40","slug":"aquolina-pink-sugar-berry-blast-edt-100ml","status":"publish","type":"product","link":"https:\/\/stylingagenten.com\/no\/produkt\/aquolina-pink-sugar-berry-blast-edt-100ml\/","title":{"rendered":"Aquolina Pink Sugar Berry Blast Edt 100ml"},"content":{"rendered":"<p>Pink Sugar Berry Blast av Aquolina er en floral fruktig gourmandduft for kvinner.<br \/>Toppnoter: Bl\u00e5b\u00e6r, bj\u00f8rneb\u00e6r, appelsin og bergamot<br \/>Hjertenoter: Sukkerspinn, kirseb\u00e6r, vill smultring og kork<br \/>Basenoter: Karamell , vanilje, tonkab\u00f8nner, sedertre og mose<\/p>\n","protected":false},"excerpt":{"rendered":"<p>Pink Sugar Berry Blast av Aquolina er en floral fruktig gourmandduft for kvinner.Toppnoter: Bl\u00e5b\u00e6r, bj\u00f8rneb\u00e6r, appelsin og bergamotHjertenoter: Sukkerspinn, kirseb\u00e6r, vill smultring og korkBasenoter: Karamell , vanilje, tonkab\u00f8nner, sedertre og mose<\/p>\n","protected":false},"featured_media":375417,"comment_status":"open","ping_status":"closed","template":"","meta":{"_trash_the_other_posts":false},"product_brand":[],"product_cat":[707,735,999],"product_tag":[],"berocket_brand":[1061],"class_list":{"0":"post-375418","1":"product","2":"type-product","3":"status-publish","4":"has-post-thumbnail","6":"product_cat-eau-de-toilette-dame","7":"product_cat-kampanje","8":"product_cat-kampanjetilbud-for-henne","9":"pa_brand-aquolina","10":"berocket_brand-aquolina","12":"first","13":"instock","14":"sale","15":"taxable","16":"shipping-taxable","17":"purchasable","18":"product-type-simple"},"_links":{"self":[{"href":"https:\/\/stylingagenten.com\/no\/wp-json\/wp\/v2\/product\/375418","targetHints":{"allow":["GET"]}}],"collection":[{"href":"https:\/\/stylingagenten.com\/no\/wp-json\/wp\/v2\/product"}],"about":[{"href":"https:\/\/stylingagenten.com\/no\/wp-json\/wp\/v2\/types\/product"}],"replies":[{"embeddable":true,"href":"https:\/\/stylingagenten.com\/no\/wp-json\/wp\/v2\/comments?post=375418"}],"version-history":[{"count":0,"href":"https:\/\/stylingagenten.com\/no\/wp-json\/wp\/v2\/product\/375418\/revisions"}],"wp:featuredmedia":[{"embeddable":true,"href":"https:\/\/stylingagenten.com\/no\/wp-json\/wp\/v2\/media\/375417"}],"wp:attachment":[{"href":"https:\/\/stylingagenten.com\/no\/wp-json\/wp\/v2\/media?parent=375418"}],"wp:term":[{"taxonomy":"product_brand","embeddable":true,"href":"https:\/\/stylingagenten.com\/no\/wp-json\/wp\/v2\/product_brand?post=375418"},{"taxonomy":"product_cat","embeddable":true,"href":"https:\/\/stylingagenten.com\/no\/wp-json\/wp\/v2\/product_cat?post=375418"},{"taxonomy":"product_tag","embeddable":true,"href":"https:\/\/stylingagenten.com\/no\/wp-json\/wp\/v2\/product_tag?post=375418"},{"taxonomy":"berocket_brand","embeddable":true,"href":"https:\/\/stylingagenten.com\/no\/wp-json\/wp\/v2\/berocket_brand?post=375418"}],"curies":[{"name":"wp","href":"https:\/\/api.w.org\/{rel}","templated":true}]}}