{"id":375404,"date":"2025-05-18T20:53:52","date_gmt":"2025-05-18T20:53:52","guid":{"rendered":"https:\/\/staging2.stylingagenten.com\/no\/produkt\/viktor-rolf-bonbon-edp-50ml\/"},"modified":"2026-03-29T10:38:47","modified_gmt":"2026-03-29T10:38:47","slug":"viktor-rolf-bonbon-edp-50ml","status":"publish","type":"product","link":"https:\/\/stylingagenten.com\/no\/produkt\/viktor-rolf-bonbon-edp-50ml\/","title":{"rendered":"Viktor &amp; Rolf Bonbon Edp 50ml"},"content":{"rendered":"<p>Viktor &amp; Rolf Bonbon er en sprudlende s\u00f8t og feminin duft for den nye generasjonen kvinner. Den vakre rosetten og dens eksklusive karamellduftende dr\u00e5per appellerer til de fleste. Denne parfymen dufter deilig av karamell, mandarin, solb\u00e6r og sjasmin.<\/p>\n","protected":false},"excerpt":{"rendered":"<p>Viktor &amp; Rolf Bonbon er en sprudlende s\u00f8t og feminin duft for den nye generasjonen kvinner. Den vakre rosetten og dens eksklusive karamellduftende dr\u00e5per appellerer til de fleste. Denne parfymen dufter deilig av karamell, mandarin, solb\u00e6r og sjasmin.<\/p>\n","protected":false},"featured_media":375401,"comment_status":"open","ping_status":"closed","template":"","meta":{"_trash_the_other_posts":false},"product_brand":[],"product_cat":[706,735,1006,999],"product_tag":[4052],"berocket_brand":[1998],"class_list":{"0":"post-375404","1":"product","2":"type-product","3":"status-publish","4":"has-post-thumbnail","6":"product_cat-eau-de-parfum-dame","7":"product_cat-kampanje","8":"product_cat-kampanjepris","9":"product_cat-kampanjetilbud-for-henne","10":"product_tag-viktor-rolf-bonbon-edp","11":"pa_brand-viktorrolf","12":"pa_variant-50ml","13":"berocket_brand-viktoramp","15":"first","16":"outofstock","17":"sale","18":"taxable","19":"shipping-taxable","20":"purchasable","21":"product-type-simple"},"_links":{"self":[{"href":"https:\/\/stylingagenten.com\/no\/wp-json\/wp\/v2\/product\/375404","targetHints":{"allow":["GET"]}}],"collection":[{"href":"https:\/\/stylingagenten.com\/no\/wp-json\/wp\/v2\/product"}],"about":[{"href":"https:\/\/stylingagenten.com\/no\/wp-json\/wp\/v2\/types\/product"}],"replies":[{"embeddable":true,"href":"https:\/\/stylingagenten.com\/no\/wp-json\/wp\/v2\/comments?post=375404"}],"version-history":[{"count":0,"href":"https:\/\/stylingagenten.com\/no\/wp-json\/wp\/v2\/product\/375404\/revisions"}],"wp:featuredmedia":[{"embeddable":true,"href":"https:\/\/stylingagenten.com\/no\/wp-json\/wp\/v2\/media\/375401"}],"wp:attachment":[{"href":"https:\/\/stylingagenten.com\/no\/wp-json\/wp\/v2\/media?parent=375404"}],"wp:term":[{"taxonomy":"product_brand","embeddable":true,"href":"https:\/\/stylingagenten.com\/no\/wp-json\/wp\/v2\/product_brand?post=375404"},{"taxonomy":"product_cat","embeddable":true,"href":"https:\/\/stylingagenten.com\/no\/wp-json\/wp\/v2\/product_cat?post=375404"},{"taxonomy":"product_tag","embeddable":true,"href":"https:\/\/stylingagenten.com\/no\/wp-json\/wp\/v2\/product_tag?post=375404"},{"taxonomy":"berocket_brand","embeddable":true,"href":"https:\/\/stylingagenten.com\/no\/wp-json\/wp\/v2\/berocket_brand?post=375404"}],"curies":[{"name":"wp","href":"https:\/\/api.w.org\/{rel}","templated":true}]}}