{"id":375403,"date":"2025-05-18T20:53:52","date_gmt":"2025-05-18T20:53:52","guid":{"rendered":"https:\/\/staging2.stylingagenten.com\/no\/produkt\/replay-earth-made-amazonian-green-edt-200ml\/"},"modified":"2025-11-19T09:19:56","modified_gmt":"2025-11-19T09:19:56","slug":"replay-earth-made-amazonian-green-edt-200ml","status":"publish","type":"product","link":"https:\/\/stylingagenten.com\/no\/produkt\/replay-earth-made-amazonian-green-edt-200ml\/","title":{"rendered":"Replay Earth Made Amazonian Green Edt 200ml"},"content":{"rendered":"<p id=\"isPasted\">AMAZONISK GR\u00d8NN &#8211; Naturlig kroppsduft 200ml \u2013 Eau de Toilette<\/p>\n<p style=\"text-align: left\">Skogens sjel i en flaske beriket med Phytogaia\u2122-ekstrakt til bringe alle fordelene med naturlige planteekstrakter i \u00e9n duft. Toppnotene er en cocktail av frisk lime blandet med tropisk ananas og lysnet opp av rosa pepper. Gr\u00f8nne toner vises sammen med den uavhengige karakteren til iris og sedertre. Det hele hviler p\u00e5 en trygg sky av musk og vanedannende tonkab\u00f8nne.<\/p>\n<p>Toppnoter: Gr\u00f8nn sitron, limeglimt, peruansk rosepepper, ananascocktail-orpur, italiensk sitron-orpur<br \/>Hjertenoter: Orris Butter Orpur Frankrike, gr\u00f8nne stengler, Texas Cedar Wood, Black Pepper Madagascar Orpur<br \/>Basenoter: Edel sandeltre, Tonka Bean, Musk<br \/>&nbsp;<\/ p><\/p>\n<p>PHYTOGAIA\u2122 \u2013 Plantevelv\u00e6re i en duft av Givaudan<br \/>Inspirert av den japanske kunsten \u00e5 bade i skog, fanger Phytogaia\u2122 opp fordelene med velv\u00e6re gjennom molekyler skilles ut av skogtr\u00e6r som har vist seg \u00e5 ha en positiv effekt p\u00e5 mennesker. Disse molekylene, kalt fytoncider, gir velv\u00e6refordeler n\u00e5r de brukes i dufter ved \u00e5 forbedre forbrukernes hum\u00f8r og redusere stress og tretthet. Givaudans vitenskapelige team gjennomf\u00f8rte en analyse for \u00e5 forst\u00e5 dens volatilitet og sammensetning, og resultatene ble oversatt til parfymeavtaler for parfymere for \u00e5 lage dufter som positivt p\u00e5virker forbrukernes liv.<br \/>&nbsp;<\/p>\n<p>Earth made ble inspirert av en kapsel fra Replays kleslinje som er laget utelukkende av organiske fibre og farget med ZDHC-sertifiserte organiske mineralpigmenter, og espouses filosofien om \u00e5 koble til jorden igjen.<br \/>Fire naturlige kroppsdufter hvis navn feirer naturligheten til jordens farger &#8211; Toscana-gul, Antartica-bl\u00e5, Amazonasgr\u00f8nn, Arizona-oransje &#8211; er oversatt til en fargerik palett med resirkulerte essensielle glassflasker.<br \/>Duftene er kj\u00f8nnsn\u00f8ytrale eau de toilette av sertifisert naturlig opprinnelse, 100 % vegansk og med vegetabilske alkoholer som sikrer langvarig og vedvarende duft. En helt organisk emballasje skaper den perfekte rammen for disse innovative duftene. Antartica Blue og Amazonian Green er beriket med Thalassogaia\u2122- og Phytogaia\u2122-ekstrakter, og sikrer maksimalt fysisk og mentalt velv\u00e6re og fordelene med naturlige ekstrakter.<\/p>\n","protected":false},"excerpt":{"rendered":"<p>AMAZONISK GR\u00d8NN &#8211; Naturlig kroppsduft 200ml \u2013 Eau de Toilette Skogens sjel i en flaske beriket med Phytogaia\u2122-ekstrakt til bringe alle fordelene med naturlige planteekstrakter i \u00e9n duft. Toppnotene er en cocktail av frisk lime blandet med tropisk ananas og lysnet opp av rosa pepper. Gr\u00f8nne toner vises sammen med den uavhengige karakteren til iris [&hellip;]<\/p>\n","protected":false},"featured_media":375387,"comment_status":"open","ping_status":"closed","template":"","meta":{"_trash_the_other_posts":false},"product_brand":[],"product_cat":[730,735,999,1005],"product_tag":[],"berocket_brand":[1120],"class_list":{"0":"post-375403","1":"product","2":"type-product","3":"status-publish","4":"has-post-thumbnail","6":"product_cat-eau-de-toilette-unisex","7":"product_cat-kampanje","8":"product_cat-kampanjetilbud-for-henne","9":"product_cat-outlet","10":"pa_brand-replay","11":"berocket_brand-replay","13":"first","14":"instock","15":"sale","16":"taxable","17":"shipping-taxable","18":"purchasable","19":"product-type-simple"},"_links":{"self":[{"href":"https:\/\/stylingagenten.com\/no\/wp-json\/wp\/v2\/product\/375403","targetHints":{"allow":["GET"]}}],"collection":[{"href":"https:\/\/stylingagenten.com\/no\/wp-json\/wp\/v2\/product"}],"about":[{"href":"https:\/\/stylingagenten.com\/no\/wp-json\/wp\/v2\/types\/product"}],"replies":[{"embeddable":true,"href":"https:\/\/stylingagenten.com\/no\/wp-json\/wp\/v2\/comments?post=375403"}],"version-history":[{"count":0,"href":"https:\/\/stylingagenten.com\/no\/wp-json\/wp\/v2\/product\/375403\/revisions"}],"wp:featuredmedia":[{"embeddable":true,"href":"https:\/\/stylingagenten.com\/no\/wp-json\/wp\/v2\/media\/375387"}],"wp:attachment":[{"href":"https:\/\/stylingagenten.com\/no\/wp-json\/wp\/v2\/media?parent=375403"}],"wp:term":[{"taxonomy":"product_brand","embeddable":true,"href":"https:\/\/stylingagenten.com\/no\/wp-json\/wp\/v2\/product_brand?post=375403"},{"taxonomy":"product_cat","embeddable":true,"href":"https:\/\/stylingagenten.com\/no\/wp-json\/wp\/v2\/product_cat?post=375403"},{"taxonomy":"product_tag","embeddable":true,"href":"https:\/\/stylingagenten.com\/no\/wp-json\/wp\/v2\/product_tag?post=375403"},{"taxonomy":"berocket_brand","embeddable":true,"href":"https:\/\/stylingagenten.com\/no\/wp-json\/wp\/v2\/berocket_brand?post=375403"}],"curies":[{"name":"wp","href":"https:\/\/api.w.org\/{rel}","templated":true}]}}