{"id":375394,"date":"2025-05-18T20:53:51","date_gmt":"2025-05-18T20:53:51","guid":{"rendered":"https:\/\/staging2.stylingagenten.com\/no\/produkt\/replay-earth-made-tuscany-yellow-edt-200ml\/"},"modified":"2025-11-19T09:19:55","modified_gmt":"2025-11-19T09:19:55","slug":"replay-earth-made-tuscany-yellow-edt-200ml","status":"publish","type":"product","link":"https:\/\/stylingagenten.com\/no\/produkt\/replay-earth-made-tuscany-yellow-edt-200ml\/","title":{"rendered":"Replay Earth Made Tuscany Yellow Edt 200ml"},"content":{"rendered":"<p>TUSCANY YELLOW &#8211; Naturlig kroppsduft 200 ml \u2013 Eau de Toilette<\/p>\n<p>En fruktig, energigivende bris som behagelig kj\u00f8ler ned den varme toskanske luften. Duften \u00e5pner med friskheten til hesperider, blandet med fl\u00f8yelsmyke fersken og forf\u00f8rende sjasmin, pakket inn i kremaktig sandeltre og behagelig musk.<\/p>\n<p>Toppnoter: Gr\u00f8nn Mandarin Italia Orpur, rosa grapefrukt, Williams p\u00e6re, italiensk sitron<br \/> Hjertenoter: Jasmine Sambac India Orpur, Nectarine, Virginia Cedar Essence<br \/>Basenoter: Benzoin Resinoid Laos, Creamy Sandalwood Orpur, Sublime Musk<\/p>\n<p>Earth made ble inspirert av en kapsel fra Replays kleskolleksjon som er laget utelukkende av organiske fibre og farget med ZDHC-sertifiserte organiske mineralpigmenter, og forfekter filosofien om \u00e5 gjenopprette forbindelsen til jorden. Fire naturlige kroppsdufter hvis navn feirer naturligheten til jordens farger &#8211; Toscana gul, Antartica Blue, Amazonian Green, Arizona Orange &#8211; er oversatt til en fargerik palett av resirkulerte essensielle glassflasker. Duftene er kj\u00f8nnsn\u00f8ytrale eau de toilette av sertifisert naturlig opprinnelse, 100 % vegansk og med vegetabilske alkoholer som sikrer en langvarig og vedvarende duft. En helt organisk emballasje skaper den perfekte rammen for disse innovative duftene. Antartica Blue og Amazonian Green er beriket med Thalassogaia\u2122 og Phytogaia\u2122 ekstrakter, og sikrer maksimal fysisk og mental velv\u00e6re og fordelene med naturlige ekstrakter.<\/p>\n","protected":false},"excerpt":{"rendered":"<p>TUSCANY YELLOW &#8211; Naturlig kroppsduft 200 ml \u2013 Eau de Toilette En fruktig, energigivende bris som behagelig kj\u00f8ler ned den varme toskanske luften. Duften \u00e5pner med friskheten til hesperider, blandet med fl\u00f8yelsmyke fersken og forf\u00f8rende sjasmin, pakket inn i kremaktig sandeltre og behagelig musk. Toppnoter: Gr\u00f8nn Mandarin Italia Orpur, rosa grapefrukt, Williams p\u00e6re, italiensk sitron [&hellip;]<\/p>\n","protected":false},"featured_media":375380,"comment_status":"open","ping_status":"closed","template":"","meta":{"_trash_the_other_posts":false},"product_brand":[],"product_cat":[730,735,999],"product_tag":[],"berocket_brand":[1120],"class_list":{"0":"post-375394","1":"product","2":"type-product","3":"status-publish","4":"has-post-thumbnail","6":"product_cat-eau-de-toilette-unisex","7":"product_cat-kampanje","8":"product_cat-kampanjetilbud-for-henne","9":"pa_brand-replay","10":"berocket_brand-replay","12":"first","13":"instock","14":"sale","15":"taxable","16":"shipping-taxable","17":"purchasable","18":"product-type-simple"},"_links":{"self":[{"href":"https:\/\/stylingagenten.com\/no\/wp-json\/wp\/v2\/product\/375394","targetHints":{"allow":["GET"]}}],"collection":[{"href":"https:\/\/stylingagenten.com\/no\/wp-json\/wp\/v2\/product"}],"about":[{"href":"https:\/\/stylingagenten.com\/no\/wp-json\/wp\/v2\/types\/product"}],"replies":[{"embeddable":true,"href":"https:\/\/stylingagenten.com\/no\/wp-json\/wp\/v2\/comments?post=375394"}],"version-history":[{"count":0,"href":"https:\/\/stylingagenten.com\/no\/wp-json\/wp\/v2\/product\/375394\/revisions"}],"wp:featuredmedia":[{"embeddable":true,"href":"https:\/\/stylingagenten.com\/no\/wp-json\/wp\/v2\/media\/375380"}],"wp:attachment":[{"href":"https:\/\/stylingagenten.com\/no\/wp-json\/wp\/v2\/media?parent=375394"}],"wp:term":[{"taxonomy":"product_brand","embeddable":true,"href":"https:\/\/stylingagenten.com\/no\/wp-json\/wp\/v2\/product_brand?post=375394"},{"taxonomy":"product_cat","embeddable":true,"href":"https:\/\/stylingagenten.com\/no\/wp-json\/wp\/v2\/product_cat?post=375394"},{"taxonomy":"product_tag","embeddable":true,"href":"https:\/\/stylingagenten.com\/no\/wp-json\/wp\/v2\/product_tag?post=375394"},{"taxonomy":"berocket_brand","embeddable":true,"href":"https:\/\/stylingagenten.com\/no\/wp-json\/wp\/v2\/berocket_brand?post=375394"}],"curies":[{"name":"wp","href":"https:\/\/api.w.org\/{rel}","templated":true}]}}