{"id":375389,"date":"2025-05-18T20:53:50","date_gmt":"2025-05-18T20:53:50","guid":{"rendered":"https:\/\/staging2.stylingagenten.com\/no\/produkt\/replay-earth-made-arizona-orange-edt-200ml\/"},"modified":"2026-03-18T09:34:34","modified_gmt":"2026-03-18T09:34:34","slug":"replay-earth-made-arizona-orange-edt-200ml","status":"publish","type":"product","link":"https:\/\/stylingagenten.com\/no\/produkt\/replay-earth-made-arizona-orange-edt-200ml\/","title":{"rendered":"Replay Earth Made Arizona Orange Edt 200ml"},"content":{"rendered":"<p>ARIZONA ORANGE &#8211; Naturlig kroppsduft 200ml \u2013 Eau de Toilette<br \/>Arizona Orange b\u00e6rer \u00e5nden av tusenvis av \u00e5r med vannerosjon som skapte den spektakul\u00e6re Grand Canyon. Duften er sprudlende med sitrusnoter som lyser opp de krydrede notene av ingef\u00e6r og kanel, og bringer dem til et rensende ritual av r\u00f8kelse forsterket av en raffinert bukett safranblomster. Ettersmaken til det mystiske eventyret er en treaktig symfoni der noter av guaiac og patchouli er pakket inn i gyldne ravstr\u00e5.<\/p>\n<p>Toppnoter: Appelsin, ingef\u00e6r, kanel<br \/>Hjertenoter: salvie, r\u00f8kelse, safran<br \/>Basisnoter: Guaiac , Wood, Patchouli, Amber<\/p>\n<p>Eau de toilette Arizona orange Replay ble utviklet i henhold til de h\u00f8yeste parameterne for \u00f8ko-b\u00e6rekraft, og oppn\u00e5dde en utmerket poengsum p\u00e5 69 p\u00e5 GREEN MOTION\u2122-skalaen designet av MANE for \u00e5 forbedre sine prosesser og utvikle gr\u00f8nnere produkter. Enkel \u00e5 bruke, det er den eneste bransjetestede metoden som evaluerer de 12 prinsippene for gr\u00f8nn kjemi i produserte ingredienser ved \u00e5 formulere en poengsum p\u00e5 en skala fra null til 100. Jo h\u00f8yere verdi, jo mindre effekt har prosessen.<\/p>\n<p> Earth made ble inspirert av en kapsel fra Replays kleskolleksjon som er laget utelukkende av organiske fibre og farget med ZDHC-sertifiserte organiske mineralpigmenter, og forfekter filosofien om \u00e5 gjenopprette kontakten med jorden. Fire naturlige kroppsdufter hvis navn feirer naturligheten til jordens farger &#8211; Toscana gul, Antartica Blue, Amazonian Green, Arizona Orange &#8211; er oversatt til en fargerik palett av resirkulerte essensielle glassflasker. Duftene er kj\u00f8nnsn\u00f8ytrale eau de toilette av sertifisert naturlig opprinnelse, 100 % vegansk og med vegetabilske alkoholer som sikrer en langvarig og vedvarende duft. En helt organisk emballasje skaper den perfekte rammen for disse innovative duftene. Antartica Blue og Amazonian Green er beriket med Thalassogaia\u2122 og Phytogaia\u2122 ekstrakter, og sikrer maksimal fysisk og mental velv\u00e6re og fordelene med naturlige ekstrakter.<\/p>\n","protected":false},"excerpt":{"rendered":"<p>ARIZONA ORANGE &#8211; Naturlig kroppsduft 200ml \u2013 Eau de ToiletteArizona Orange b\u00e6rer \u00e5nden av tusenvis av \u00e5r med vannerosjon som skapte den spektakul\u00e6re Grand Canyon. Duften er sprudlende med sitrusnoter som lyser opp de krydrede notene av ingef\u00e6r og kanel, og bringer dem til et rensende ritual av r\u00f8kelse forsterket av en raffinert bukett safranblomster. [&hellip;]<\/p>\n","protected":false},"featured_media":375377,"comment_status":"open","ping_status":"closed","template":"","meta":{"_trash_the_other_posts":false},"product_brand":[],"product_cat":[730,735,999],"product_tag":[],"berocket_brand":[1120],"class_list":{"0":"post-375389","1":"product","2":"type-product","3":"status-publish","4":"has-post-thumbnail","6":"product_cat-eau-de-toilette-unisex","7":"product_cat-kampanje","8":"product_cat-kampanjetilbud-for-henne","9":"pa_brand-replay","10":"berocket_brand-replay","12":"first","13":"instock","14":"sale","15":"taxable","16":"shipping-taxable","17":"purchasable","18":"product-type-simple"},"_links":{"self":[{"href":"https:\/\/stylingagenten.com\/no\/wp-json\/wp\/v2\/product\/375389","targetHints":{"allow":["GET"]}}],"collection":[{"href":"https:\/\/stylingagenten.com\/no\/wp-json\/wp\/v2\/product"}],"about":[{"href":"https:\/\/stylingagenten.com\/no\/wp-json\/wp\/v2\/types\/product"}],"replies":[{"embeddable":true,"href":"https:\/\/stylingagenten.com\/no\/wp-json\/wp\/v2\/comments?post=375389"}],"version-history":[{"count":0,"href":"https:\/\/stylingagenten.com\/no\/wp-json\/wp\/v2\/product\/375389\/revisions"}],"wp:featuredmedia":[{"embeddable":true,"href":"https:\/\/stylingagenten.com\/no\/wp-json\/wp\/v2\/media\/375377"}],"wp:attachment":[{"href":"https:\/\/stylingagenten.com\/no\/wp-json\/wp\/v2\/media?parent=375389"}],"wp:term":[{"taxonomy":"product_brand","embeddable":true,"href":"https:\/\/stylingagenten.com\/no\/wp-json\/wp\/v2\/product_brand?post=375389"},{"taxonomy":"product_cat","embeddable":true,"href":"https:\/\/stylingagenten.com\/no\/wp-json\/wp\/v2\/product_cat?post=375389"},{"taxonomy":"product_tag","embeddable":true,"href":"https:\/\/stylingagenten.com\/no\/wp-json\/wp\/v2\/product_tag?post=375389"},{"taxonomy":"berocket_brand","embeddable":true,"href":"https:\/\/stylingagenten.com\/no\/wp-json\/wp\/v2\/berocket_brand?post=375389"}],"curies":[{"name":"wp","href":"https:\/\/api.w.org\/{rel}","templated":true}]}}