{"id":375385,"date":"2025-05-18T20:53:50","date_gmt":"2025-05-18T20:53:50","guid":{"rendered":"https:\/\/staging2.stylingagenten.com\/no\/produkt\/moschino-cheap-and-chic-i-love-love-edt-50ml\/"},"modified":"2026-04-13T18:27:36","modified_gmt":"2026-04-13T18:27:36","slug":"moschino-cheap-and-chic-i-love-love-edt-50ml","status":"publish","type":"product","link":"https:\/\/stylingagenten.com\/no\/produkt\/moschino-cheap-and-chic-i-love-love-edt-50ml\/","title":{"rendered":"Moschino Cheap And Chic I Love Love Edt 50ml"},"content":{"rendered":"<p>Moschino Cheap And Chic I Love Love er en fargerik, leken og rampete duft. Oppdag duften av kj\u00e6rlighet mens den italienske motedesigneren Moschino ser kj\u00e6rlighet.<\/p>\n<p><strong>Duftnotater:&nbsp;<\/strong>appelsin, sitron, grapefrukt, r\u00f8de druer, liljekonvall, rose, kanelblad , tanaka tre, musk &amp; sedertre&auml;.<\/p>\n","protected":false},"excerpt":{"rendered":"<p>Moschino Cheap And Chic I Love Love er en fargerik, leken og rampete duft. Oppdag duften av kj\u00e6rlighet mens den italienske motedesigneren Moschino ser kj\u00e6rlighet. Duftnotater:&nbsp;appelsin, sitron, grapefrukt, r\u00f8de druer, liljekonvall, rose, kanelblad , tanaka tre, musk &amp; sedertre&auml;.<\/p>\n","protected":false},"featured_media":375382,"comment_status":"open","ping_status":"closed","template":"","meta":{"_trash_the_other_posts":false},"product_brand":[],"product_cat":[1003,707,735,999],"product_tag":[3613],"berocket_brand":[1084],"class_list":{"0":"post-375385","1":"product","2":"type-product","3":"status-publish","4":"has-post-thumbnail","6":"product_cat-bestselgere","7":"product_cat-eau-de-toilette-dame","8":"product_cat-kampanje","9":"product_cat-kampanjetilbud-for-henne","10":"product_tag-moschino-cheap-and-chic-i-love-love-edt","11":"pa_brand-moschino","12":"pa_variant-50ml","13":"berocket_brand-moschino","15":"first","16":"outofstock","17":"sale","18":"taxable","19":"shipping-taxable","20":"purchasable","21":"product-type-simple"},"_links":{"self":[{"href":"https:\/\/stylingagenten.com\/no\/wp-json\/wp\/v2\/product\/375385","targetHints":{"allow":["GET"]}}],"collection":[{"href":"https:\/\/stylingagenten.com\/no\/wp-json\/wp\/v2\/product"}],"about":[{"href":"https:\/\/stylingagenten.com\/no\/wp-json\/wp\/v2\/types\/product"}],"replies":[{"embeddable":true,"href":"https:\/\/stylingagenten.com\/no\/wp-json\/wp\/v2\/comments?post=375385"}],"version-history":[{"count":0,"href":"https:\/\/stylingagenten.com\/no\/wp-json\/wp\/v2\/product\/375385\/revisions"}],"wp:featuredmedia":[{"embeddable":true,"href":"https:\/\/stylingagenten.com\/no\/wp-json\/wp\/v2\/media\/375382"}],"wp:attachment":[{"href":"https:\/\/stylingagenten.com\/no\/wp-json\/wp\/v2\/media?parent=375385"}],"wp:term":[{"taxonomy":"product_brand","embeddable":true,"href":"https:\/\/stylingagenten.com\/no\/wp-json\/wp\/v2\/product_brand?post=375385"},{"taxonomy":"product_cat","embeddable":true,"href":"https:\/\/stylingagenten.com\/no\/wp-json\/wp\/v2\/product_cat?post=375385"},{"taxonomy":"product_tag","embeddable":true,"href":"https:\/\/stylingagenten.com\/no\/wp-json\/wp\/v2\/product_tag?post=375385"},{"taxonomy":"berocket_brand","embeddable":true,"href":"https:\/\/stylingagenten.com\/no\/wp-json\/wp\/v2\/berocket_brand?post=375385"}],"curies":[{"name":"wp","href":"https:\/\/api.w.org\/{rel}","templated":true}]}}