{"id":375362,"date":"2025-05-18T20:53:46","date_gmt":"2025-05-18T20:53:46","guid":{"rendered":"https:\/\/staging2.stylingagenten.com\/no\/produkt\/replay-tank-custom-for-her-edt-30ml\/"},"modified":"2026-03-16T10:39:32","modified_gmt":"2026-03-16T10:39:32","slug":"replay-tank-custom-for-her-edt-30ml","status":"publish","type":"product","link":"https:\/\/stylingagenten.com\/no\/produkt\/replay-tank-custom-for-her-edt-30ml\/","title":{"rendered":"Replay # Tank Custom For Her Edt 30ml"},"content":{"rendered":"<p>Dedikert til m\u00e5lbevisste og selvsikre jenter, #TANK CUSTOM FOR HER gir en f\u00f8lelse av energi hver dag. Duften er et skjult m\u00f8te mellom forf\u00f8rende honning og en elegant blomsterbukett. En eksplosjon av femininitet som beruser sansene. Basen er en magnetisk omfavnelse av sensuell Patchouli, varm vanilje og eksklusiv Orcanox.<br id=\"isPasted\"><br \/>Toppnoter: Honning, Sorbet, Eple, Petitgrain<br \/>Hjertenoter: Appelsinblomst, Jasmin, Lily of dalen<br \/>Basenoter: Vanilje, Ambroxan, Patchouli<\/p>\n","protected":false},"excerpt":{"rendered":"<p>Dedikert til m\u00e5lbevisste og selvsikre jenter, #TANK CUSTOM FOR HER gir en f\u00f8lelse av energi hver dag. Duften er et skjult m\u00f8te mellom forf\u00f8rende honning og en elegant blomsterbukett. En eksplosjon av femininitet som beruser sansene. Basen er en magnetisk omfavnelse av sensuell Patchouli, varm vanilje og eksklusiv Orcanox.Toppnoter: Honning, Sorbet, Eple, PetitgrainHjertenoter: Appelsinblomst, Jasmin, [&hellip;]<\/p>\n","protected":false},"featured_media":375359,"comment_status":"open","ping_status":"closed","template":"","meta":{"_trash_the_other_posts":false},"product_brand":[],"product_cat":[707,735,999],"product_tag":[3886],"berocket_brand":[1120],"class_list":{"0":"post-375362","1":"product","2":"type-product","3":"status-publish","4":"has-post-thumbnail","6":"product_cat-eau-de-toilette-dame","7":"product_cat-kampanje","8":"product_cat-kampanjetilbud-for-henne","9":"product_tag-replay-tank-custom-for-her-edt","10":"pa_brand-replay","11":"pa_variant-30ml","12":"berocket_brand-replay","14":"first","15":"instock","16":"sale","17":"taxable","18":"shipping-taxable","19":"purchasable","20":"product-type-simple"},"_links":{"self":[{"href":"https:\/\/stylingagenten.com\/no\/wp-json\/wp\/v2\/product\/375362","targetHints":{"allow":["GET"]}}],"collection":[{"href":"https:\/\/stylingagenten.com\/no\/wp-json\/wp\/v2\/product"}],"about":[{"href":"https:\/\/stylingagenten.com\/no\/wp-json\/wp\/v2\/types\/product"}],"replies":[{"embeddable":true,"href":"https:\/\/stylingagenten.com\/no\/wp-json\/wp\/v2\/comments?post=375362"}],"version-history":[{"count":0,"href":"https:\/\/stylingagenten.com\/no\/wp-json\/wp\/v2\/product\/375362\/revisions"}],"wp:featuredmedia":[{"embeddable":true,"href":"https:\/\/stylingagenten.com\/no\/wp-json\/wp\/v2\/media\/375359"}],"wp:attachment":[{"href":"https:\/\/stylingagenten.com\/no\/wp-json\/wp\/v2\/media?parent=375362"}],"wp:term":[{"taxonomy":"product_brand","embeddable":true,"href":"https:\/\/stylingagenten.com\/no\/wp-json\/wp\/v2\/product_brand?post=375362"},{"taxonomy":"product_cat","embeddable":true,"href":"https:\/\/stylingagenten.com\/no\/wp-json\/wp\/v2\/product_cat?post=375362"},{"taxonomy":"product_tag","embeddable":true,"href":"https:\/\/stylingagenten.com\/no\/wp-json\/wp\/v2\/product_tag?post=375362"},{"taxonomy":"berocket_brand","embeddable":true,"href":"https:\/\/stylingagenten.com\/no\/wp-json\/wp\/v2\/berocket_brand?post=375362"}],"curies":[{"name":"wp","href":"https:\/\/api.w.org\/{rel}","templated":true}]}}