{"id":375342,"date":"2025-05-18T20:53:42","date_gmt":"2025-05-18T20:53:42","guid":{"rendered":"https:\/\/staging2.stylingagenten.com\/no\/produkt\/replay-signature-for-woman-edp-30ml\/"},"modified":"2026-03-31T11:38:48","modified_gmt":"2026-03-31T11:38:48","slug":"replay-signature-for-woman-edp-30ml","status":"publish","type":"product","link":"https:\/\/stylingagenten.com\/no\/produkt\/replay-signature-for-woman-edp-30ml\/","title":{"rendered":"Replay Signature For Woman Edp 30ml"},"content":{"rendered":"<p>Med sitt innovative design har Replay Signature som m\u00e5l \u00e5 overf\u00f8re \u00e5nden til Replay-motekolleksjonen til parfymeverdenen. Den institusjonelle formen p\u00e5 flasken er forsterket av nagler p\u00e5 begge sider. Blomstermotivet dekorerer hele flasken og gj\u00f8r den utrolig elegant. Duften er en distinkt chypre-komposisjon med en moderne femininitet og forf\u00f8rende kraft. I toppnoten sprer sitrusfrukter sin duft for \u00e5 skape en f\u00f8lelse av naturlig friskhet. Luften er velduftende med s\u00f8t mandarin og saftig nektarin. Den fortryllende hjertenoten kombinerer en bukett av sensuell geranium, bed\u00f8vende sjasmin og eksotisk ylang ylang som smelter sammen og sprer ren sjarm. Den elegante basen av m\u00f8rk vetiver, jordn\u00e6r patchouli, edel rav og ren musk harmoniserer dette eksepsjonelle mesterverket.<\/p>\n<p>Toppnoter: nektarin, mandarin, sitrus<br \/>Hjertenoter: Ylang Ylang, Jasmin, Geranium<br \/>Base notater: Patchouli, Musk, Amber, Vetiver<\/p>\n","protected":false},"excerpt":{"rendered":"<p>Med sitt innovative design har Replay Signature som m\u00e5l \u00e5 overf\u00f8re \u00e5nden til Replay-motekolleksjonen til parfymeverdenen. Den institusjonelle formen p\u00e5 flasken er forsterket av nagler p\u00e5 begge sider. Blomstermotivet dekorerer hele flasken og gj\u00f8r den utrolig elegant. Duften er en distinkt chypre-komposisjon med en moderne femininitet og forf\u00f8rende kraft. I toppnoten sprer sitrusfrukter sin duft [&hellip;]<\/p>\n","protected":false},"featured_media":375337,"comment_status":"open","ping_status":"closed","template":"","meta":{"_trash_the_other_posts":false},"product_brand":[],"product_cat":[707,735,999],"product_tag":[3895],"berocket_brand":[1120],"class_list":{"0":"post-375342","1":"product","2":"type-product","3":"status-publish","4":"has-post-thumbnail","6":"product_cat-eau-de-toilette-dame","7":"product_cat-kampanje","8":"product_cat-kampanjetilbud-for-henne","9":"product_tag-replay-signature-for-woman-edp","10":"pa_brand-replay","11":"pa_variant-30ml","12":"berocket_brand-replay","14":"first","15":"instock","16":"sale","17":"taxable","18":"shipping-taxable","19":"purchasable","20":"product-type-simple"},"_links":{"self":[{"href":"https:\/\/stylingagenten.com\/no\/wp-json\/wp\/v2\/product\/375342","targetHints":{"allow":["GET"]}}],"collection":[{"href":"https:\/\/stylingagenten.com\/no\/wp-json\/wp\/v2\/product"}],"about":[{"href":"https:\/\/stylingagenten.com\/no\/wp-json\/wp\/v2\/types\/product"}],"replies":[{"embeddable":true,"href":"https:\/\/stylingagenten.com\/no\/wp-json\/wp\/v2\/comments?post=375342"}],"version-history":[{"count":0,"href":"https:\/\/stylingagenten.com\/no\/wp-json\/wp\/v2\/product\/375342\/revisions"}],"wp:featuredmedia":[{"embeddable":true,"href":"https:\/\/stylingagenten.com\/no\/wp-json\/wp\/v2\/media\/375337"}],"wp:attachment":[{"href":"https:\/\/stylingagenten.com\/no\/wp-json\/wp\/v2\/media?parent=375342"}],"wp:term":[{"taxonomy":"product_brand","embeddable":true,"href":"https:\/\/stylingagenten.com\/no\/wp-json\/wp\/v2\/product_brand?post=375342"},{"taxonomy":"product_cat","embeddable":true,"href":"https:\/\/stylingagenten.com\/no\/wp-json\/wp\/v2\/product_cat?post=375342"},{"taxonomy":"product_tag","embeddable":true,"href":"https:\/\/stylingagenten.com\/no\/wp-json\/wp\/v2\/product_tag?post=375342"},{"taxonomy":"berocket_brand","embeddable":true,"href":"https:\/\/stylingagenten.com\/no\/wp-json\/wp\/v2\/berocket_brand?post=375342"}],"curies":[{"name":"wp","href":"https:\/\/api.w.org\/{rel}","templated":true}]}}