{"id":375331,"date":"2025-05-18T20:53:38","date_gmt":"2025-05-18T20:53:38","guid":{"rendered":"https:\/\/staging2.stylingagenten.com\/no\/produkt\/samba-vibe-woman-edt-100ml\/"},"modified":"2026-03-27T08:19:02","modified_gmt":"2026-03-27T08:19:02","slug":"samba-vibe-woman-edt-100ml","status":"publish","type":"product","link":"https:\/\/stylingagenten.com\/no\/produkt\/samba-vibe-woman-edt-100ml\/","title":{"rendered":"Samba Vibe Woman Edt 100ml"},"content":{"rendered":"<p>Samba Vibe Woman vibrerer med en frisk, oppkvikkende og sterkt feminin lokke. Duften \u00e5pner med en eksplosjon av s\u00f8t, saftig ferskenvelout\u00e9, en sitrusaktig skvett av saftig sitron og kremet kokosn\u00f8tt fullf\u00f8rer den fantastiske toppnoten. Stemningen fortsetter i den florale hjertenoten, sammensatt av sjasminblader, syklamen og frisk bambus. Sensuell og forfriskende, basen av fyldig sort rav, sedertre og muskblanding for \u00e5 etterlate et uforglemmelig inntrykk.<br id=\"isPasted\"><br \/>Toppnoter: Sitron, Jasminblad, Musk<br \/>Hjertenoter: Kokosn\u00f8tt, Duggv\u00e5te syklamen, sedertre<br \/>Basenoter: Fersken velout\u00e9, bambus, svart rav.<\/p>\n","protected":false},"excerpt":{"rendered":"<p>Samba Vibe Woman vibrerer med en frisk, oppkvikkende og sterkt feminin lokke. Duften \u00e5pner med en eksplosjon av s\u00f8t, saftig ferskenvelout\u00e9, en sitrusaktig skvett av saftig sitron og kremet kokosn\u00f8tt fullf\u00f8rer den fantastiske toppnoten. Stemningen fortsetter i den florale hjertenoten, sammensatt av sjasminblader, syklamen og frisk bambus. Sensuell og forfriskende, basen av fyldig sort rav, [&hellip;]<\/p>\n","protected":false},"featured_media":375314,"comment_status":"open","ping_status":"closed","template":"","meta":{"_trash_the_other_posts":false},"product_brand":[],"product_cat":[1003,707,735,999],"product_tag":[],"berocket_brand":[1381],"class_list":{"0":"post-375331","1":"product","2":"type-product","3":"status-publish","4":"has-post-thumbnail","6":"product_cat-bestselgere","7":"product_cat-eau-de-toilette-dame","8":"product_cat-kampanje","9":"product_cat-kampanjetilbud-for-henne","10":"pa_brand-samba","11":"berocket_brand-samba","13":"first","14":"instock","15":"sale","16":"taxable","17":"shipping-taxable","18":"purchasable","19":"product-type-simple"},"_links":{"self":[{"href":"https:\/\/stylingagenten.com\/no\/wp-json\/wp\/v2\/product\/375331","targetHints":{"allow":["GET"]}}],"collection":[{"href":"https:\/\/stylingagenten.com\/no\/wp-json\/wp\/v2\/product"}],"about":[{"href":"https:\/\/stylingagenten.com\/no\/wp-json\/wp\/v2\/types\/product"}],"replies":[{"embeddable":true,"href":"https:\/\/stylingagenten.com\/no\/wp-json\/wp\/v2\/comments?post=375331"}],"version-history":[{"count":0,"href":"https:\/\/stylingagenten.com\/no\/wp-json\/wp\/v2\/product\/375331\/revisions"}],"wp:featuredmedia":[{"embeddable":true,"href":"https:\/\/stylingagenten.com\/no\/wp-json\/wp\/v2\/media\/375314"}],"wp:attachment":[{"href":"https:\/\/stylingagenten.com\/no\/wp-json\/wp\/v2\/media?parent=375331"}],"wp:term":[{"taxonomy":"product_brand","embeddable":true,"href":"https:\/\/stylingagenten.com\/no\/wp-json\/wp\/v2\/product_brand?post=375331"},{"taxonomy":"product_cat","embeddable":true,"href":"https:\/\/stylingagenten.com\/no\/wp-json\/wp\/v2\/product_cat?post=375331"},{"taxonomy":"product_tag","embeddable":true,"href":"https:\/\/stylingagenten.com\/no\/wp-json\/wp\/v2\/product_tag?post=375331"},{"taxonomy":"berocket_brand","embeddable":true,"href":"https:\/\/stylingagenten.com\/no\/wp-json\/wp\/v2\/berocket_brand?post=375331"}],"curies":[{"name":"wp","href":"https:\/\/api.w.org\/{rel}","templated":true}]}}