{"id":375322,"date":"2025-05-18T20:53:37","date_gmt":"2025-05-18T20:53:37","guid":{"rendered":"https:\/\/staging2.stylingagenten.com\/no\/produkt\/replay-source-of-life-woman-edp-50ml\/"},"modified":"2026-03-22T13:28:04","modified_gmt":"2026-03-22T13:28:04","slug":"replay-source-of-life-woman-edp-50ml","status":"publish","type":"product","link":"https:\/\/stylingagenten.com\/no\/produkt\/replay-source-of-life-woman-edp-50ml\/","title":{"rendered":"Replay Source Of Life Woman Edp 50ml"},"content":{"rendered":"<p>Source of Life Woman Eau de Parfum<br \/>En feminin duft inspirert av den majestetiske skj\u00f8nnheten til jordens elver. Med sine forfriskende akvatiske toner fanger denne rene og skarpe duften essensen av en forfriskende str\u00f8m gjennom elven, og gir en flytende f\u00f8lelse som vekker sansene og fungerer som en skvett av kj\u00f8lende glede.<\/p>\n<p>Toppnotater: Bergamot fra Italia, Mandarin fra Italia Orpur \u00ae, Lime fra Italia Orpur \u00ae<br \/>Hjertenoter: Geranium fra Egypt Orpur\u00ae, Jasmin<br \/>Basenoter: Patchouli fra Indonesia Orpur \u00ae, Ylang Ylang Extra Comores Orpur \u00ae, naturlig vanillin (fra nellik) )<\/p>\n","protected":false},"excerpt":{"rendered":"<p>Source of Life Woman Eau de ParfumEn feminin duft inspirert av den majestetiske skj\u00f8nnheten til jordens elver. Med sine forfriskende akvatiske toner fanger denne rene og skarpe duften essensen av en forfriskende str\u00f8m gjennom elven, og gir en flytende f\u00f8lelse som vekker sansene og fungerer som en skvett av kj\u00f8lende glede. Toppnotater: Bergamot fra Italia, [&hellip;]<\/p>\n","protected":false},"featured_media":375312,"comment_status":"open","ping_status":"closed","template":"","meta":{"_trash_the_other_posts":false},"product_brand":[],"product_cat":[706,735,999],"product_tag":[3901],"berocket_brand":[1120],"class_list":{"0":"post-375322","1":"product","2":"type-product","3":"status-publish","4":"has-post-thumbnail","6":"product_cat-eau-de-parfum-dame","7":"product_cat-kampanje","8":"product_cat-kampanjetilbud-for-henne","9":"product_tag-replay-source-of-life-woman-edp","10":"pa_brand-replay","11":"pa_variant-50ml","12":"berocket_brand-replay","14":"first","15":"instock","16":"sale","17":"taxable","18":"shipping-taxable","19":"purchasable","20":"product-type-simple"},"_links":{"self":[{"href":"https:\/\/stylingagenten.com\/no\/wp-json\/wp\/v2\/product\/375322","targetHints":{"allow":["GET"]}}],"collection":[{"href":"https:\/\/stylingagenten.com\/no\/wp-json\/wp\/v2\/product"}],"about":[{"href":"https:\/\/stylingagenten.com\/no\/wp-json\/wp\/v2\/types\/product"}],"replies":[{"embeddable":true,"href":"https:\/\/stylingagenten.com\/no\/wp-json\/wp\/v2\/comments?post=375322"}],"version-history":[{"count":0,"href":"https:\/\/stylingagenten.com\/no\/wp-json\/wp\/v2\/product\/375322\/revisions"}],"wp:featuredmedia":[{"embeddable":true,"href":"https:\/\/stylingagenten.com\/no\/wp-json\/wp\/v2\/media\/375312"}],"wp:attachment":[{"href":"https:\/\/stylingagenten.com\/no\/wp-json\/wp\/v2\/media?parent=375322"}],"wp:term":[{"taxonomy":"product_brand","embeddable":true,"href":"https:\/\/stylingagenten.com\/no\/wp-json\/wp\/v2\/product_brand?post=375322"},{"taxonomy":"product_cat","embeddable":true,"href":"https:\/\/stylingagenten.com\/no\/wp-json\/wp\/v2\/product_cat?post=375322"},{"taxonomy":"product_tag","embeddable":true,"href":"https:\/\/stylingagenten.com\/no\/wp-json\/wp\/v2\/product_tag?post=375322"},{"taxonomy":"berocket_brand","embeddable":true,"href":"https:\/\/stylingagenten.com\/no\/wp-json\/wp\/v2\/berocket_brand?post=375322"}],"curies":[{"name":"wp","href":"https:\/\/api.w.org\/{rel}","templated":true}]}}