{"id":375302,"date":"2025-05-18T20:53:34","date_gmt":"2025-05-18T20:53:34","guid":{"rendered":"https:\/\/staging2.stylingagenten.com\/no\/produkt\/replay-signature-lovers-for-woman-edt-30ml\/"},"modified":"2026-03-27T11:10:33","modified_gmt":"2026-03-27T11:10:33","slug":"replay-signature-lovers-for-woman-edt-30ml","status":"publish","type":"product","link":"https:\/\/stylingagenten.com\/no\/produkt\/replay-signature-lovers-for-woman-edt-30ml\/","title":{"rendered":"Replay Signature Lovers For Woman Edt 30ml"},"content":{"rendered":"<p>Replay Signature Lovers Woman er en ekstraordin\u00e6r kreasjon der tatoveringene som er gjengitt p\u00e5 emballasjen ikke er prangende, men snarere et element for \u00e5 kommunisere et kj\u00e6rlighetsbudskap. Duften \u00e5pner med elegant rose kombinert med lidenskapelig gardenia, som bindes sammen med en bukett blomster i hjertenotene. Denne feminine attraksjonen avsluttes mykt med orkid\u00e9 og luksuri\u00f8se blandinger av sjelden rav og vanilje.<\/p>\n<p>Toppnoter: bringeb\u00e6r, mandarin, rosa pepper, bergamot<br \/>Hjertenoter: Gardenia, Rose, Ylang Ylang, Jasmine Sambac<br \/>Basenoter: Vaniljeid\u00e9, Amberwood, Sandeltre, Patchouli<\/p>\n","protected":false},"excerpt":{"rendered":"<p>Replay Signature Lovers Woman er en ekstraordin\u00e6r kreasjon der tatoveringene som er gjengitt p\u00e5 emballasjen ikke er prangende, men snarere et element for \u00e5 kommunisere et kj\u00e6rlighetsbudskap. Duften \u00e5pner med elegant rose kombinert med lidenskapelig gardenia, som bindes sammen med en bukett blomster i hjertenotene. Denne feminine attraksjonen avsluttes mykt med orkid\u00e9 og luksuri\u00f8se blandinger [&hellip;]<\/p>\n","protected":false},"featured_media":375292,"comment_status":"open","ping_status":"closed","template":"","meta":{"_trash_the_other_posts":false},"product_brand":[],"product_cat":[707,735,999],"product_tag":[3897],"berocket_brand":[1120],"class_list":{"0":"post-375302","1":"product","2":"type-product","3":"status-publish","4":"has-post-thumbnail","6":"product_cat-eau-de-toilette-dame","7":"product_cat-kampanje","8":"product_cat-kampanjetilbud-for-henne","9":"product_tag-replay-signature-lovers-for-woman-edt","10":"pa_brand-replay","11":"pa_variant-30ml","12":"berocket_brand-replay","14":"first","15":"instock","16":"sale","17":"taxable","18":"shipping-taxable","19":"purchasable","20":"product-type-simple"},"_links":{"self":[{"href":"https:\/\/stylingagenten.com\/no\/wp-json\/wp\/v2\/product\/375302","targetHints":{"allow":["GET"]}}],"collection":[{"href":"https:\/\/stylingagenten.com\/no\/wp-json\/wp\/v2\/product"}],"about":[{"href":"https:\/\/stylingagenten.com\/no\/wp-json\/wp\/v2\/types\/product"}],"replies":[{"embeddable":true,"href":"https:\/\/stylingagenten.com\/no\/wp-json\/wp\/v2\/comments?post=375302"}],"version-history":[{"count":0,"href":"https:\/\/stylingagenten.com\/no\/wp-json\/wp\/v2\/product\/375302\/revisions"}],"wp:featuredmedia":[{"embeddable":true,"href":"https:\/\/stylingagenten.com\/no\/wp-json\/wp\/v2\/media\/375292"}],"wp:attachment":[{"href":"https:\/\/stylingagenten.com\/no\/wp-json\/wp\/v2\/media?parent=375302"}],"wp:term":[{"taxonomy":"product_brand","embeddable":true,"href":"https:\/\/stylingagenten.com\/no\/wp-json\/wp\/v2\/product_brand?post=375302"},{"taxonomy":"product_cat","embeddable":true,"href":"https:\/\/stylingagenten.com\/no\/wp-json\/wp\/v2\/product_cat?post=375302"},{"taxonomy":"product_tag","embeddable":true,"href":"https:\/\/stylingagenten.com\/no\/wp-json\/wp\/v2\/product_tag?post=375302"},{"taxonomy":"berocket_brand","embeddable":true,"href":"https:\/\/stylingagenten.com\/no\/wp-json\/wp\/v2\/berocket_brand?post=375302"}],"curies":[{"name":"wp","href":"https:\/\/api.w.org\/{rel}","templated":true}]}}