{"id":375282,"date":"2025-05-18T20:53:30","date_gmt":"2025-05-18T20:53:30","guid":{"rendered":"https:\/\/staging2.stylingagenten.com\/no\/produkt\/gucci-bamboo-edt-50ml\/"},"modified":"2026-03-11T22:01:19","modified_gmt":"2026-03-11T22:01:19","slug":"gucci-bamboo-edt-50ml","status":"publish","type":"product","link":"https:\/\/stylingagenten.com\/no\/produkt\/gucci-bamboo-edt-50ml\/","title":{"rendered":"Gucci Bamboo Edt 50ml"},"content":{"rendered":"<p>Gucci Bamboo Edt er en uts\u00f8kt treaktig blomsterparfyme for den moderne mangefasetterte kvinnen. Den er myk og intens p\u00e5 samme tid for \u00e5 utstr\u00e5le b\u00e5de styrke og femininitet. Treaktige og varme toner vibrerer gjennom hjertet og basen. Rik sandeltre, berusende tahitisk vanilje og unike akkorder av gr\u00e5 ambra gir en komplement\u00e6r kontrast til den iboende femininiteten som finnes i eksotiske blomsternoter av myk Casablanca-lilje, feminin appelsinblomst og uts\u00f8kt ylang ylang &#8211; Kraftig og grasi\u00f8s. Bambus trives under ekstreme forhold, den t\u00e5ler kraften fra en orkan og har en naturlig styrke, den er slank og elegant og hever seg over all annen vegetasjon. Den moderne Gucci-kvinnen deler bambusens egenskaper. Hun balanserer styrke og selvtillit med sin medf\u00f8dte femininitet og balanse. \u00d8verst: Sitrus &amp; appelsinblomsthjerte: Ylang ylang, casablanca lilje, sjasmin og amp; kronblader Base: Tahitisk vanilje &amp; sandeltre<\/p>\n","protected":false},"excerpt":{"rendered":"<p>Gucci Bamboo Edt er en uts\u00f8kt treaktig blomsterparfyme for den moderne mangefasetterte kvinnen. Den er myk og intens p\u00e5 samme tid for \u00e5 utstr\u00e5le b\u00e5de styrke og femininitet. Treaktige og varme toner vibrerer gjennom hjertet og basen. Rik sandeltre, berusende tahitisk vanilje og unike akkorder av gr\u00e5 ambra gir en komplement\u00e6r kontrast til den iboende [&hellip;]<\/p>\n","protected":false},"featured_media":375277,"comment_status":"open","ping_status":"closed","template":"","meta":{"_trash_the_other_posts":false},"product_brand":[],"product_cat":[707,735,999,534],"product_tag":[2929],"berocket_brand":[1329],"class_list":{"0":"post-375282","1":"product","2":"type-product","3":"status-publish","4":"has-post-thumbnail","6":"product_cat-eau-de-toilette-dame","7":"product_cat-kampanje","8":"product_cat-kampanjetilbud-for-henne","9":"product_cat-parfyme-dame","10":"product_tag-gucci-bamboo-edt","11":"pa_brand-gucci","12":"pa_variant-50ml","13":"berocket_brand-gucci","15":"first","16":"instock","17":"sale","18":"taxable","19":"shipping-taxable","20":"purchasable","21":"product-type-simple"},"_links":{"self":[{"href":"https:\/\/stylingagenten.com\/no\/wp-json\/wp\/v2\/product\/375282","targetHints":{"allow":["GET"]}}],"collection":[{"href":"https:\/\/stylingagenten.com\/no\/wp-json\/wp\/v2\/product"}],"about":[{"href":"https:\/\/stylingagenten.com\/no\/wp-json\/wp\/v2\/types\/product"}],"replies":[{"embeddable":true,"href":"https:\/\/stylingagenten.com\/no\/wp-json\/wp\/v2\/comments?post=375282"}],"version-history":[{"count":0,"href":"https:\/\/stylingagenten.com\/no\/wp-json\/wp\/v2\/product\/375282\/revisions"}],"wp:featuredmedia":[{"embeddable":true,"href":"https:\/\/stylingagenten.com\/no\/wp-json\/wp\/v2\/media\/375277"}],"wp:attachment":[{"href":"https:\/\/stylingagenten.com\/no\/wp-json\/wp\/v2\/media?parent=375282"}],"wp:term":[{"taxonomy":"product_brand","embeddable":true,"href":"https:\/\/stylingagenten.com\/no\/wp-json\/wp\/v2\/product_brand?post=375282"},{"taxonomy":"product_cat","embeddable":true,"href":"https:\/\/stylingagenten.com\/no\/wp-json\/wp\/v2\/product_cat?post=375282"},{"taxonomy":"product_tag","embeddable":true,"href":"https:\/\/stylingagenten.com\/no\/wp-json\/wp\/v2\/product_tag?post=375282"},{"taxonomy":"berocket_brand","embeddable":true,"href":"https:\/\/stylingagenten.com\/no\/wp-json\/wp\/v2\/berocket_brand?post=375282"}],"curies":[{"name":"wp","href":"https:\/\/api.w.org\/{rel}","templated":true}]}}