{"id":375269,"date":"2025-05-18T20:53:28","date_gmt":"2025-05-18T20:53:28","guid":{"rendered":"https:\/\/staging2.stylingagenten.com\/no\/produkt\/britney-spears-fantasy-blissful-edt-30ml\/"},"modified":"2026-04-07T17:47:46","modified_gmt":"2026-04-07T17:47:46","slug":"britney-spears-fantasy-blissful-edt-30ml","status":"publish","type":"product","link":"https:\/\/stylingagenten.com\/no\/produkt\/britney-spears-fantasy-blissful-edt-30ml\/","title":{"rendered":"Britney Spears Fantasy Blissful Edt 30ml"},"content":{"rendered":"<p>Britney Spears Fantasy Blissful Edt 30 ml<br \/>Oppdag nok en magisk duft i Britney Spears Fantasy duftlinje, en fantastisk sprudlende og oppl\u00f8ftende eau de toilette inspirert av Britneys evig solfylte hum\u00f8r og hennes kj\u00e6rlighet til tropiske ferier.<br \/>&#8211;<br \/> Blissful Fantasy er olfactory escape &#8211; En enveisbillett til paradis, som ikke er et unikt sted, men en sinnstilstand. Hvor du kan f\u00f8le fullstendig lykke og fred \u2013 uansett hvor du er. En kvinneparfyme for alle anledninger.<br \/>&#8211;<br \/>Duften er en lett, treaktig og hvit blomsterduft som blander toppnoter av lilje, honningmelon og hvit freesiablomst med sjasmin, tuberose og tiareblomst i hjertet. Basen inneholder forf\u00f8rende musk, sandeltre og orris.<br \/>&#8211;<br \/>Duftfamilie: Woody-Floral<br \/>Toppnote: Lily, Honeydew melon, Freesia<br \/>Hjertenote: Jasmine, Tuberose, Tiare flower<br \/> Basisnote: Musk, Sandeltre, Orris<\/p>\n","protected":false},"excerpt":{"rendered":"<p>Britney Spears Fantasy Blissful Edt 30 mlOppdag nok en magisk duft i Britney Spears Fantasy duftlinje, en fantastisk sprudlende og oppl\u00f8ftende eau de toilette inspirert av Britneys evig solfylte hum\u00f8r og hennes kj\u00e6rlighet til tropiske ferier.&#8211; Blissful Fantasy er olfactory escape &#8211; En enveisbillett til paradis, som ikke er et unikt sted, men en sinnstilstand. [&hellip;]<\/p>\n","protected":false},"featured_media":375263,"comment_status":"open","ping_status":"closed","template":"","meta":{"_trash_the_other_posts":false},"product_brand":[],"product_cat":[707,735,999,534],"product_tag":[],"berocket_brand":[1031],"class_list":{"0":"post-375269","1":"product","2":"type-product","3":"status-publish","4":"has-post-thumbnail","6":"product_cat-eau-de-toilette-dame","7":"product_cat-kampanje","8":"product_cat-kampanjetilbud-for-henne","9":"product_cat-parfyme-dame","10":"pa_brand-britney-spears","11":"berocket_brand-britney-spears","13":"first","14":"outofstock","15":"sale","16":"taxable","17":"shipping-taxable","18":"purchasable","19":"product-type-simple"},"_links":{"self":[{"href":"https:\/\/stylingagenten.com\/no\/wp-json\/wp\/v2\/product\/375269","targetHints":{"allow":["GET"]}}],"collection":[{"href":"https:\/\/stylingagenten.com\/no\/wp-json\/wp\/v2\/product"}],"about":[{"href":"https:\/\/stylingagenten.com\/no\/wp-json\/wp\/v2\/types\/product"}],"replies":[{"embeddable":true,"href":"https:\/\/stylingagenten.com\/no\/wp-json\/wp\/v2\/comments?post=375269"}],"version-history":[{"count":0,"href":"https:\/\/stylingagenten.com\/no\/wp-json\/wp\/v2\/product\/375269\/revisions"}],"wp:featuredmedia":[{"embeddable":true,"href":"https:\/\/stylingagenten.com\/no\/wp-json\/wp\/v2\/media\/375263"}],"wp:attachment":[{"href":"https:\/\/stylingagenten.com\/no\/wp-json\/wp\/v2\/media?parent=375269"}],"wp:term":[{"taxonomy":"product_brand","embeddable":true,"href":"https:\/\/stylingagenten.com\/no\/wp-json\/wp\/v2\/product_brand?post=375269"},{"taxonomy":"product_cat","embeddable":true,"href":"https:\/\/stylingagenten.com\/no\/wp-json\/wp\/v2\/product_cat?post=375269"},{"taxonomy":"product_tag","embeddable":true,"href":"https:\/\/stylingagenten.com\/no\/wp-json\/wp\/v2\/product_tag?post=375269"},{"taxonomy":"berocket_brand","embeddable":true,"href":"https:\/\/stylingagenten.com\/no\/wp-json\/wp\/v2\/berocket_brand?post=375269"}],"curies":[{"name":"wp","href":"https:\/\/api.w.org\/{rel}","templated":true}]}}