{"id":375257,"date":"2025-05-18T20:53:25","date_gmt":"2025-05-18T20:53:25","guid":{"rendered":"https:\/\/staging2.stylingagenten.com\/no\/produkt\/abercrombie-fitch-first-instinct-blue-for-her-edp-100ml\/"},"modified":"2026-03-28T19:18:38","modified_gmt":"2026-03-28T19:18:38","slug":"abercrombie-fitch-first-instinct-blue-for-her-edp-100ml","status":"publish","type":"product","link":"https:\/\/stylingagenten.com\/no\/produkt\/abercrombie-fitch-first-instinct-blue-for-her-edp-100ml\/","title":{"rendered":"Abercrombie &amp; Fitch First Instinct Blue for Her Edp 100ml"},"content":{"rendered":"<p>Abercrombie &amp; Fitch First Instinct Blue for Her Edp 100ml<br \/>En duft inspirert av impulsiv energi og holdningen til \u00e5 &laquo;leve i \u00f8yeblikket&raquo;. En naturlig sunn duftopplevelse som ber\u00f8rer alle sanser. Duftens noter fokuserer p\u00e5 kontraster, friske innslag av salt sj\u00f8luft kombinert med solvarme s\u00f8te bj\u00f8rneb\u00e6r. Mild aprikosnektar kombinert med s\u00f8dme fra vanilje og patchouli. <br \/>Topp: Salt sj\u00f8luft, bergamott, bj\u00f8rneb\u00e6r og hjerte: aprikosnektar, peon, sjasmin og base: patchouli, vanilje, sandeltre<\/p>\n","protected":false},"excerpt":{"rendered":"<p>Abercrombie &amp; Fitch First Instinct Blue for Her Edp 100mlEn duft inspirert av impulsiv energi og holdningen til \u00e5 &laquo;leve i \u00f8yeblikket&raquo;. En naturlig sunn duftopplevelse som ber\u00f8rer alle sanser. Duftens noter fokuserer p\u00e5 kontraster, friske innslag av salt sj\u00f8luft kombinert med solvarme s\u00f8te bj\u00f8rneb\u00e6r. Mild aprikosnektar kombinert med s\u00f8dme fra vanilje og patchouli. Topp: [&hellip;]<\/p>\n","protected":false},"featured_media":375251,"comment_status":"open","ping_status":"closed","template":"","meta":{"_trash_the_other_posts":false},"product_brand":[],"product_cat":[706,735,1006,999,534],"product_tag":[],"berocket_brand":[1278],"class_list":{"0":"post-375257","1":"product","2":"type-product","3":"status-publish","4":"has-post-thumbnail","6":"product_cat-eau-de-parfum-dame","7":"product_cat-kampanje","8":"product_cat-kampanjepris","9":"product_cat-kampanjetilbud-for-henne","10":"product_cat-parfyme-dame","11":"pa_brand-abercrombie-fitch","12":"berocket_brand-abercrombie-fitch","14":"first","15":"instock","16":"sale","17":"taxable","18":"shipping-taxable","19":"purchasable","20":"product-type-simple"},"_links":{"self":[{"href":"https:\/\/stylingagenten.com\/no\/wp-json\/wp\/v2\/product\/375257","targetHints":{"allow":["GET"]}}],"collection":[{"href":"https:\/\/stylingagenten.com\/no\/wp-json\/wp\/v2\/product"}],"about":[{"href":"https:\/\/stylingagenten.com\/no\/wp-json\/wp\/v2\/types\/product"}],"replies":[{"embeddable":true,"href":"https:\/\/stylingagenten.com\/no\/wp-json\/wp\/v2\/comments?post=375257"}],"version-history":[{"count":0,"href":"https:\/\/stylingagenten.com\/no\/wp-json\/wp\/v2\/product\/375257\/revisions"}],"wp:featuredmedia":[{"embeddable":true,"href":"https:\/\/stylingagenten.com\/no\/wp-json\/wp\/v2\/media\/375251"}],"wp:attachment":[{"href":"https:\/\/stylingagenten.com\/no\/wp-json\/wp\/v2\/media?parent=375257"}],"wp:term":[{"taxonomy":"product_brand","embeddable":true,"href":"https:\/\/stylingagenten.com\/no\/wp-json\/wp\/v2\/product_brand?post=375257"},{"taxonomy":"product_cat","embeddable":true,"href":"https:\/\/stylingagenten.com\/no\/wp-json\/wp\/v2\/product_cat?post=375257"},{"taxonomy":"product_tag","embeddable":true,"href":"https:\/\/stylingagenten.com\/no\/wp-json\/wp\/v2\/product_tag?post=375257"},{"taxonomy":"berocket_brand","embeddable":true,"href":"https:\/\/stylingagenten.com\/no\/wp-json\/wp\/v2\/berocket_brand?post=375257"}],"curies":[{"name":"wp","href":"https:\/\/api.w.org\/{rel}","templated":true}]}}