{"id":375247,"date":"2025-05-18T20:53:24","date_gmt":"2025-05-18T20:53:24","guid":{"rendered":"https:\/\/staging2.stylingagenten.com\/no\/produkt\/moschino-cheap-chic-i-love-love-edt-30ml\/"},"modified":"2026-03-11T21:53:05","modified_gmt":"2026-03-11T21:53:05","slug":"moschino-cheap-chic-i-love-love-edt-30ml","status":"publish","type":"product","link":"https:\/\/stylingagenten.com\/no\/produkt\/moschino-cheap-chic-i-love-love-edt-30ml\/","title":{"rendered":"Moschino Cheap &amp; Chic I Love Love Edt 30ml"},"content":{"rendered":"<p>Moschino Billig &amp; Chic I Love Love Edt 30ml<br \/>Finnes det en vakrere f\u00f8lelse enn kj\u00e6rlighet? Som \u00e5 v\u00e6re forelsket i livet? I Love Love er en gave fra Moschino til forelskede kvinner. En herlig f\u00f8lelse av nytelse, spontan og spennende som kj\u00e6rligheten selv og like tidl\u00f8s som f\u00f8lelsen av ren lykke. I Love Love inviterer deg til \u00e5 nyte livet til det fulle, med et snev av ironi og alltid med moro. Uimotst\u00e5elig overraskende som ren kj\u00e6rlighetslykke. Bli ogs\u00e5 forelsket i Olivia, ikonet for Cheap and Chic-duftlinjen.<\/p>\n<p>Toppnoter: Grapefrukt, sitron, rips<br \/>Hjertenoter: Teros, sandeltre, kanel<br \/>Basinoter: Musk , thanaka, sedertre<\/p>\n","protected":false},"excerpt":{"rendered":"<p>Moschino Billig &amp; Chic I Love Love Edt 30mlFinnes det en vakrere f\u00f8lelse enn kj\u00e6rlighet? Som \u00e5 v\u00e6re forelsket i livet? I Love Love er en gave fra Moschino til forelskede kvinner. En herlig f\u00f8lelse av nytelse, spontan og spennende som kj\u00e6rligheten selv og like tidl\u00f8s som f\u00f8lelsen av ren lykke. I Love Love inviterer [&hellip;]<\/p>\n","protected":false},"featured_media":375240,"comment_status":"open","ping_status":"closed","template":"","meta":{"_trash_the_other_posts":false},"product_brand":[],"product_cat":[707,735,1006,999,534],"product_tag":[],"berocket_brand":[1084],"class_list":{"0":"post-375247","1":"product","2":"type-product","3":"status-publish","4":"has-post-thumbnail","6":"product_cat-eau-de-toilette-dame","7":"product_cat-kampanje","8":"product_cat-kampanjepris","9":"product_cat-kampanjetilbud-for-henne","10":"product_cat-parfyme-dame","11":"pa_brand-moschino","12":"berocket_brand-moschino","14":"first","15":"instock","16":"sale","17":"taxable","18":"shipping-taxable","19":"purchasable","20":"product-type-simple"},"_links":{"self":[{"href":"https:\/\/stylingagenten.com\/no\/wp-json\/wp\/v2\/product\/375247","targetHints":{"allow":["GET"]}}],"collection":[{"href":"https:\/\/stylingagenten.com\/no\/wp-json\/wp\/v2\/product"}],"about":[{"href":"https:\/\/stylingagenten.com\/no\/wp-json\/wp\/v2\/types\/product"}],"replies":[{"embeddable":true,"href":"https:\/\/stylingagenten.com\/no\/wp-json\/wp\/v2\/comments?post=375247"}],"version-history":[{"count":0,"href":"https:\/\/stylingagenten.com\/no\/wp-json\/wp\/v2\/product\/375247\/revisions"}],"wp:featuredmedia":[{"embeddable":true,"href":"https:\/\/stylingagenten.com\/no\/wp-json\/wp\/v2\/media\/375240"}],"wp:attachment":[{"href":"https:\/\/stylingagenten.com\/no\/wp-json\/wp\/v2\/media?parent=375247"}],"wp:term":[{"taxonomy":"product_brand","embeddable":true,"href":"https:\/\/stylingagenten.com\/no\/wp-json\/wp\/v2\/product_brand?post=375247"},{"taxonomy":"product_cat","embeddable":true,"href":"https:\/\/stylingagenten.com\/no\/wp-json\/wp\/v2\/product_cat?post=375247"},{"taxonomy":"product_tag","embeddable":true,"href":"https:\/\/stylingagenten.com\/no\/wp-json\/wp\/v2\/product_tag?post=375247"},{"taxonomy":"berocket_brand","embeddable":true,"href":"https:\/\/stylingagenten.com\/no\/wp-json\/wp\/v2\/berocket_brand?post=375247"}],"curies":[{"name":"wp","href":"https:\/\/api.w.org\/{rel}","templated":true}]}}