{"id":375238,"date":"2025-05-18T20:53:22","date_gmt":"2025-05-18T20:53:22","guid":{"rendered":"https:\/\/staging2.stylingagenten.com\/no\/produkt\/moschino-cheap-chic-so-real-edt-100ml\/"},"modified":"2026-03-11T21:58:53","modified_gmt":"2026-03-11T21:58:53","slug":"moschino-cheap-chic-so-real-edt-100ml","status":"publish","type":"product","link":"https:\/\/stylingagenten.com\/no\/produkt\/moschino-cheap-chic-so-real-edt-100ml\/","title":{"rendered":"Moschino Cheap &amp; Chic So Real Edt 100ml"},"content":{"rendered":"<p>Moschino Billig &amp; Chic So Real Edt 100ml<br \/>S\u00c5 VIRKELIG BILLIG &amp; CHIC MOSCHINO overrasker med innovative ingredienser. I begynnelsen kjenner du glitrende akkorder av bitter appelsin, sammen med deilig mandarin. Nyansene av bringeb\u00e6r- og ripssorbet avrunder toppnoten, som er preget av sitrusakkorder. Hjertenoten er gledelig og forn\u00f8yelig: En visning av rosa peoner med sine uendelig varierte fasetter, sammen med luftige, solfylte sjasminblomster og et elegant preg av magnolia. Denne livlige, veldig livlige blomsterbuketten utstr\u00e5ler en helt spesiell alkymi og f\u00f8rer til den uimotst\u00e5elig sjarmerende finalen, med forlokkende nyanser av sedertre, eikemose og ambroxankrystaller.<\/p>\n<p>Toppnoter: Bitterappelsin, mandarin, bringeb\u00e6r og rips sorbet<br \/>Hjertenoter: Peoner, sjasminblomster, magnolia<br \/>Basenote: sedertre, eikemose, ambroxankrystaller<\/p>\n","protected":false},"excerpt":{"rendered":"<p>Moschino Billig &amp; Chic So Real Edt 100mlS\u00c5 VIRKELIG BILLIG &amp; CHIC MOSCHINO overrasker med innovative ingredienser. I begynnelsen kjenner du glitrende akkorder av bitter appelsin, sammen med deilig mandarin. Nyansene av bringeb\u00e6r- og ripssorbet avrunder toppnoten, som er preget av sitrusakkorder. Hjertenoten er gledelig og forn\u00f8yelig: En visning av rosa peoner med sine uendelig [&hellip;]<\/p>\n","protected":false},"featured_media":375236,"comment_status":"open","ping_status":"closed","template":"","meta":{"_trash_the_other_posts":false},"product_brand":[],"product_cat":[707,735,1006,999,534],"product_tag":[3610],"berocket_brand":[1084],"class_list":{"0":"post-375238","1":"product","2":"type-product","3":"status-publish","4":"has-post-thumbnail","6":"product_cat-eau-de-toilette-dame","7":"product_cat-kampanje","8":"product_cat-kampanjepris","9":"product_cat-kampanjetilbud-for-henne","10":"product_cat-parfyme-dame","11":"product_tag-moschino-cheap-chic-so-real-edt","12":"pa_brand-moschino","13":"pa_variant-100ml","14":"berocket_brand-moschino","16":"first","17":"instock","18":"sale","19":"taxable","20":"shipping-taxable","21":"purchasable","22":"product-type-simple"},"_links":{"self":[{"href":"https:\/\/stylingagenten.com\/no\/wp-json\/wp\/v2\/product\/375238","targetHints":{"allow":["GET"]}}],"collection":[{"href":"https:\/\/stylingagenten.com\/no\/wp-json\/wp\/v2\/product"}],"about":[{"href":"https:\/\/stylingagenten.com\/no\/wp-json\/wp\/v2\/types\/product"}],"replies":[{"embeddable":true,"href":"https:\/\/stylingagenten.com\/no\/wp-json\/wp\/v2\/comments?post=375238"}],"version-history":[{"count":0,"href":"https:\/\/stylingagenten.com\/no\/wp-json\/wp\/v2\/product\/375238\/revisions"}],"wp:featuredmedia":[{"embeddable":true,"href":"https:\/\/stylingagenten.com\/no\/wp-json\/wp\/v2\/media\/375236"}],"wp:attachment":[{"href":"https:\/\/stylingagenten.com\/no\/wp-json\/wp\/v2\/media?parent=375238"}],"wp:term":[{"taxonomy":"product_brand","embeddable":true,"href":"https:\/\/stylingagenten.com\/no\/wp-json\/wp\/v2\/product_brand?post=375238"},{"taxonomy":"product_cat","embeddable":true,"href":"https:\/\/stylingagenten.com\/no\/wp-json\/wp\/v2\/product_cat?post=375238"},{"taxonomy":"product_tag","embeddable":true,"href":"https:\/\/stylingagenten.com\/no\/wp-json\/wp\/v2\/product_tag?post=375238"},{"taxonomy":"berocket_brand","embeddable":true,"href":"https:\/\/stylingagenten.com\/no\/wp-json\/wp\/v2\/berocket_brand?post=375238"}],"curies":[{"name":"wp","href":"https:\/\/api.w.org\/{rel}","templated":true}]}}