{"id":375235,"date":"2025-05-18T20:53:21","date_gmt":"2025-05-18T20:53:21","guid":{"rendered":"https:\/\/staging2.stylingagenten.com\/no\/produkt\/moschino-femme-edt-75ml\/"},"modified":"2026-02-19T22:16:35","modified_gmt":"2026-02-19T22:16:35","slug":"moschino-femme-edt-75ml","status":"publish","type":"product","link":"https:\/\/stylingagenten.com\/no\/produkt\/moschino-femme-edt-75ml\/","title":{"rendered":"Moschino Femme Edt 75ml"},"content":{"rendered":"<p>Moschino Femme Edt 75ml<br \/>Moschino Femme er en Eau de Toilette for kvinner som raskt vil bli din nye lidenskap og umulig \u00e5 gi opp. Den vil fortrylle deg fra f\u00f8rste stund, og overbevise deg om at den definitivt fortjener sin plass p\u00e5 sminkebordet ditt.<br \/>\u2022Toppnoter: Galbanum, engelsk ringblomst, Freesia, Honeysuckle og Plomme<br \/>\u2022Hjertenoter: Muskat, Nellik, Gardenia, Pepper, Ylang-Ylang og Rose<br \/>\u2022Basenoter: Amber, Musk, Vanilje, Sandeltre og Patchouli<\/p>\n","protected":false},"excerpt":{"rendered":"<p>Moschino Femme Edt 75mlMoschino Femme er en Eau de Toilette for kvinner som raskt vil bli din nye lidenskap og umulig \u00e5 gi opp. Den vil fortrylle deg fra f\u00f8rste stund, og overbevise deg om at den definitivt fortjener sin plass p\u00e5 sminkebordet ditt.\u2022Toppnoter: Galbanum, engelsk ringblomst, Freesia, Honeysuckle og Plomme\u2022Hjertenoter: Muskat, Nellik, Gardenia, Pepper, [&hellip;]<\/p>\n","protected":false},"featured_media":375233,"comment_status":"open","ping_status":"closed","template":"","meta":{"_trash_the_other_posts":false},"product_brand":[],"product_cat":[707,735,1006,999,1005,534],"product_tag":[3614],"berocket_brand":[1084],"class_list":{"0":"post-375235","1":"product","2":"type-product","3":"status-publish","4":"has-post-thumbnail","6":"product_cat-eau-de-toilette-dame","7":"product_cat-kampanje","8":"product_cat-kampanjepris","9":"product_cat-kampanjetilbud-for-henne","10":"product_cat-outlet","11":"product_cat-parfyme-dame","12":"product_tag-moschino-femme-edt","13":"pa_brand-moschino","14":"pa_variant-75ml","15":"berocket_brand-moschino","17":"first","18":"outofstock","19":"sale","20":"taxable","21":"shipping-taxable","22":"purchasable","23":"product-type-simple"},"_links":{"self":[{"href":"https:\/\/stylingagenten.com\/no\/wp-json\/wp\/v2\/product\/375235","targetHints":{"allow":["GET"]}}],"collection":[{"href":"https:\/\/stylingagenten.com\/no\/wp-json\/wp\/v2\/product"}],"about":[{"href":"https:\/\/stylingagenten.com\/no\/wp-json\/wp\/v2\/types\/product"}],"replies":[{"embeddable":true,"href":"https:\/\/stylingagenten.com\/no\/wp-json\/wp\/v2\/comments?post=375235"}],"version-history":[{"count":0,"href":"https:\/\/stylingagenten.com\/no\/wp-json\/wp\/v2\/product\/375235\/revisions"}],"wp:featuredmedia":[{"embeddable":true,"href":"https:\/\/stylingagenten.com\/no\/wp-json\/wp\/v2\/media\/375233"}],"wp:attachment":[{"href":"https:\/\/stylingagenten.com\/no\/wp-json\/wp\/v2\/media?parent=375235"}],"wp:term":[{"taxonomy":"product_brand","embeddable":true,"href":"https:\/\/stylingagenten.com\/no\/wp-json\/wp\/v2\/product_brand?post=375235"},{"taxonomy":"product_cat","embeddable":true,"href":"https:\/\/stylingagenten.com\/no\/wp-json\/wp\/v2\/product_cat?post=375235"},{"taxonomy":"product_tag","embeddable":true,"href":"https:\/\/stylingagenten.com\/no\/wp-json\/wp\/v2\/product_tag?post=375235"},{"taxonomy":"berocket_brand","embeddable":true,"href":"https:\/\/stylingagenten.com\/no\/wp-json\/wp\/v2\/berocket_brand?post=375235"}],"curies":[{"name":"wp","href":"https:\/\/api.w.org\/{rel}","templated":true}]}}