{"id":375232,"date":"2025-05-18T20:53:20","date_gmt":"2025-05-18T20:53:20","guid":{"rendered":"https:\/\/staging2.stylingagenten.com\/no\/produkt\/marc-jacobs-perfect-intense-edp-50ml\/"},"modified":"2026-03-11T22:01:32","modified_gmt":"2026-03-11T22:01:32","slug":"marc-jacobs-perfect-intense-edp-50ml","status":"publish","type":"product","link":"https:\/\/stylingagenten.com\/no\/produkt\/marc-jacobs-perfect-intense-edp-50ml\/","title":{"rendered":"Marc Jacobs Perfect Intense Edp 50ml"},"content":{"rendered":"<p>Marc Jacobs Perfect Intense Edp 50ml<br \/>Full. Gylden. Fet.<br \/>&#8211;<br \/>Feir skj\u00f8nnheten ved \u00e5 v\u00e6re ekte, ved \u00e5 v\u00e6re fryktl\u00f8s, ved \u00e5 v\u00e6re #PerfectAsIAm med den nye duften for kvinner fra Marc Jacobs, Perfect Intense Eau de Parfum.<br \/>&#8211;<br \/> Akkurat som bestselgende originalduft Perfect, Perfect Intense er inspirert av Marc Jacobs sitt personlige mantra &laquo;I am perfect just as I am&raquo;, som tatoveringen p\u00e5 h\u00e5ndleddet hans &laquo;perfect&raquo; symboliserer.<br \/>&#8211;<br \/>Tilh\u00f8rer blomsterduften familie, Perfect Intense \u00e5pner opp med blomstertoner av str\u00e5lende p\u00e5skelilje og hvit nattsjasmin. Gylne brente mandler m\u00f8ter sandeltre og gir parfymen en varm, myk duftopplevelse. En rik, leken duft som varer lenge p\u00e5 huden og som passer alle kvinner.<br \/>&#8211;<br \/>#MJPerfect<br \/>&#8211;<br \/>Duftfamilie: Komfortblomstret<br \/>Toppnoter: brente mandler, rosa pepper,<br \/>Hjertenoter: Citrus absolute, jasmine sambac<br \/>Basenoter: Sesamolje, sandeltre, kashmir<\/p>\n","protected":false},"excerpt":{"rendered":"<p>Marc Jacobs Perfect Intense Edp 50mlFull. Gylden. Fet.&#8211;Feir skj\u00f8nnheten ved \u00e5 v\u00e6re ekte, ved \u00e5 v\u00e6re fryktl\u00f8s, ved \u00e5 v\u00e6re #PerfectAsIAm med den nye duften for kvinner fra Marc Jacobs, Perfect Intense Eau de Parfum.&#8211; Akkurat som bestselgende originalduft Perfect, Perfect Intense er inspirert av Marc Jacobs sitt personlige mantra &laquo;I am perfect just as [&hellip;]<\/p>\n","protected":false},"featured_media":375220,"comment_status":"open","ping_status":"closed","template":"","meta":{"_trash_the_other_posts":false},"product_brand":[],"product_cat":[706,735,1006,999,534],"product_tag":[3385],"berocket_brand":[1069],"class_list":{"0":"post-375232","1":"product","2":"type-product","3":"status-publish","4":"has-post-thumbnail","6":"product_cat-eau-de-parfum-dame","7":"product_cat-kampanje","8":"product_cat-kampanjepris","9":"product_cat-kampanjetilbud-for-henne","10":"product_cat-parfyme-dame","11":"product_tag-marc-jacobs-perfect-intense-edp","12":"pa_brand-marc-jacobs","13":"pa_variant-50ml","14":"berocket_brand-marc-jacobs","16":"first","17":"instock","18":"sale","19":"taxable","20":"shipping-taxable","21":"purchasable","22":"product-type-simple"},"_links":{"self":[{"href":"https:\/\/stylingagenten.com\/no\/wp-json\/wp\/v2\/product\/375232","targetHints":{"allow":["GET"]}}],"collection":[{"href":"https:\/\/stylingagenten.com\/no\/wp-json\/wp\/v2\/product"}],"about":[{"href":"https:\/\/stylingagenten.com\/no\/wp-json\/wp\/v2\/types\/product"}],"replies":[{"embeddable":true,"href":"https:\/\/stylingagenten.com\/no\/wp-json\/wp\/v2\/comments?post=375232"}],"version-history":[{"count":0,"href":"https:\/\/stylingagenten.com\/no\/wp-json\/wp\/v2\/product\/375232\/revisions"}],"wp:featuredmedia":[{"embeddable":true,"href":"https:\/\/stylingagenten.com\/no\/wp-json\/wp\/v2\/media\/375220"}],"wp:attachment":[{"href":"https:\/\/stylingagenten.com\/no\/wp-json\/wp\/v2\/media?parent=375232"}],"wp:term":[{"taxonomy":"product_brand","embeddable":true,"href":"https:\/\/stylingagenten.com\/no\/wp-json\/wp\/v2\/product_brand?post=375232"},{"taxonomy":"product_cat","embeddable":true,"href":"https:\/\/stylingagenten.com\/no\/wp-json\/wp\/v2\/product_cat?post=375232"},{"taxonomy":"product_tag","embeddable":true,"href":"https:\/\/stylingagenten.com\/no\/wp-json\/wp\/v2\/product_tag?post=375232"},{"taxonomy":"berocket_brand","embeddable":true,"href":"https:\/\/stylingagenten.com\/no\/wp-json\/wp\/v2\/berocket_brand?post=375232"}],"curies":[{"name":"wp","href":"https:\/\/api.w.org\/{rel}","templated":true}]}}