{"id":375230,"date":"2025-05-18T20:53:20","date_gmt":"2025-05-18T20:53:20","guid":{"rendered":"https:\/\/staging2.stylingagenten.com\/no\/produkt\/britney-spears-jungle-fantasy-edt-100ml\/"},"modified":"2026-04-14T15:48:33","modified_gmt":"2026-04-14T15:48:33","slug":"britney-spears-jungle-fantasy-edt-100ml","status":"publish","type":"product","link":"https:\/\/stylingagenten.com\/no\/produkt\/britney-spears-jungle-fantasy-edt-100ml\/","title":{"rendered":"Britney Spears Jungle Fantasy Edt 100ml"},"content":{"rendered":"<p>Britney Spears Jungle Fantasy 100ml EDT <br \/>Slipp l\u00f8s din villeste fantasi. Flytt inn i det ukjente og utforsk duften Jungle Fantasy, inspirert av Britneys livlige energi, ville holdning og frie \u00e5nd. Duften best\u00e5r av toppnoter av blomster fra vannmelon &#8211; en forfriskende \u00e5pning. Gustavia-blomster vekker entusiasme med sitt blomsterhjerte og et eksotisk bluss. Tonka Bean Absolute tilf\u00f8rer et snev av s\u00f8dme og gir en vanedannende finish. Jungle Fantasy, en eksotisk duft fra Britney Spears\u2122.<\/p>\n","protected":false},"excerpt":{"rendered":"<p>Britney Spears Jungle Fantasy 100ml EDT Slipp l\u00f8s din villeste fantasi. Flytt inn i det ukjente og utforsk duften Jungle Fantasy, inspirert av Britneys livlige energi, ville holdning og frie \u00e5nd. Duften best\u00e5r av toppnoter av blomster fra vannmelon &#8211; en forfriskende \u00e5pning. Gustavia-blomster vekker entusiasme med sitt blomsterhjerte og et eksotisk bluss. Tonka Bean [&hellip;]<\/p>\n","protected":false},"featured_media":375224,"comment_status":"open","ping_status":"closed","template":"","meta":{"_trash_the_other_posts":false},"product_brand":[],"product_cat":[707,735,1006,999,534],"product_tag":[],"berocket_brand":[1031],"class_list":{"0":"post-375230","1":"product","2":"type-product","3":"status-publish","4":"has-post-thumbnail","6":"product_cat-eau-de-toilette-dame","7":"product_cat-kampanje","8":"product_cat-kampanjepris","9":"product_cat-kampanjetilbud-for-henne","10":"product_cat-parfyme-dame","11":"pa_brand-britney-spears","12":"berocket_brand-britney-spears","14":"first","15":"outofstock","16":"sale","17":"taxable","18":"shipping-taxable","19":"purchasable","20":"product-type-simple"},"_links":{"self":[{"href":"https:\/\/stylingagenten.com\/no\/wp-json\/wp\/v2\/product\/375230","targetHints":{"allow":["GET"]}}],"collection":[{"href":"https:\/\/stylingagenten.com\/no\/wp-json\/wp\/v2\/product"}],"about":[{"href":"https:\/\/stylingagenten.com\/no\/wp-json\/wp\/v2\/types\/product"}],"replies":[{"embeddable":true,"href":"https:\/\/stylingagenten.com\/no\/wp-json\/wp\/v2\/comments?post=375230"}],"version-history":[{"count":0,"href":"https:\/\/stylingagenten.com\/no\/wp-json\/wp\/v2\/product\/375230\/revisions"}],"wp:featuredmedia":[{"embeddable":true,"href":"https:\/\/stylingagenten.com\/no\/wp-json\/wp\/v2\/media\/375224"}],"wp:attachment":[{"href":"https:\/\/stylingagenten.com\/no\/wp-json\/wp\/v2\/media?parent=375230"}],"wp:term":[{"taxonomy":"product_brand","embeddable":true,"href":"https:\/\/stylingagenten.com\/no\/wp-json\/wp\/v2\/product_brand?post=375230"},{"taxonomy":"product_cat","embeddable":true,"href":"https:\/\/stylingagenten.com\/no\/wp-json\/wp\/v2\/product_cat?post=375230"},{"taxonomy":"product_tag","embeddable":true,"href":"https:\/\/stylingagenten.com\/no\/wp-json\/wp\/v2\/product_tag?post=375230"},{"taxonomy":"berocket_brand","embeddable":true,"href":"https:\/\/stylingagenten.com\/no\/wp-json\/wp\/v2\/berocket_brand?post=375230"}],"curies":[{"name":"wp","href":"https:\/\/api.w.org\/{rel}","templated":true}]}}