{"id":375212,"date":"2025-05-18T20:53:15","date_gmt":"2025-05-18T20:53:15","guid":{"rendered":"https:\/\/staging2.stylingagenten.com\/no\/produkt\/marc-jacobs-perfect-edt-50ml\/"},"modified":"2026-03-17T14:33:22","modified_gmt":"2026-03-17T14:33:22","slug":"marc-jacobs-perfect-edt-50ml","status":"publish","type":"product","link":"https:\/\/stylingagenten.com\/no\/produkt\/marc-jacobs-perfect-edt-50ml\/","title":{"rendered":"Marc Jacobs Perfect Edt 50ml"},"content":{"rendered":"<p>Marc Jacobs Perfect Edt 50ml<br \/>En floral, feminin og forfriskende versjon av den ikoniske Perfect fra Marc Jacobs. En duft som utstr\u00e5ler selvtillit og oppmuntrer alle til \u00e5 t\u00f8rre \u00e5 v\u00e6re seg selv.<br \/>Marc Jacobs Perfect edt er en frisk og sprudlende duft som er full av liv! En mer intim tolkning av mottoet #PerfectAsIAm.<br \/>Toppnoter: Rosa pepper, Polygonum<br \/>Hjertenoter: Gule blomster, Narcissus<br \/>Basinoter: sedertre<\/p>\n","protected":false},"excerpt":{"rendered":"<p>Marc Jacobs Perfect Edt 50mlEn floral, feminin og forfriskende versjon av den ikoniske Perfect fra Marc Jacobs. En duft som utstr\u00e5ler selvtillit og oppmuntrer alle til \u00e5 t\u00f8rre \u00e5 v\u00e6re seg selv.Marc Jacobs Perfect edt er en frisk og sprudlende duft som er full av liv! En mer intim tolkning av mottoet #PerfectAsIAm.Toppnoter: Rosa pepper, [&hellip;]<\/p>\n","protected":false},"featured_media":375197,"comment_status":"open","ping_status":"closed","template":"","meta":{"_trash_the_other_posts":false},"product_brand":[],"product_cat":[707,735,1006,999,534],"product_tag":[3383],"berocket_brand":[1069],"class_list":{"0":"post-375212","1":"product","2":"type-product","3":"status-publish","4":"has-post-thumbnail","6":"product_cat-eau-de-toilette-dame","7":"product_cat-kampanje","8":"product_cat-kampanjepris","9":"product_cat-kampanjetilbud-for-henne","10":"product_cat-parfyme-dame","11":"product_tag-marc-jacobs-perfect-edt","12":"pa_brand-marc-jacobs","13":"pa_variant-50ml","14":"berocket_brand-marc-jacobs","16":"first","17":"instock","18":"sale","19":"taxable","20":"shipping-taxable","21":"purchasable","22":"product-type-simple"},"_links":{"self":[{"href":"https:\/\/stylingagenten.com\/no\/wp-json\/wp\/v2\/product\/375212","targetHints":{"allow":["GET"]}}],"collection":[{"href":"https:\/\/stylingagenten.com\/no\/wp-json\/wp\/v2\/product"}],"about":[{"href":"https:\/\/stylingagenten.com\/no\/wp-json\/wp\/v2\/types\/product"}],"replies":[{"embeddable":true,"href":"https:\/\/stylingagenten.com\/no\/wp-json\/wp\/v2\/comments?post=375212"}],"version-history":[{"count":0,"href":"https:\/\/stylingagenten.com\/no\/wp-json\/wp\/v2\/product\/375212\/revisions"}],"wp:featuredmedia":[{"embeddable":true,"href":"https:\/\/stylingagenten.com\/no\/wp-json\/wp\/v2\/media\/375197"}],"wp:attachment":[{"href":"https:\/\/stylingagenten.com\/no\/wp-json\/wp\/v2\/media?parent=375212"}],"wp:term":[{"taxonomy":"product_brand","embeddable":true,"href":"https:\/\/stylingagenten.com\/no\/wp-json\/wp\/v2\/product_brand?post=375212"},{"taxonomy":"product_cat","embeddable":true,"href":"https:\/\/stylingagenten.com\/no\/wp-json\/wp\/v2\/product_cat?post=375212"},{"taxonomy":"product_tag","embeddable":true,"href":"https:\/\/stylingagenten.com\/no\/wp-json\/wp\/v2\/product_tag?post=375212"},{"taxonomy":"berocket_brand","embeddable":true,"href":"https:\/\/stylingagenten.com\/no\/wp-json\/wp\/v2\/berocket_brand?post=375212"}],"curies":[{"name":"wp","href":"https:\/\/api.w.org\/{rel}","templated":true}]}}